{"id":33007,"date":"2025-11-06T14:04:48","date_gmt":"2025-11-06T13:04:48","guid":{"rendered":"https:\/\/smania.store\/lt\/prekes\/montekiddo-medinis-staliukas-ir-kedute-mazyliams\/"},"modified":"2025-11-25T11:07:32","modified_gmt":"2025-11-25T10:07:32","slug":"montekiddo-medinis-staliukas-ir-kedute-mazyliams","status":"publish","type":"product","link":"https:\/\/smania.store\/lt\/prekes\/montekiddo-medinis-staliukas-ir-kedute-mazyliams\/","title":{"rendered":"MonteKiddo\u2122 medinis staliukas ir k\u0117dut\u0117 ma\u017eyliams"},"content":{"rendered":"<div class=\"smania_landing_description_title\">NAUJIENA! 3-in-1 vaik\u0173 bald\u0173 komplektas<\/div>\n<div class=\"smania_landing_description_txt\">Sukurta ma\u017eoms rankoms, didel\u0117ms svajon\u0117ms!<\/div>\n<div class=\"smania_landing_description_subtitle\"> Suteikite vaikui puiki\u0105 viet\u0105 s\u0117d\u0117ti, \u017eaisti, pie\u0161ti ir augti. &#8222;MonteKiddo\u2122&#8221; medinis stalo komplektas sukurtas smalsiems ma\u017eyliams ir pritaikytas tobul\u0117ti kartu su kiekvienu j\u0173 gyvenimo etapu &#8211; nuo nedr\u0105si\u0173 pirm\u0173j\u0173 \u017eingsni\u0173 iki pasitik\u0117jimo savimi ir k\u016brybi\u0161kumo. Komplekte yra nedideli d\u0117klai, puikiai tinkantys pie\u0161tukams, kreidel\u0117ms ir kitiems ma\u017eiems lobiams laikyti.<\/div>\n<div class=\"smania_landing_description_list\">\n<ul>\n<li>Transformuojasi \u012f k\u0117d\u0119, stal\u0105, taburet\u0119 ir kt<\/li>\n<li>Skatina savaranki\u0161kum\u0105 ir mokym\u0105si<\/li>\n<li>Komplekte yra mini d\u0117klai kreidel\u0117ms, pie\u0161tukams ir smulkiems daiktams<\/li>\n<li>Auga kartu su vaiku (nuo 9 m\u0117nesi\u0173 iki 6 met\u0173)<\/li>\n<li>Saugus, patvarus ir \u012fkv\u0117ptas Montessori<\/li>\n<li>Paprastas surinkimas, nereikia joki\u0173 \u012franki\u0173<\/li>\n<\/ul><\/div>\n","protected":false},"excerpt":{"rendered":"<p>Lengvai pasukamas ir apver\u010diamas dizainas|Puikiai tinka ma\u017eoms erdv\u0117ms|Suteikia stili\u0173 vaiko kambariui|Skatina savaranki\u0161k\u0105 \u017eaidim\u0105|Lentel\u0117: 36 \u00d7 33 \u00d7 38 cm|K\u0117d\u0117: 30 \u00d7 28 \u00d7 31 cm|Med\u017eiaga: mediena: 100 % nat\u016bralaus kau\u010diuko mediena|Rekomenduojamas am\u017eius: nuo 9 m\u0117nesi\u0173 iki 6 met\u0173<\/p>\n","protected":false},"featured_media":32997,"template":"","meta":[],"product_cat":[1595],"product_tag":[1621],"acf":[],"_links":{"self":[{"href":"https:\/\/smania.store\/lt\/wp-json\/wp\/v2\/product\/33007"}],"collection":[{"href":"https:\/\/smania.store\/lt\/wp-json\/wp\/v2\/product"}],"about":[{"href":"https:\/\/smania.store\/lt\/wp-json\/wp\/v2\/types\/product"}],"wp:featuredmedia":[{"embeddable":true,"href":"https:\/\/smania.store\/lt\/wp-json\/wp\/v2\/media\/32997"}],"wp:attachment":[{"href":"https:\/\/smania.store\/lt\/wp-json\/wp\/v2\/media?parent=33007"}],"wp:term":[{"taxonomy":"product_cat","embeddable":true,"href":"https:\/\/smania.store\/lt\/wp-json\/wp\/v2\/product_cat?post=33007"},{"taxonomy":"product_tag","embeddable":true,"href":"https:\/\/smania.store\/lt\/wp-json\/wp\/v2\/product_tag?post=33007"}],"curies":[{"name":"wp","href":"https:\/\/api.w.org\/{rel}","templated":true}]}}