{"id":32979,"date":"2025-11-06T07:28:50","date_gmt":"2025-11-06T06:28:50","guid":{"rendered":"https:\/\/smania.store\/lt\/prekes\/merrypine-sulankstoma-dekoruota-kaledu-eglute\/"},"modified":"2026-02-17T11:18:57","modified_gmt":"2026-02-17T10:18:57","slug":"merrypine-sulankstoma-dekoruota-kaledu-eglute","status":"publish","type":"product","link":"https:\/\/smania.store\/lt\/prekes\/merrypine-sulankstoma-dekoruota-kaledu-eglute\/","title":{"rendered":"MerryPine\u2122 sulankstoma dekoruota Kal\u0117d\u0173 eglut\u0117"},"content":{"rendered":"<div class=\"smania_landing_description_title\">NAUJIENA! Momentin\u0117 atostog\u0173 magija per kelias minutes<\/div>\n<div class=\"smania_landing_description_txt\">Kal\u0117d\u0173 magija per minut\u0119 &#8211; jokio vargo, tik d\u017eiaugsmas<\/div>\n<div class=\"smania_landing_description_subtitle\">M\u0117gaukit\u0117s gra\u017eiai papuo\u0161ta eglute n\u0117 pir\u0161to nepajudindami. MerryPine\u2122 sulankstoma per kelias sekundes, su gra\u017eiais ornamentais, kaspinais, lankeliais, lapais, puansetijomis ir LED lemput\u0117mis, tod\u0117l \u0161vent\u0117s puo\u0161iamos be vargo ir be streso.<\/div>\n<div class=\"smania_landing_description_list\">\n<ul>\n<li>Greita i\u0161\u0161okanti konstrukcija &#8211; surenkama grei\u010diau nei per minut\u0119<\/li>\n<li>Nuotoliniu b\u016bdu valdomi LED \u017eibintai &#8211; nereikia lankstytis ar siekti<\/li>\n<li>I\u0161 anksto dekoruoti ornamentais, kaspinais ir lankeliais &#8211; sutaupysite laiko dekoravimui<\/li>\n<li>Patvarus, bekvapis PVC &#8211; saugus vaikams ir naminiams gyv\u016bnams<\/li>\n<li>Puikiai tinka naudoti viduje ir lauke &#8211; svetain\u0117je, verandoje, biure ar terasoje<\/li>\n<li>Idealiai tinka senjorams &#8211; nereikia sud\u0117tingo surinkimo<\/li>\n<\/ul><\/div>\n","protected":false},"excerpt":{"rendered":"<p>Greita s\u0105ranka|Nuotolinis valdymas|I\u0161 anksto dekoruotas|Patvarus ir saugus|Spalvos: raudona\/auksin\u0117, sidabrin\u0117|Auk\u0161tis: 180 cm|LED \u017eibintai: \u0161iltai balti|Med\u017eiaga: PVC, netoksi\u0161ka ir ilgaam\u017e\u0117<\/p>\n","protected":false},"featured_media":32984,"template":"","meta":[],"product_cat":[1594,1600],"product_tag":[1612,1973],"acf":[],"_links":{"self":[{"href":"https:\/\/smania.store\/lt\/wp-json\/wp\/v2\/product\/32979"}],"collection":[{"href":"https:\/\/smania.store\/lt\/wp-json\/wp\/v2\/product"}],"about":[{"href":"https:\/\/smania.store\/lt\/wp-json\/wp\/v2\/types\/product"}],"wp:featuredmedia":[{"embeddable":true,"href":"https:\/\/smania.store\/lt\/wp-json\/wp\/v2\/media\/32984"}],"wp:attachment":[{"href":"https:\/\/smania.store\/lt\/wp-json\/wp\/v2\/media?parent=32979"}],"wp:term":[{"taxonomy":"product_cat","embeddable":true,"href":"https:\/\/smania.store\/lt\/wp-json\/wp\/v2\/product_cat?post=32979"},{"taxonomy":"product_tag","embeddable":true,"href":"https:\/\/smania.store\/lt\/wp-json\/wp\/v2\/product_tag?post=32979"}],"curies":[{"name":"wp","href":"https:\/\/api.w.org\/{rel}","templated":true}]}}