{"id":32898,"date":"2025-10-28T12:02:17","date_gmt":"2025-10-28T11:02:17","guid":{"rendered":"https:\/\/smania.store\/lt\/prekes\/foldtub-sulankstoma-nesiojama-izoliuota-vonia\/"},"modified":"2025-11-19T21:20:06","modified_gmt":"2025-11-19T20:20:06","slug":"foldtub-sulankstoma-nesiojama-izoliuota-vonia","status":"publish","type":"product","link":"https:\/\/smania.store\/lt\/prekes\/foldtub-sulankstoma-nesiojama-izoliuota-vonia\/","title":{"rendered":"FoldTub\u2122 sulankstoma ne\u0161iojama izoliuota vonia"},"content":{"rendered":"<div class=\"smania_landing_description_title\">NAUJIENA: lengvai pakeiskite vonios laik\u0105<\/div>\n<div class=\"smania_landing_description_txt\">Pagerinkite maudymosi patirt\u012f per kelias sekundes!<\/div>\n<div class=\"smania_landing_description_subtitle\">Atnaujinkite savo poilsio \u017eaidim\u0105 su FoldTub\u2122! Jokio surinkimo, paskendusio sud\u0117tingose instrukcijose &#8211; sulankstykite j\u0105 vos per kelias sekundes ir pasinerkite \u012f komforto pasaul\u012f.<\/div>\n<div class=\"smania_landing_description_list\">\n<ul>\n<li>Nesud\u0117tingas montavimas per ma\u017eiau nei 5 sekundes<\/li>\n<li>Erdv\u0119 taupanti sulankstoma konstrukcija<\/li>\n<li>Temperat\u016br\u0105 i\u0161laiko iki 2 valand\u0173<\/li>\n<li>Auk\u0161\u010diausios kokyb\u0117s med\u017eiagos u\u017etikrina ilgalaik\u012f patvarum\u0105<\/li>\n<li>Ekologi\u0161ka, \u0161ilum\u0105 i\u0161sauganti perlamutrin\u0117 medviln\u0117<\/li>\n<li>Universalus: mirkymas, ledin\u0117 vonia, vaik\u0173 baseinas<\/li>\n<\/ul><\/div>\n","protected":false},"excerpt":{"rendered":"<p>Greitas ir paprastas nustatymas|Efektyvi dviguba drena\u017eo sistema|I\u0161laiko temperat\u016br\u0105 iki 2 valand\u0173|Idealiai tinka atsipalaidavimui ir \u0161al\u010dio terapijai|Puikiai tinka naudoti patalpose ir lauke|Spalva: \u017dvaig\u017ed\u0117ta m\u0117lyna|Med\u017eiaga: Perlamutrin\u0117 medviln\u0117 + PVC|I\u0161matavimai: 70 x 65 cm|Svoris: 3,1 kg|Montavimo b\u016bdas: laisvai pastatomas<\/p>\n","protected":false},"featured_media":32885,"template":"","meta":[],"product_cat":[1594,1600],"product_tag":[1688,1657],"acf":[],"_links":{"self":[{"href":"https:\/\/smania.store\/lt\/wp-json\/wp\/v2\/product\/32898"}],"collection":[{"href":"https:\/\/smania.store\/lt\/wp-json\/wp\/v2\/product"}],"about":[{"href":"https:\/\/smania.store\/lt\/wp-json\/wp\/v2\/types\/product"}],"wp:featuredmedia":[{"embeddable":true,"href":"https:\/\/smania.store\/lt\/wp-json\/wp\/v2\/media\/32885"}],"wp:attachment":[{"href":"https:\/\/smania.store\/lt\/wp-json\/wp\/v2\/media?parent=32898"}],"wp:term":[{"taxonomy":"product_cat","embeddable":true,"href":"https:\/\/smania.store\/lt\/wp-json\/wp\/v2\/product_cat?post=32898"},{"taxonomy":"product_tag","embeddable":true,"href":"https:\/\/smania.store\/lt\/wp-json\/wp\/v2\/product_tag?post=32898"}],"curies":[{"name":"wp","href":"https:\/\/api.w.org\/{rel}","templated":true}]}}