{"id":32765,"date":"2025-10-21T11:58:17","date_gmt":"2025-10-21T09:58:17","guid":{"rendered":"https:\/\/smania.store\/lt\/prekes\/pawfort-daugkartinio-naudojimo-deze-sunims\/"},"modified":"2025-10-21T11:58:17","modified_gmt":"2025-10-21T09:58:17","slug":"pawfort-daugkartinio-naudojimo-deze-sunims","status":"publish","type":"product","link":"https:\/\/smania.store\/lt\/prekes\/pawfort-daugkartinio-naudojimo-deze-sunims\/","title":{"rendered":"PawFort\u2122 daugkartinio naudojimo d\u0117\u017e\u0117 \u0161unims"},"content":{"rendered":"<div class=\"smania_landing_description_title\">NAUJIENA: saugi erdv\u0117 j\u016bs\u0173 augintiniui<\/div>\n<div class=\"smania_landing_description_txt\">Tai ne tik d\u0117\u017e\u0117 &#8211; tai j\u0173 saugi vieta<\/div>\n<div class=\"smania_landing_description_subtitle\">PawFort\u2122 sukurta patogiai ir lanks\u010diai &#8211; ji tinka kaip narvas, \u017eaidim\u0173 d\u0117\u017e\u0117 ar saugus prieglobstis namuose ir kelion\u0117se. Nesvarbu, ar tai b\u016bt\u0173 miegas, kelion\u0117, ar ramus laikas, jis prisitaiko prie j\u016bs\u0173 \u0161uns gyvenimo, o ne atvirk\u0161\u010diai.<\/div>\n<div class=\"smania_landing_description_list\">\n<ul>\n<li>Patogi ir saugi erdv\u0117 vis\u0173 dyd\u017ei\u0173 \u0161unims<\/li>\n<li>naudojimas &#8222;3 viename&#8221;: d\u0117\u017e\u0117, \u017eaidim\u0173 aik\u0161tel\u0117 arba atvira erdv\u0117<\/li>\n<li>Modulin\u0117s plok\u0161t\u0117s leid\u017eia pritaikyti form\u0105 ir dyd\u012f<\/li>\n<li>Reguliuojama dureli\u0173 pad\u0117tis ir nuimamas vir\u0161utinis dangtis<\/li>\n<li>Patvari plienin\u0117 konstrukcija, kuri\u0105 vis dar lengva perkelti<\/li>\n<li>\u0160varus dizainas, kuris lengvai sulankstomas ir sand\u0117liuojamas<\/li>\n<\/ul><\/div>\n","protected":false},"excerpt":{"rendered":"<p>Tinka \u0161unims, triu\u0161iams ir ma\u017eiems naminiams gyv\u016bnams|Vir\u0161utinis dangtelis lengvai nuimamas|Dureli\u0173 pad\u0117t\u012f galima reguliuoti nustatant|Greitas surinkimas naudojant paprastus \u012frankius|Spalva: juoda|Dydis: 140 \u00d7 70 \u00d7 80 cm|Med\u017eiaga: milteliniu b\u016bdu dengtas plienas|Lengvas ir lengvai perkeliamas<\/p>\n","protected":false},"featured_media":32756,"template":"","meta":[],"product_cat":[1597,1594],"product_tag":[1688],"acf":[],"_links":{"self":[{"href":"https:\/\/smania.store\/lt\/wp-json\/wp\/v2\/product\/32765"}],"collection":[{"href":"https:\/\/smania.store\/lt\/wp-json\/wp\/v2\/product"}],"about":[{"href":"https:\/\/smania.store\/lt\/wp-json\/wp\/v2\/types\/product"}],"wp:featuredmedia":[{"embeddable":true,"href":"https:\/\/smania.store\/lt\/wp-json\/wp\/v2\/media\/32756"}],"wp:attachment":[{"href":"https:\/\/smania.store\/lt\/wp-json\/wp\/v2\/media?parent=32765"}],"wp:term":[{"taxonomy":"product_cat","embeddable":true,"href":"https:\/\/smania.store\/lt\/wp-json\/wp\/v2\/product_cat?post=32765"},{"taxonomy":"product_tag","embeddable":true,"href":"https:\/\/smania.store\/lt\/wp-json\/wp\/v2\/product_tag?post=32765"}],"curies":[{"name":"wp","href":"https:\/\/api.w.org\/{rel}","templated":true}]}}