{"id":32755,"date":"2025-10-21T08:57:22","date_gmt":"2025-10-21T06:57:22","guid":{"rendered":"https:\/\/smania.store\/lt\/prekes\/foamclear-putu-valiklis\/"},"modified":"2026-04-27T09:54:01","modified_gmt":"2026-04-27T07:54:01","slug":"foamclear-putu-valiklis","status":"publish","type":"product","link":"https:\/\/smania.store\/lt\/prekes\/foamclear-putu-valiklis\/","title":{"rendered":"FoamClear put\u0173 valiklis"},"content":{"rendered":"<div class=\"smania_landing_description_title\">NAUJIENA! Magi\u0161kas automobilio ir nam\u0173 valiklis<\/div>\n<div class=\"smania_landing_description_txt\">U\u017epurk\u0161kite, nuvalykite ir ne\u0161varum\u0173 nebeliks!<\/div>\n<div class=\"smania_landing_description_subtitle\">FoamClear &#8211; tai galingos universalios valymo putos, skirtos greitai ir be vargo valyti bet kur &#8211; namuose, automobilyje ar biure. Ji veiksmingai pa\u0161alina riebalus, purv\u0105 ir \u012fsisen\u0117jusias d\u0117mes, o kartu gaivina ir apsaugo pavir\u0161ius.<\/div>\n<div class=\"smania_landing_description_list\">\n<ul>\n<li>Daugiafunkcin\u0117 galia: Plastiko, odos, vinilo, gumos, audinio, apmu\u0161al\u0173, virtuv\u0117s stalvir\u0161i\u0173, vonios kambario plyteli\u0173 ir kit\u0173 pavir\u0161i\u0173 valymui.<\/li>\n<li>Giluminio valymo formul\u0117: Giliai \u012fsiskverbia \u012f vid\u0173, kad pa\u0161alint\u0173 riebalus, aliej\u0173 ir sunkias d\u0117mes ir u\u017etikrint\u0173 visi\u0161k\u0105 bei ilgalaik\u012f valym\u0105.<\/li>\n<li>Saugus ir \u0161velnus: Neabrazyvinis ir saugus rankoms &#8211; sunkiai pa\u0161alina ne\u0161varumus, bet tausoja j\u016bs\u0173 od\u0105 ir pavir\u0161ius.<\/li>\n<li>Lengva naudoti: tiesiog purk\u0161kite, nu\u0161luostykite kempine ar \u0161luoste ir m\u0117gaukit\u0117s \u0161vie\u017eiu, \u0161variu pavir\u0161iumi &#8211; nereikia plauti.<\/li>\n<li>Ilgalaik\u0117 apsauga: Sudaro apsaugin\u012f sluoksn\u012f, kuris yra atsparus dulki\u0173 kaupimuisi ir UV spinduliams, tod\u0117l pavir\u0161iai ilgiau atrodo kaip nauji.<\/li>\n<\/ul><\/div>\n","protected":false},"excerpt":{"rendered":"<p>Efektyvus valymas namuose ar automobilyje.|Padeda i\u0161vengti \u012fvairi\u0173 med\u017eiag\u0173 blukimo, \u012ftr\u016bkim\u0173 ir sen\u0117jimo.|Nepriekai\u0161tingai \u0161varus per kelias sekundes &#8211; tiesiog purk\u0161kite ir nuvalykite!|\u012e komplekt\u0105 \u012feina \u012fmontuotas \u0161epet\u0117lis \u012fsisen\u0117jusiems ne\u0161varumams ir dulk\u0117ms pa\u0161alinti.|Tinka: plastikui, odai, vinilui, gumai, audiniui, kilimams, virtuv\u0117s prietaisams, vonios kambario \u012frangai ir kt|T\u016bris: 650 ml|Galiojimo laikas: 3 metai|\u012emontuota apsauga nuo UV spinduli\u0173<\/p>\n","protected":false},"featured_media":32733,"template":"","meta":[],"product_cat":[1596,2167,1602],"product_tag":[1703,2169],"acf":[],"_links":{"self":[{"href":"https:\/\/smania.store\/lt\/wp-json\/wp\/v2\/product\/32755"}],"collection":[{"href":"https:\/\/smania.store\/lt\/wp-json\/wp\/v2\/product"}],"about":[{"href":"https:\/\/smania.store\/lt\/wp-json\/wp\/v2\/types\/product"}],"wp:featuredmedia":[{"embeddable":true,"href":"https:\/\/smania.store\/lt\/wp-json\/wp\/v2\/media\/32733"}],"wp:attachment":[{"href":"https:\/\/smania.store\/lt\/wp-json\/wp\/v2\/media?parent=32755"}],"wp:term":[{"taxonomy":"product_cat","embeddable":true,"href":"https:\/\/smania.store\/lt\/wp-json\/wp\/v2\/product_cat?post=32755"},{"taxonomy":"product_tag","embeddable":true,"href":"https:\/\/smania.store\/lt\/wp-json\/wp\/v2\/product_tag?post=32755"}],"curies":[{"name":"wp","href":"https:\/\/api.w.org\/{rel}","templated":true}]}}