{"id":32732,"date":"2025-10-21T07:42:43","date_gmt":"2025-10-21T05:42:43","guid":{"rendered":"https:\/\/smania.store\/lt\/prekes\/nutcracker-2-viename-kastonu-ir-graikiniu-riesutu-atidarytuvas\/"},"modified":"2025-11-19T21:20:06","modified_gmt":"2025-11-19T20:20:06","slug":"nutcracker-2-viename-kastonu-ir-graikiniu-riesutu-atidarytuvas","status":"publish","type":"product","link":"https:\/\/smania.store\/lt\/prekes\/nutcracker-2-viename-kastonu-ir-graikiniu-riesutu-atidarytuvas\/","title":{"rendered":"NutCracker\u2122 2 viename ka\u0161ton\u0173 ir graikini\u0173 rie\u0161ut\u0173 atidarytuvas"},"content":{"rendered":"<div class=\"smania_landing_description_title\">NAUJIENA: \u012frankis, kuriuo be vargo sulau\u017eysite rie\u0161utus<\/div>\n<div class=\"smania_landing_description_txt\">Lengvas \u012ftr\u016bkimas per kelias sekundes!<\/div>\n<div class=\"smania_landing_description_subtitle\">Pristatome &#8222;NutCracker\u2122&#8221; &#8211; geriausi\u0105 rie\u0161ut\u0173 spaustuv\u0105, kurio taip ilgai lauk\u0117te! Per kelias sekundes atsisveikinkite su u\u017esispyrusiomis kevalais ir pasveikinkite su skaniais rie\u0161utais.<\/div>\n<div class=\"smania_landing_description_list\">\n<ul>\n<li>Smail\u0117janti forma tinka visoms ver\u017el\u0117ms<\/li>\n<li>Auk\u0161tos kokyb\u0117s ner\u016bdijan\u010dio plieno konstrukcija<\/li>\n<li>Ergonomi\u0161ka spyruoklin\u0117 konstrukcija<\/li>\n<li>Neslystanti rankena u\u017etikrina saug\u0173 su\u0117mim\u0105<\/li>\n<li>Svirtin\u0117 konstrukcija taupo j\u0117gas<\/li>\n<\/ul><\/div>\n","protected":false},"excerpt":{"rendered":"<p>Vientisas vientisas dizainas|Atsparus r\u016bdims ir korozijai|Puikiai tinka visoms ver\u017el\u0117ms|Greitas ir lengvas nulau\u017eimas|Spalva: sidabrin\u0117|Svoris: 200 g|Ilgis: 21 cm|Med\u017eiaga: ner\u016bdijantis plienas<\/p>\n","protected":false},"featured_media":32720,"template":"","meta":[],"product_cat":[1602],"product_tag":[1654],"acf":[],"_links":{"self":[{"href":"https:\/\/smania.store\/lt\/wp-json\/wp\/v2\/product\/32732"}],"collection":[{"href":"https:\/\/smania.store\/lt\/wp-json\/wp\/v2\/product"}],"about":[{"href":"https:\/\/smania.store\/lt\/wp-json\/wp\/v2\/types\/product"}],"wp:featuredmedia":[{"embeddable":true,"href":"https:\/\/smania.store\/lt\/wp-json\/wp\/v2\/media\/32720"}],"wp:attachment":[{"href":"https:\/\/smania.store\/lt\/wp-json\/wp\/v2\/media?parent=32732"}],"wp:term":[{"taxonomy":"product_cat","embeddable":true,"href":"https:\/\/smania.store\/lt\/wp-json\/wp\/v2\/product_cat?post=32732"},{"taxonomy":"product_tag","embeddable":true,"href":"https:\/\/smania.store\/lt\/wp-json\/wp\/v2\/product_tag?post=32732"}],"curies":[{"name":"wp","href":"https:\/\/api.w.org\/{rel}","templated":true}]}}