{"id":32702,"date":"2025-10-20T08:48:41","date_gmt":"2025-10-20T06:48:41","guid":{"rendered":"https:\/\/smania.store\/lt\/prekes\/vilnos-antklode-su-rankovemis-snughug-2\/"},"modified":"2025-10-20T08:49:19","modified_gmt":"2025-10-20T06:49:19","slug":"vilnos-antklode-su-rankovemis-snughug-2","status":"publish","type":"product","link":"https:\/\/smania.store\/lt\/prekes\/vilnos-antklode-su-rankovemis-snughug-2\/","title":{"rendered":"Vilnos antklod\u0117 su rankov\u0117mis SnugHug"},"content":{"rendered":"<div class=\"smania_landing_description_title\">Nauja internetin\u0117s parduotuv\u0117s atrakcija! Vilnos antklod\u0117 su rankov\u0117mis SnugHug<\/div>\n<div class=\"smania_landing_description_txt\">M\u0117gaukit\u0117s \u0161iltu SnugHug antklod\u0117s su rankov\u0117mis apkabinimu!<\/div>\n<div class=\"smania_landing_description_subtitle\">U\u017esivilkite \u0161ilt\u0105 SnugHug antklod\u0119 ir m\u0117gaukit\u0117s ja net \u0161al\u010diausiomis dienomis. Auk\u0161tos kokyb\u0117s produkcija kartu su patraukliu dizainu u\u017etikrins j\u016bs\u0173 komfort\u0105 tiek namuose, tiek \u0161altomis naktimis po \u017evaig\u017ed\u0117mis.<\/div>\n<div class=\"smania_landing_description_list\">\n<ul>\n<li>Pagaminta i\u0161 \u0161iltos, auk\u0161tos kokyb\u0117s vilnos<\/li>\n<li>Mink\u0161ta ir patogi<\/li>\n<li>Si\u016blomas gobtuvas ir rankov\u0117s, apsaugan\u010dios nuo \u0161al\u010dio<\/li>\n<li>\u012evairios spalv\u0173 parinktys<\/li>\n<li>Galima naudoti tiek viduje, tiek lauke<\/li>\n<\/ul><\/div>\n","protected":false},"excerpt":{"rendered":"<p>Puikus dizainas|Ne\u012ftik\u0117tinai \u0161ilta|Kokybi\u0161kas gaminimas|Tam tikri variantai \u0161vie\u010dia tamsoje|Med\u017eiaga: 100 % poliesterio pluo\u0161tas|Ne\u012ftik\u0117tinas komfortas|Vienas dydis tinka visiems|Tobula \u017eiemos dovana<\/p>\n","protected":false},"featured_media":32691,"template":"","meta":[],"product_cat":[1963,1600],"product_tag":[1666],"acf":[],"_links":{"self":[{"href":"https:\/\/smania.store\/lt\/wp-json\/wp\/v2\/product\/32702"}],"collection":[{"href":"https:\/\/smania.store\/lt\/wp-json\/wp\/v2\/product"}],"about":[{"href":"https:\/\/smania.store\/lt\/wp-json\/wp\/v2\/types\/product"}],"wp:featuredmedia":[{"embeddable":true,"href":"https:\/\/smania.store\/lt\/wp-json\/wp\/v2\/media\/32691"}],"wp:attachment":[{"href":"https:\/\/smania.store\/lt\/wp-json\/wp\/v2\/media?parent=32702"}],"wp:term":[{"taxonomy":"product_cat","embeddable":true,"href":"https:\/\/smania.store\/lt\/wp-json\/wp\/v2\/product_cat?post=32702"},{"taxonomy":"product_tag","embeddable":true,"href":"https:\/\/smania.store\/lt\/wp-json\/wp\/v2\/product_tag?post=32702"}],"curies":[{"name":"wp","href":"https:\/\/api.w.org\/{rel}","templated":true}]}}