{"id":32638,"date":"2025-10-13T04:33:24","date_gmt":"2025-10-13T02:33:24","guid":{"rendered":"https:\/\/smania.store\/lt\/prekes\/steplad-reguliuojama-kopeciu-platforma\/"},"modified":"2026-03-20T09:34:21","modified_gmt":"2026-03-20T08:34:21","slug":"steplad-reguliuojama-kopeciu-platforma","status":"publish","type":"product","link":"https:\/\/smania.store\/lt\/prekes\/steplad-reguliuojama-kopeciu-platforma\/","title":{"rendered":"StepLad\u2122 reguliuojama kop\u0117\u010di\u0173 platforma"},"content":{"rendered":"<div class=\"smania_landing_description_title\">NAUJIENA, padidinkite savo saugum\u0105<\/div>\n<div class=\"smania_landing_description_txt\">Saugus ir patikimas \u017eingsnis kiekvienam darbui!<\/div>\n<div class=\"smania_landing_description_subtitle\">Susipa\u017einkite su &#8222;StepLad\u2122&#8221; &#8211; geriausiu j\u016bs\u0173 kop\u0117\u010di\u0173 palydovu, kuris i\u0161 esm\u0117s pakeis j\u016bs\u0173 darbo patirt\u012f. Jauskit\u0117s saug\u016bs d\u0117l tvirtos 170 kg svorio talpos ir erdvaus pavir\u0161iaus. Saugiai stov\u0117kite, balansuokite ir \u012fveikite u\u017eduotis grei\u010diau ir efektyviau nei bet kada anks\u010diau!<\/div>\n<div class=\"smania_landing_description_list\">\n<ul>\n<li>Tvirtas stabilumas i\u0161laiko iki 170 kg svor\u012f<\/li>\n<li>Lengvai pasieksite \u012frankius ir med\u017eiagas<\/li>\n<li>Ne\u0161iojama ir lengva konstrukcija<\/li>\n<li>Atlikite u\u017eduotis dvigubai grei\u010diau<\/li>\n<li>Idealiai tinka da\u017eymui, techninei prie\u017ei\u016brai ir kt<\/li>\n<\/ul><\/div>\n","protected":false},"excerpt":{"rendered":"<p>Didesnis saugumas visuose auk\u0161\u010diuose|Puikiai tinka &#8222;pasidaryk pats&#8221; entuziastams|Padeda atlikti sunkias u\u017eduotis|Lengva pritvirtinti ir nuimti|Tinka bet kokioms kop\u0117\u010dioms|Med\u017eiaga: Gele\u017eis|Did\u017eiausia talpa: 170 kg|Elemento svoris: 2 kg|Matmenys: 48 x 31 x 13 cm|Ypatinga savyb\u0117: Papildomas laiptelis, sulankstomas<\/p>\n","protected":false},"featured_media":32627,"template":"","meta":[],"product_cat":[1603,1594],"product_tag":[1782],"acf":[],"_links":{"self":[{"href":"https:\/\/smania.store\/lt\/wp-json\/wp\/v2\/product\/32638"}],"collection":[{"href":"https:\/\/smania.store\/lt\/wp-json\/wp\/v2\/product"}],"about":[{"href":"https:\/\/smania.store\/lt\/wp-json\/wp\/v2\/types\/product"}],"wp:featuredmedia":[{"embeddable":true,"href":"https:\/\/smania.store\/lt\/wp-json\/wp\/v2\/media\/32627"}],"wp:attachment":[{"href":"https:\/\/smania.store\/lt\/wp-json\/wp\/v2\/media?parent=32638"}],"wp:term":[{"taxonomy":"product_cat","embeddable":true,"href":"https:\/\/smania.store\/lt\/wp-json\/wp\/v2\/product_cat?post=32638"},{"taxonomy":"product_tag","embeddable":true,"href":"https:\/\/smania.store\/lt\/wp-json\/wp\/v2\/product_tag?post=32638"}],"curies":[{"name":"wp","href":"https:\/\/api.w.org\/{rel}","templated":true}]}}