{"id":32603,"date":"2025-10-09T13:29:00","date_gmt":"2025-10-09T11:29:00","guid":{"rendered":"https:\/\/smania.store\/lt\/prekes\/lovescent-feromonu-kvepalai\/"},"modified":"2025-10-09T13:29:00","modified_gmt":"2025-10-09T11:29:00","slug":"lovescent-feromonu-kvepalai","status":"publish","type":"product","link":"https:\/\/smania.store\/lt\/prekes\/lovescent-feromonu-kvepalai\/","title":{"rendered":"LoveScent \u2013 Feromon\u0173 kvepalai"},"content":{"rendered":"<div class=\"smania_landing_description_title\">NAUJIENA: akimirksniu padidina j\u016bs\u0173 magnetizm\u0105<\/div>\n<div class=\"smania_landing_description_txt\">Su\u017eav\u0117kite be pastang\u0173 vos vienu pur\u0161kimu<\/div>\n<div class=\"smania_landing_description_subtitle\">Atskleiskite nenugalimo \u017eavesio paslapt\u012f su m\u016bs\u0173 revoliuciniais kvepalais &#8222;LoveScent&#8221;. Specialiai sukurtas j\u016bs\u0173 nat\u016braliai charizmai sustiprinti, \u0161is feromonais varomas aromatas privers jus susi\u017eav\u0117ti ir trok\u0161ti visur, kur tik eisite. Ar esate pasiruo\u0161\u0119s per\u017eengti \u012fprastumo ribas ir palikti nei\u0161dildom\u0105 \u012fsp\u016bd\u012f? Pajuskite &#8222;LoveScent&#8221; kvapo magnetin\u0119 trauk\u0105 jau \u0161iandien!<\/div>\n<div class=\"smania_landing_description_list\">\n<ul>\n<li>Lengvai padidina j\u016bs\u0173 patrauklum\u0105<\/li>\n<li>Akimirksniu padidina pasitik\u0117jim\u0105 savimi<\/li>\n<li>Praturtintas feromonais, kad poveikis b\u016bt\u0173 ilgalaikis<\/li>\n<li>Puikiai tinka bet kokiai socialinei progai<\/li>\n<li>Ilgai i\u0161liekantis viliojantis apkabinimas<\/li>\n<li>Nat\u016braliai palengvina bendravim\u0105<\/li>\n<\/ul><\/div>\n","protected":false},"excerpt":{"rendered":"<p>Pagerinkite savo pa\u017ein\u010di\u0173 \u017eaidim\u0105|Vis\u0105 dien\u0105 jauskit\u0117s nenugalimi|Pa\u017eadinkite smalsum\u0105 ir susidom\u0117jim\u0105|Pasitik\u0117jimas savimi, kuris i\u0161liks su jumis|\u017dalio vyri\u0161kumo esm\u0117|I\u0161siskirkite bet kurioje minioje|I\u0161laisvinkite paslapting\u0105 jausmingum\u0105|T\u016bris: 150 ml<\/p>\n","protected":false},"featured_media":32591,"template":"","meta":[],"product_cat":[1598],"product_tag":[2173,1644],"acf":[],"_links":{"self":[{"href":"https:\/\/smania.store\/lt\/wp-json\/wp\/v2\/product\/32603"}],"collection":[{"href":"https:\/\/smania.store\/lt\/wp-json\/wp\/v2\/product"}],"about":[{"href":"https:\/\/smania.store\/lt\/wp-json\/wp\/v2\/types\/product"}],"wp:featuredmedia":[{"embeddable":true,"href":"https:\/\/smania.store\/lt\/wp-json\/wp\/v2\/media\/32591"}],"wp:attachment":[{"href":"https:\/\/smania.store\/lt\/wp-json\/wp\/v2\/media?parent=32603"}],"wp:term":[{"taxonomy":"product_cat","embeddable":true,"href":"https:\/\/smania.store\/lt\/wp-json\/wp\/v2\/product_cat?post=32603"},{"taxonomy":"product_tag","embeddable":true,"href":"https:\/\/smania.store\/lt\/wp-json\/wp\/v2\/product_tag?post=32603"}],"curies":[{"name":"wp","href":"https:\/\/api.w.org\/{rel}","templated":true}]}}