{"id":32546,"date":"2025-10-01T15:01:20","date_gmt":"2025-10-01T13:01:20","guid":{"rendered":"https:\/\/smania.store\/lt\/prekes\/pattyslumber-raminantis-pliusinis-zaislas-kudikiams\/"},"modified":"2025-10-01T15:01:20","modified_gmt":"2025-10-01T13:01:20","slug":"pattyslumber-raminantis-pliusinis-zaislas-kudikiams","status":"publish","type":"product","link":"https:\/\/smania.store\/lt\/prekes\/pattyslumber-raminantis-pliusinis-zaislas-kudikiams\/","title":{"rendered":"PattySlumber\u2122 raminantis pliu\u0161inis \u017eaislas k\u016bdikiams"},"content":{"rendered":"<div class=\"smania_landing_description_title\">NAUJIENA: ramus k\u016bdikio miegas<\/div>\n<div class=\"smania_landing_description_txt\">Raminantis prisilietimas, kuris niekada nepavargsta<\/div>\n<div class=\"smania_landing_description_subtitle\"> \u0160is pliu\u0161inis me\u0161kiukas \u0161velniais ritmingais judesiais guod\u017eia j\u016bs\u0173 ma\u017eyl\u012f kaip j\u016bs\u0173 ranka, tod\u0117l abu galite ramiai ils\u0117tis<\/div>\n<div class=\"smania_landing_description_list\">\n<ul>\n<li>Imituoja \u0161veln\u0173 t\u0117v\u0173 prisilietim\u0105, kad nuramint\u0173 ir paguost\u0173<\/li>\n<li>Reguliuojamas glostymas trimis raminan\u010diais grei\u010dio lygiais<\/li>\n<li>Nuotoliniu b\u016bdu valdomas, kad b\u016bt\u0173 galima be vargo naudoti per atstum\u0105<\/li>\n<li>Padeda suma\u017einti atsiskyrimo nerim\u0105 poilsio ar miego metu<\/li>\n<li>Mink\u0161tos, k\u016bdikiui saugios med\u017eiagos, kad nereik\u0117t\u0173 nerimauti<\/li>\n<\/ul><\/div>\n","protected":false},"excerpt":{"rendered":"<p>\u0160velniai paguldykite k\u016bdik\u012f miegoti|Ma\u017eina neramum\u0105 ir naktin\u012f verksm\u0105|Reguliuojamas 3 grei\u010dio lygi\u0173 glostymas|Pakei\u010dia mamos buvim\u0105|Idealiai tinka lovel\u0117je, lovoje ar ve\u017eim\u0117lyje|Ne\u0161iojamas \u0161eimos kelion\u0117ms|Pakuot\u0117je yra: belaidis nuotolinio valdymo pultas|Med\u017eiagos: poliesterio pluo\u0161tas ir perlin\u0117s medviln\u0117s u\u017epildas|Variacijos: Sm\u0117lio spalvos \u017eavingo me\u0161kiuko dizainas|I\u0161matavimai: dydis: 68 \u00d7 25 cm<\/p>\n","protected":false},"featured_media":32536,"template":"","meta":[],"product_cat":[1595],"product_tag":[1621],"acf":[],"_links":{"self":[{"href":"https:\/\/smania.store\/lt\/wp-json\/wp\/v2\/product\/32546"}],"collection":[{"href":"https:\/\/smania.store\/lt\/wp-json\/wp\/v2\/product"}],"about":[{"href":"https:\/\/smania.store\/lt\/wp-json\/wp\/v2\/types\/product"}],"wp:featuredmedia":[{"embeddable":true,"href":"https:\/\/smania.store\/lt\/wp-json\/wp\/v2\/media\/32536"}],"wp:attachment":[{"href":"https:\/\/smania.store\/lt\/wp-json\/wp\/v2\/media?parent=32546"}],"wp:term":[{"taxonomy":"product_cat","embeddable":true,"href":"https:\/\/smania.store\/lt\/wp-json\/wp\/v2\/product_cat?post=32546"},{"taxonomy":"product_tag","embeddable":true,"href":"https:\/\/smania.store\/lt\/wp-json\/wp\/v2\/product_tag?post=32546"}],"curies":[{"name":"wp","href":"https:\/\/api.w.org\/{rel}","templated":true}]}}