{"id":32508,"date":"2025-09-23T07:23:38","date_gmt":"2025-09-23T05:23:38","guid":{"rendered":"https:\/\/smania.store\/lt\/prekes\/dryhut-ismanioji-sulankstoma-drabuziu-dziovykle\/"},"modified":"2025-10-03T10:30:42","modified_gmt":"2025-10-03T08:30:42","slug":"dryhut-ismanioji-sulankstoma-drabuziu-dziovykle","status":"publish","type":"product","link":"https:\/\/smania.store\/lt\/prekes\/dryhut-ismanioji-sulankstoma-drabuziu-dziovykle\/","title":{"rendered":"Dryhut\u2122 i\u0161manioji sulankstoma drabu\u017ei\u0173 d\u017eiovykl\u0117"},"content":{"rendered":"<div class=\"smania_landing_description_title\">NAUJIENA! Pakeiskite savo skalbykl\u0119<\/div>\n<div class=\"smania_landing_description_txt\">I\u0161d\u017eiovinkite skalbinius vos per 20 minu\u010di\u0173!<\/div>\n<div class=\"smania_landing_description_subtitle\">Su &#8222;Dryhut\u2122&#8221; skalbimo rutin\u0105 paverskite lengvu darbu. Nereikia sunki\u0173 prietais\u0173 &#8211; \u0161is ne\u0161iojamas prietaisas \u017eaibi\u0161kai i\u0161d\u017eiovina iki 9 drabu\u017ei\u0173. Atsisveikinkite su r\u016bpes\u010diais ir pasisveikinkite su naujov\u0117mis &#8211; i\u0161 karto!<\/div>\n<div class=\"smania_landing_description_list\">\n<ul>\n<li>Itin greitas d\u017eiovinimas vos per 20 minu\u010di\u0173<\/li>\n<li>Talpina iki 9 drabu\u017ei\u0173 vienet\u0173<\/li>\n<li>Kompakti\u0161kas dizainas, puikiai tinkantis ma\u017eoms patalpoms<\/li>\n<li>Ekologi\u0161ka, ma\u017eina energijos suvartojim\u0105<\/li>\n<li>Lengva s\u0105ranka, paruo\u0161ta naudoti bet kur<\/li>\n<li>I\u0161saugo audini\u0173 kokyb\u0119<\/li>\n<\/ul><\/div>\n","protected":false},"excerpt":{"rendered":"<p>D\u017ei\u016bsta be rauk\u0161li\u0173|Ne\u0161iojamas ir patogus keliauti dizainas|Patogu greitai i\u0161d\u017eiovinti|Nereikia skalbimo virv\u0117s|Energij\u0105 taupanti technologija|Moderni ir eleganti\u0161ka i\u0161vaizda|Idealiai tinka gyvenimui daugiabutyje|Palaiko tvar\u0173 gyvenim\u0105<\/p>\n","protected":false},"featured_media":32499,"template":"","meta":[],"product_cat":[1594],"product_tag":[1657],"acf":[],"_links":{"self":[{"href":"https:\/\/smania.store\/lt\/wp-json\/wp\/v2\/product\/32508"}],"collection":[{"href":"https:\/\/smania.store\/lt\/wp-json\/wp\/v2\/product"}],"about":[{"href":"https:\/\/smania.store\/lt\/wp-json\/wp\/v2\/types\/product"}],"wp:featuredmedia":[{"embeddable":true,"href":"https:\/\/smania.store\/lt\/wp-json\/wp\/v2\/media\/32499"}],"wp:attachment":[{"href":"https:\/\/smania.store\/lt\/wp-json\/wp\/v2\/media?parent=32508"}],"wp:term":[{"taxonomy":"product_cat","embeddable":true,"href":"https:\/\/smania.store\/lt\/wp-json\/wp\/v2\/product_cat?post=32508"},{"taxonomy":"product_tag","embeddable":true,"href":"https:\/\/smania.store\/lt\/wp-json\/wp\/v2\/product_tag?post=32508"}],"curies":[{"name":"wp","href":"https:\/\/api.w.org\/{rel}","templated":true}]}}