{"id":32469,"date":"2025-09-19T13:52:06","date_gmt":"2025-09-19T11:52:06","guid":{"rendered":"https:\/\/smania.store\/lt\/prekes\/storelux-prabangi-saugojimo-lentyna-tarp-baldu-tarpams-4-lygiai\/"},"modified":"2025-10-01T10:10:31","modified_gmt":"2025-10-01T08:10:31","slug":"storelux-prabangi-saugojimo-lentyna-tarp-baldu-tarpams-4-lygiai","status":"publish","type":"product","link":"https:\/\/smania.store\/lt\/prekes\/storelux-prabangi-saugojimo-lentyna-tarp-baldu-tarpams-4-lygiai\/","title":{"rendered":"StoreLux\u2122 prabangi saugojimo lentyna tarp bald\u0173 tarpams \u2013 4 lygiai"},"content":{"rendered":"<div class=\"smania_landing_description_title\">NAUJIENA: atnaujinkite sofos erdv\u0119 savo namuose!<\/div>\n<div class=\"smania_landing_description_txt\">I\u0161spr\u0119skite erdv\u0117s tr\u016bkumo namuose problem\u0105!<\/div>\n<div class=\"smania_landing_description_subtitle\">\u0160is ne\u012ftik\u0117tinas baldas sukurtas taip, kad j\u012f b\u016bt\u0173 galima pritaikyti bet kur &#8211; nuo vonios kambario iki svetain\u0117s &#8211; ir taip padvigubinti turim\u0105 erdv\u0119!<\/div>\n<div class=\"smania_landing_description_list\">\n<ul>\n<li>Puikiai tinka siauroms erdv\u0117ms<\/li>\n<li>Didel\u0117 talpa didesniems daiktams (4 lygiai)<\/li>\n<li>Eleganti\u0161kas dizainas, derantis prie bet kokio stiliaus<\/li>\n<li>Tvirta, ilgaam\u017e\u0117 ir vandeniui atspari med\u017eiaga<\/li>\n<li>Idealiai tinka higienos priemon\u0117ms<\/li>\n<\/ul><\/div>\n","protected":false},"excerpt":{"rendered":"<p>Sutaupykite laiko geriau organizuodami|Prakti\u0161kas servet\u0117li\u0173 laikiklis|Optimizuoja naudojamus pavir\u0161ius|Tinka vonios kambariui ir svetainei|Lengvai i\u0161imami stal\u010diai|Tvirtas, patvarus ir atsparus vandeniui|Matmenys: 78 x 41 x 18 cm|Atlaiko iki 60 kg svor\u012f|Lentyn\u0173 skai\u010dius: 4|Su ratukais<\/p>\n","protected":false},"featured_media":32459,"template":"","meta":[],"product_cat":[1594],"product_tag":[1657],"acf":[],"_links":{"self":[{"href":"https:\/\/smania.store\/lt\/wp-json\/wp\/v2\/product\/32469"}],"collection":[{"href":"https:\/\/smania.store\/lt\/wp-json\/wp\/v2\/product"}],"about":[{"href":"https:\/\/smania.store\/lt\/wp-json\/wp\/v2\/types\/product"}],"wp:featuredmedia":[{"embeddable":true,"href":"https:\/\/smania.store\/lt\/wp-json\/wp\/v2\/media\/32459"}],"wp:attachment":[{"href":"https:\/\/smania.store\/lt\/wp-json\/wp\/v2\/media?parent=32469"}],"wp:term":[{"taxonomy":"product_cat","embeddable":true,"href":"https:\/\/smania.store\/lt\/wp-json\/wp\/v2\/product_cat?post=32469"},{"taxonomy":"product_tag","embeddable":true,"href":"https:\/\/smania.store\/lt\/wp-json\/wp\/v2\/product_tag?post=32469"}],"curies":[{"name":"wp","href":"https:\/\/api.w.org\/{rel}","templated":true}]}}