{"id":32327,"date":"2025-09-03T09:28:40","date_gmt":"2025-09-03T07:28:40","guid":{"rendered":"https:\/\/smania.store\/lt\/prekes\/drivewaypro-asfalto-restauratorius-1-l-2-m%c2%b2\/"},"modified":"2025-09-17T12:00:11","modified_gmt":"2025-09-17T10:00:11","slug":"drivewaypro-asfalto-restauratorius-1-l-2-m%c2%b2","status":"publish","type":"product","link":"https:\/\/smania.store\/lt\/prekes\/drivewaypro-asfalto-restauratorius-1-l-2-m%c2%b2\/","title":{"rendered":"DrivewayPRO\u2122 asfalto restauratorius &#8211; 1 l \/ 4-6 m\u00b2"},"content":{"rendered":"<div class=\"smania_landing_description_title\">NAUJIENA: &#8222;DrivewayPRO\u2122&#8221; asfalto restauratorius<\/div>\n<div class=\"smania_landing_description_txt\">Akimirksniu atnaujinkite va\u017eiuojam\u0105j\u0105 dal\u012f<\/div>\n<div class=\"smania_landing_description_subtitle\">Ar j\u016bs\u0173 va\u017eiuojamoji dalis atrodo nusid\u0117v\u0117jusi? &#8222;DrivewayPRO\u2122&#8221; yra geriausias sprendimas asfalto ir betono pavir\u0161iams atkurti ir apsaugoti. D\u0117l atsparumo nepalankioms oro s\u0105lygoms, temperat\u016br\u0173 poky\u010diams, \u012ftr\u016bkimams ir UV spinduliams DrivewayPRO\u2122 ne tik pagerina j\u016bs\u0173 va\u017eiuojamosios dalies i\u0161vaizd\u0105, bet ir u\u017etikrina ilgalaik\u0119 hidroizoliacij\u0105 ir apsaug\u0105.<\/div>\n<div class=\"smania_landing_description_list\">\n<ul>\n<li>Sandarina ir stiprina pavir\u0161i\u0173<\/li>\n<li>Atsparus lietui, kar\u0161\u010diui ir \u0161al\u010diui<\/li>\n<li>Atnaujina priva\u017eiavim\u0173 kelius &#8211; pirmin\u0117 asfalto ir betono i\u0161vaizda<\/li>\n<li>Apsauga nuo ultravioletini\u0173 spinduli\u0173 &#8211; apsaugo nuo i\u0161blukimo ir pa\u017eeidim\u0173<\/li>\n<li>Nepraleid\u017eia vandens &#8211; neleid\u017eia prasiskverbti dr\u0117gmei<\/li>\n<li>Ilgesnis tarnavimo laikas &#8211; saugo ir stiprina pavir\u0161i\u0173<\/li>\n<\/ul><\/div>\n","protected":false},"excerpt":{"rendered":"<p>DIDELIS NAUDINGUMAS &#8211; Specialiai sukurtas asfalto keliams|PATVIRTUMAS &#8211; Patvarus ma\u017eai blizgus juodas sluoksnis|APSAUGIN\u0116 &#8211; Apsaugo nuo atmosferos poveikio, i\u0161siliejim\u0173 ir pikt\u017eoli\u0173 augimo|LENGVAI NAUDOJAMAS &#8211; paprastas naudojimas, kad rezultatai nekelt\u0173 r\u016bpes\u010di\u0173|Greitai d\u017ei\u016bsta &#8211; paruo\u0161ta naudoti vos per 4 valandas|Spalva &#8211; juoda|Skys\u010dio t\u016bris &#8211; 1 l|Dengiamas plotas &#8211; iki 6 m\u00b2|D\u017ei\u016bvimo laikas &#8211; 4 val|Naudojimas &#8211; teptuku, voleliu arba purk\u0161tuvu<\/p>\n","protected":false},"featured_media":32433,"template":"","meta":[],"product_cat":[2167],"product_tag":[2170,2168],"acf":[],"_links":{"self":[{"href":"https:\/\/smania.store\/lt\/wp-json\/wp\/v2\/product\/32327"}],"collection":[{"href":"https:\/\/smania.store\/lt\/wp-json\/wp\/v2\/product"}],"about":[{"href":"https:\/\/smania.store\/lt\/wp-json\/wp\/v2\/types\/product"}],"wp:featuredmedia":[{"embeddable":true,"href":"https:\/\/smania.store\/lt\/wp-json\/wp\/v2\/media\/32433"}],"wp:attachment":[{"href":"https:\/\/smania.store\/lt\/wp-json\/wp\/v2\/media?parent=32327"}],"wp:term":[{"taxonomy":"product_cat","embeddable":true,"href":"https:\/\/smania.store\/lt\/wp-json\/wp\/v2\/product_cat?post=32327"},{"taxonomy":"product_tag","embeddable":true,"href":"https:\/\/smania.store\/lt\/wp-json\/wp\/v2\/product_tag?post=32327"}],"curies":[{"name":"wp","href":"https:\/\/api.w.org\/{rel}","templated":true}]}}