{"id":32269,"date":"2025-09-03T08:56:58","date_gmt":"2025-09-03T06:56:58","guid":{"rendered":"https:\/\/smania.store\/lt\/prekes\/playfort-vaiku-zaidimu-aikstele-180-x-150-cm\/"},"modified":"2025-09-03T08:57:03","modified_gmt":"2025-09-03T06:57:03","slug":"playfort-vaiku-zaidimu-aikstele-180-x-150-cm","status":"publish","type":"product","link":"https:\/\/smania.store\/lt\/prekes\/playfort-vaiku-zaidimu-aikstele-180-x-150-cm\/","title":{"rendered":"PlayFort\u2122 vaik\u0173 \u017eaidim\u0173 aik\u0161tel\u0117 &#8211; 180 x 150 cm"},"content":{"rendered":"<div class=\"smania_landing_description_title\"> NAUJIENA: saugus \u017eaidimas ir tyrin\u0117jimas <\/div>\n<div class=\"smania_landing_description_txt\"> Sukurkite nuostabi\u0105 \u017eaidim\u0173 aik\u0161tel\u0119 vaik\u0173 d\u017eiaugsmui ir tobul\u0117jimui! <\/div>\n<div class=\"smania_landing_description_subtitle\"> Patvari ir stabili \u017eaidim\u0173 aik\u0161tel\u0117 vaikams iki 3 met\u0173!<\/div>\n<div class=\"smania_landing_description_list\">\n<ul>\n<li>Puiki \u017eaidim\u0173 aik\u0161tel\u0117 vaik\u0173 vystymuisi<\/li>\n<li>Greitas 30 minu\u010di\u0173 surinkimas be \u012franki\u0173<\/li>\n<li>Kompakti\u0161ka, tinka bet kokiam kambariui, 2,7 m\u00b2 ploto<\/li>\n<li>Ry\u0161kus dizainas skatina k\u016brybi\u0161kum\u0105<\/li>\n<li>Saugios, netoksi\u0161kos med\u017eiagos<\/li>\n<li>\u012emontuota apsauga nuo susid\u016brimo<\/li>\n<\/ul><\/div>\n","protected":false},"excerpt":{"rendered":"<p>Lengvai perkeliamas su ne\u0161iojamuoju krep\u0161iu|Tvirtas ner\u016bdijan\u010dio plieno r\u0117mas|Be BPA ir draugi\u0161kas aplinkai|Saugiai praturtina vaiko tyrin\u0117jimo galimybes|Spalv\u0173 variantai: pilka arba sm\u0117lin\u0117|Matmenys: 180 x 150 x 65 cm|Dangos plotas: 2,7 m\u00b2|Svoris: 5 kg|Pakuot\u0117s matmenys: 90 x 28,5 x 20 cm|Med\u017eiagos: PP, medviln\u0117, plienas<\/p>\n","protected":false},"featured_media":32256,"template":"","meta":[],"product_cat":[1595,1594],"product_tag":[1880,1621],"acf":[],"_links":{"self":[{"href":"https:\/\/smania.store\/lt\/wp-json\/wp\/v2\/product\/32269"}],"collection":[{"href":"https:\/\/smania.store\/lt\/wp-json\/wp\/v2\/product"}],"about":[{"href":"https:\/\/smania.store\/lt\/wp-json\/wp\/v2\/types\/product"}],"wp:featuredmedia":[{"embeddable":true,"href":"https:\/\/smania.store\/lt\/wp-json\/wp\/v2\/media\/32256"}],"wp:attachment":[{"href":"https:\/\/smania.store\/lt\/wp-json\/wp\/v2\/media?parent=32269"}],"wp:term":[{"taxonomy":"product_cat","embeddable":true,"href":"https:\/\/smania.store\/lt\/wp-json\/wp\/v2\/product_cat?post=32269"},{"taxonomy":"product_tag","embeddable":true,"href":"https:\/\/smania.store\/lt\/wp-json\/wp\/v2\/product_tag?post=32269"}],"curies":[{"name":"wp","href":"https:\/\/api.w.org\/{rel}","templated":true}]}}