{"id":32078,"date":"2025-08-19T10:58:50","date_gmt":"2025-08-19T08:58:50","guid":{"rendered":"https:\/\/smania.store\/lt\/prekes\/cozymama-pripuciama-nesciuju-pagalve\/"},"modified":"2025-08-19T10:58:50","modified_gmt":"2025-08-19T08:58:50","slug":"cozymama-pripuciama-nesciuju-pagalve","status":"publish","type":"product","link":"https:\/\/smania.store\/lt\/prekes\/cozymama-pripuciama-nesciuju-pagalve\/","title":{"rendered":"CozyMama\u2122 pripu\u010diama n\u0117\u0161\u010di\u0173j\u0173 pagalv\u0117"},"content":{"rendered":"<div class=\"smania_landing_description_title\">NAUJIENA: Komfortas b\u016bsimoms mamoms<\/div>\n<div class=\"smania_landing_description_txt\">Patirkite neprilygstam\u0105 komfort\u0105 ir pilvo palengv\u0117jim\u0105!<\/div>\n<div class=\"smania_landing_description_subtitle\">Atsisveikinkite su neramiomis naktimis ir nugaros skausmais, b\u016bsimos mamos!<\/div>\n<div class=\"smania_landing_description_list\">\n<ul>\n<li>Palaiko optimali\u0105 vaisiaus pad\u0117t\u012f<\/li>\n<li>Akimirksniu suma\u017eina apatin\u0117s nugaros dalies skausm\u0105<\/li>\n<li>Skatina geresn\u0119 plau\u010di\u0173 talp\u0105<\/li>\n<li>Suma\u017eina cezario pj\u016bvi\u0173 ir gimdymo skausm\u0105<\/li>\n<li>Puikus dydis, u\u017etikrinantis maksimali\u0105 atram\u0105<\/li>\n<\/ul><\/div>\n","protected":false},"excerpt":{"rendered":"<p>Gerina miego kokyb\u0119|Gerina motinos ir vaisiaus sveikat\u0105|Skatina atsipalaiduoti poilsio pozose|Lengva valyti ir pri\u017ei\u016br\u0117ti|Spalva: ro\u017ein\u0117|Med\u017eiaga: PVC, medviln\u0117|I\u0161matavimai: 170 x 65 x 22 cm|Krovumas: 125 kg<\/p>\n","protected":false},"featured_media":32065,"template":"","meta":[],"product_cat":[1595,1594],"product_tag":[1632],"acf":[],"_links":{"self":[{"href":"https:\/\/smania.store\/lt\/wp-json\/wp\/v2\/product\/32078"}],"collection":[{"href":"https:\/\/smania.store\/lt\/wp-json\/wp\/v2\/product"}],"about":[{"href":"https:\/\/smania.store\/lt\/wp-json\/wp\/v2\/types\/product"}],"wp:featuredmedia":[{"embeddable":true,"href":"https:\/\/smania.store\/lt\/wp-json\/wp\/v2\/media\/32065"}],"wp:attachment":[{"href":"https:\/\/smania.store\/lt\/wp-json\/wp\/v2\/media?parent=32078"}],"wp:term":[{"taxonomy":"product_cat","embeddable":true,"href":"https:\/\/smania.store\/lt\/wp-json\/wp\/v2\/product_cat?post=32078"},{"taxonomy":"product_tag","embeddable":true,"href":"https:\/\/smania.store\/lt\/wp-json\/wp\/v2\/product_tag?post=32078"}],"curies":[{"name":"wp","href":"https:\/\/api.w.org\/{rel}","templated":true}]}}