{"id":32064,"date":"2025-08-19T07:46:55","date_gmt":"2025-08-19T05:46:55","guid":{"rendered":"https:\/\/smania.store\/lt\/prekes\/flyaway-muses-atbaidantis-stalo-ventiliatorius-2-pakuotes\/"},"modified":"2025-08-19T07:46:55","modified_gmt":"2025-08-19T05:46:55","slug":"flyaway-muses-atbaidantis-stalo-ventiliatorius-2-pakuotes","status":"publish","type":"product","link":"https:\/\/smania.store\/lt\/prekes\/flyaway-muses-atbaidantis-stalo-ventiliatorius-2-pakuotes\/","title":{"rendered":"FlyAway\u2122 muses atbaidantis stalo ventiliatorius &#8211; 2 pakuot\u0117s"},"content":{"rendered":"<div class=\"smania_landing_description_title\"> NAUJIENA: be vargo naikinkite muses <\/div>\n<div class=\"smania_landing_description_txt\"> Lengvai i\u0161naikinkite muses: Per kelias sekundes atsikratykite musi\u0173! <\/div>\n<div class=\"smania_landing_description_subtitle\"> Atraskite FlyAway\u2122 &#8211; revoliucin\u012f \u012frank\u012f, kuris be vargo atbaido \u012fkyrias muses ir u\u017etikrina, kad j\u016bs\u0173 valgymo \u012fsp\u016bd\u017eiai b\u016bt\u0173 palaimingai netrukdomi. <\/div>\n<div class=\"smania_landing_description_list\">\n<ul>\n<li>Saugus, vaikams pritaikytas dizainas<\/li>\n<li>Mink\u0161ti, nekenksmingi a\u0161menys<\/li>\n<li>Be chemini\u0173 med\u017eiag\u0173, atbaidan\u010di\u0173 vabzd\u017eius<\/li>\n<li>Puikiai tinka naudoti patalpose ir lauke<\/li>\n<li>\u0160vies\u0105 atspindinti technologija atbaido kenk\u0117jus<\/li>\n<li>Lengvas, ne\u0161iojamas sprendimas<\/li>\n<\/ul><\/div>\n","protected":false},"excerpt":{"rendered":"<p>Joki\u0173 chemini\u0173 med\u017eiag\u0173, gryna kokyb\u0117|Lengva naudoti ir m\u0117gautis|Eleganti\u0161kas ir stilingas dizainas|Idealiai tinka piknikams ir kepsnin\u0117ms|Akumuliatorius ne\u012ftrauktas \u012f komplekt\u0105|Spalva: juoda|Gaminio dydis: 9 x 9 x 25 cm|Gaminio svoris: 270 g<\/p>\n","protected":false},"featured_media":32052,"template":"","meta":[],"product_cat":[1594],"product_tag":[1973],"acf":[],"_links":{"self":[{"href":"https:\/\/smania.store\/lt\/wp-json\/wp\/v2\/product\/32064"}],"collection":[{"href":"https:\/\/smania.store\/lt\/wp-json\/wp\/v2\/product"}],"about":[{"href":"https:\/\/smania.store\/lt\/wp-json\/wp\/v2\/types\/product"}],"wp:featuredmedia":[{"embeddable":true,"href":"https:\/\/smania.store\/lt\/wp-json\/wp\/v2\/media\/32052"}],"wp:attachment":[{"href":"https:\/\/smania.store\/lt\/wp-json\/wp\/v2\/media?parent=32064"}],"wp:term":[{"taxonomy":"product_cat","embeddable":true,"href":"https:\/\/smania.store\/lt\/wp-json\/wp\/v2\/product_cat?post=32064"},{"taxonomy":"product_tag","embeddable":true,"href":"https:\/\/smania.store\/lt\/wp-json\/wp\/v2\/product_tag?post=32064"}],"curies":[{"name":"wp","href":"https:\/\/api.w.org\/{rel}","templated":true}]}}