{"id":32014,"date":"2025-08-13T13:56:02","date_gmt":"2025-08-13T11:56:02","guid":{"rendered":"https:\/\/smania.store\/lt\/prekes\/excavatemini-vaiku-mini-elektrinis-ekskavatorius\/"},"modified":"2026-02-01T18:18:30","modified_gmt":"2026-02-01T17:18:30","slug":"excavatemini-vaiku-mini-elektrinis-ekskavatorius","status":"publish","type":"product","link":"https:\/\/smania.store\/lt\/prekes\/excavatemini-vaiku-mini-elektrinis-ekskavatorius\/","title":{"rendered":"ExcavateMini\u2122 vaik\u0173 mini elektrinis ekskavatorius"},"content":{"rendered":"<div class=\"smania_landing_description_title\">NAUJIENA: Vaizduot\u0117s pramogos vaikams<\/div>\n<div class=\"smania_landing_description_txt\">Atraskite j\u0173 nauj\u0105 m\u0117gstamiausi\u0105 \u017eaisl\u0105 jau \u0161iandien!<\/div>\n<div class=\"smania_landing_description_subtitle\">\u017denkite \u012f stebukl\u0173 ir baim\u0117s pasaul\u012f su ExcavateMini\u2122! \u0160is u\u017eburiantis \u017eaislas \u017eada \u012fprast\u0105 \u017eaidim\u0105 paversti jaudinan\u010dia kasin\u0117jim\u0173 kelione. Leiskite savo vaiko vaizduotei pakilti, kai jis manevruos per nesibaigian\u010dius nuotykius ir kartu lavins svarbiausius \u012fg\u016bd\u017eius.<\/div>\n<div class=\"smania_landing_description_list\">\n<ul>\n<li>Su kiekvienu kasimu \u012fjungiama vaizduot\u0117<\/li>\n<li>Mokomasis ir smagus, viskas viename<\/li>\n<li>Lavina koordinacij\u0105 ir motorinius \u012fg\u016bd\u017eius<\/li>\n<li>Skatina erdv\u0117s suvokim\u0105 ir augim\u0105<\/li>\n<li>Valand\u0173 valandas neleid\u017eia nuobod\u017eiauti<\/li>\n<li>Lengvas, ne\u0161iojamas ir lengvai naudojamas<\/li>\n<\/ul><\/div>\n","protected":false},"excerpt":{"rendered":"<p>Puikiai tinka \u012fvairaus am\u017eiaus vaikams|Lengvai naudojamas baterij\u0173 maitinimas|Sukurkite nuotykius patalpoje ar lauke|Tvirta, vaikams atspari konstrukcija|Kompakti\u0161kas, \u012fsp\u016bdingo dizaino|Skatina s\u0105moning\u0105 ir aktyv\u0173 \u017eaidim\u0105|Ry\u0161kios spalvos, kurios patinka vaikams|Matmenys: 76 x 48 x 34 cm|Svoris: 5 kg|Svoris: 50 kg|Specialieji efektai: Garsiniai efektai, LED lemput\u0117s|Akumuliatorius: 6 V \/ 4,5 Ah|\u012ekrovimo laikas: 8-10 val. per USB|Skirta vaikams nuo 2 iki 8 met\u0173<\/p>\n","protected":false},"featured_media":32002,"template":"","meta":[],"product_cat":[1595,1594],"product_tag":[1621,1613],"acf":[],"_links":{"self":[{"href":"https:\/\/smania.store\/lt\/wp-json\/wp\/v2\/product\/32014"}],"collection":[{"href":"https:\/\/smania.store\/lt\/wp-json\/wp\/v2\/product"}],"about":[{"href":"https:\/\/smania.store\/lt\/wp-json\/wp\/v2\/types\/product"}],"wp:featuredmedia":[{"embeddable":true,"href":"https:\/\/smania.store\/lt\/wp-json\/wp\/v2\/media\/32002"}],"wp:attachment":[{"href":"https:\/\/smania.store\/lt\/wp-json\/wp\/v2\/media?parent=32014"}],"wp:term":[{"taxonomy":"product_cat","embeddable":true,"href":"https:\/\/smania.store\/lt\/wp-json\/wp\/v2\/product_cat?post=32014"},{"taxonomy":"product_tag","embeddable":true,"href":"https:\/\/smania.store\/lt\/wp-json\/wp\/v2\/product_tag?post=32014"}],"curies":[{"name":"wp","href":"https:\/\/api.w.org\/{rel}","templated":true}]}}