{"id":31977,"date":"2025-08-11T08:11:23","date_gmt":"2025-08-11T06:11:23","guid":{"rendered":"https:\/\/smania.store\/lt\/prekes\/stepfit-laiptu-steperis-su-rankena\/"},"modified":"2026-03-28T16:09:23","modified_gmt":"2026-03-28T15:09:23","slug":"stepfit-laiptu-steperis-su-rankena","status":"publish","type":"product","link":"https:\/\/smania.store\/lt\/prekes\/stepfit-laiptu-steperis-su-rankena\/","title":{"rendered":"StepFIT\u2122 laipt\u0173 steperis su rankena"},"content":{"rendered":"<div class=\"smania_landing_description_title\">NAUJIENA: formavimas ir tonizavimas per kelias minutes<\/div>\n<div class=\"smania_landing_description_txt\">Pakeiskite savo k\u016bn\u0105 patogiai \u012fsitais\u0119 namuose!<\/div>\n<div class=\"smania_landing_description_subtitle\">Atraskite &#8222;StepFIT\u2122&#8221; &#8211; geriausi\u0105 treniruokl\u012f namuose!<\/div>\n<div class=\"smania_landing_description_list\">\n<ul>\n<li>Naujovi\u0161kas 45\u00b0 nuolydis, kad degintum\u0117te riebalus<\/li>\n<li>46 cm \u017eingsnis, kad kojos b\u016bt\u0173 visi\u0161kai i\u0161tiestos<\/li>\n<li>Komercin\u0117s klas\u0117s plieno r\u0117mas atlaiko 136 kg<\/li>\n<li>Reguliuojamas vairo auk\u0161tis, kad treniruot\u0117s b\u016bt\u0173 universalios<\/li>\n<li>Pritaikomi pedal\u0173 kampai, skirti konkretiems raumenims<\/li>\n<li>Kompakti\u0161ka konstrukcija sulankstoma per 30 sekund\u017ei\u0173<\/li>\n<li>Minimalus spaudimas keli\u0173 s\u0105nariams<\/li>\n<\/ul><\/div>\n","protected":false},"excerpt":{"rendered":"<p>Tiksl\u016bs realaus laiko treniruo\u010di\u0173 duomenys|Pritaikytos treniruot\u0117s visiems fizinio pasirengimo lygiams|Didesnis viso k\u016bno riebal\u0173 deginimo efektyvumas|Tvirta ir stabili dvigubo trikampio konstrukcija|Spalva: balta \/ juoda|Med\u017eiagos: legiruotas plienas, plastikas|I\u0161skleisti matmenys: 114 cm (auk\u0161tis) x 63,5 cm (gylis) x 50,8 cm (plotis)|LCD monitoriaus ekranas: \u017eingsniai, kalorijos, laikas, greitis|Maitinimas: 1 x AA baterija (ne\u012ftraukta \u012f komplekt\u0105)<\/p>\n","protected":false},"featured_media":32766,"template":"","meta":[],"product_cat":[1594,1600],"product_tag":[1677],"acf":[],"_links":{"self":[{"href":"https:\/\/smania.store\/lt\/wp-json\/wp\/v2\/product\/31977"}],"collection":[{"href":"https:\/\/smania.store\/lt\/wp-json\/wp\/v2\/product"}],"about":[{"href":"https:\/\/smania.store\/lt\/wp-json\/wp\/v2\/types\/product"}],"wp:featuredmedia":[{"embeddable":true,"href":"https:\/\/smania.store\/lt\/wp-json\/wp\/v2\/media\/32766"}],"wp:attachment":[{"href":"https:\/\/smania.store\/lt\/wp-json\/wp\/v2\/media?parent=31977"}],"wp:term":[{"taxonomy":"product_cat","embeddable":true,"href":"https:\/\/smania.store\/lt\/wp-json\/wp\/v2\/product_cat?post=31977"},{"taxonomy":"product_tag","embeddable":true,"href":"https:\/\/smania.store\/lt\/wp-json\/wp\/v2\/product_tag?post=31977"}],"curies":[{"name":"wp","href":"https:\/\/api.w.org\/{rel}","templated":true}]}}