{"id":31903,"date":"2025-08-01T15:04:34","date_gmt":"2025-08-01T13:04:34","guid":{"rendered":"https:\/\/smania.store\/lt\/prekes\/solidmax-kalkiu-valiklis\/"},"modified":"2025-12-21T18:56:43","modified_gmt":"2025-12-21T17:56:43","slug":"solidmax-kalkiu-valiklis","status":"publish","type":"product","link":"https:\/\/smania.store\/lt\/prekes\/solidmax-kalkiu-valiklis\/","title":{"rendered":"SolidMax &#8211; Kalki\u0173 valiklis"},"content":{"rendered":"<div class=\"smania_landing_description_title\">NAUJIENA! U\u017esispyr\u0119s masto prie\u0161as!<\/div>\n<div class=\"smania_landing_description_txt\">Ne\u012ftik\u0117tina \u0161vara per 3 \u017eingsnius<\/div>\n<div class=\"smania_landing_description_subtitle\">Pavargote nuo valand\u0173 valandas trunkan\u010dio \u0161veitimo? Su &#8222;SolidMax&#8221; valymas taps malonumu! \u0160i naujovi\u0161ka formul\u0117 lengvai i\u0161tirpina kalkes, kalc\u012f ir kitas kieto vandens d\u0117mes ir net suformuoja apsaugin\u012f sluoksn\u012f, kad ateityje nelikt\u0173 nuos\u0117d\u0173! Tiesiog u\u017etepkite, leiskite jam veikti ir be vargo nuvalykite d\u0117mes. Su &#8222;SolidMax&#8221; valymas taps lengvas ir malonus!<\/div>\n<div class=\"smania_landing_description_list\">\n<ul>\n<li>Lengvai tirpdo apna\u0161as<\/li>\n<li>Pa\u0161alina kalcio ir kieto vandens d\u0117mes<\/li>\n<li>Apsauginis sluoksnis nuo v\u0117lesni\u0173 nuos\u0117d\u0173<\/li>\n<li>Lengva naudoti, nereikia \u0161veisti<\/li>\n<li>Greiti ir veiksmingi rezultatai<\/li>\n<li>Valo vonias, \u010diaupus, kriaukles ir bid\u0117<\/li>\n<\/ul><\/div>\n","protected":false},"excerpt":{"rendered":"<p>Momentinis poveikis per kelias minutes|\u0160velnus pavir\u0161iams|Ilgalaik\u0117 \u0161vara|Lengvas naudojimas|Profesionalus valymas namuose|Joki\u0173 \u012fsisen\u0117jusi\u0173 d\u0117mi\u0173|Daugiau apsaugos, ma\u017eiau darbo|\u012eveikia sunkiausiai \u012fveikiamus vandens akmenis<\/p>\n","protected":false},"featured_media":31892,"template":"","meta":[],"product_cat":[2167],"product_tag":[2169],"acf":[],"_links":{"self":[{"href":"https:\/\/smania.store\/lt\/wp-json\/wp\/v2\/product\/31903"}],"collection":[{"href":"https:\/\/smania.store\/lt\/wp-json\/wp\/v2\/product"}],"about":[{"href":"https:\/\/smania.store\/lt\/wp-json\/wp\/v2\/types\/product"}],"wp:featuredmedia":[{"embeddable":true,"href":"https:\/\/smania.store\/lt\/wp-json\/wp\/v2\/media\/31892"}],"wp:attachment":[{"href":"https:\/\/smania.store\/lt\/wp-json\/wp\/v2\/media?parent=31903"}],"wp:term":[{"taxonomy":"product_cat","embeddable":true,"href":"https:\/\/smania.store\/lt\/wp-json\/wp\/v2\/product_cat?post=31903"},{"taxonomy":"product_tag","embeddable":true,"href":"https:\/\/smania.store\/lt\/wp-json\/wp\/v2\/product_tag?post=31903"}],"curies":[{"name":"wp","href":"https:\/\/api.w.org\/{rel}","templated":true}]}}