{"id":31742,"date":"2025-07-08T11:36:04","date_gmt":"2025-07-08T09:36:04","guid":{"rendered":"https:\/\/smania.store\/lt\/prekes\/campmate-sulankstomas-aliuminio-kempingo-stalas-su-4-kedemis\/"},"modified":"2025-07-29T22:39:15","modified_gmt":"2025-07-29T20:39:15","slug":"campmate-sulankstomas-aliuminio-kempingo-stalas-su-4-kedemis","status":"publish","type":"product","link":"https:\/\/smania.store\/lt\/prekes\/campmate-sulankstomas-aliuminio-kempingo-stalas-su-4-kedemis\/","title":{"rendered":"CampMate\u2122 Sulankstomas aliuminio kempingo stalas su 4 k\u0117d\u0117mis"},"content":{"rendered":"<div class=\"smania_landing_description_title\">NAUJIENA, itin tvirta sulankstoma k\u0117d\u0117<\/div>\n<div class=\"smania_landing_description_txt\">Stovyklaukite bet kur ir bet kada!<\/div>\n<div class=\"smania_landing_description_subtitle\">Su &#8222;CampMate\u2122&#8221; galite sukurti savo nuotykius atostogaudami!<\/div>\n<div class=\"smania_landing_description_list\">\n<ul>\n<li>Puikiai tinka stovyklavimui, i\u0161kylai, sodui ar namams<\/li>\n<li>Sulankstomas dizainas, viena stotel\u0117, kad ir kur b\u016btum\u0117te<\/li>\n<li>Kompakti\u0161kas dizainas, didel\u0117 talpa<\/li>\n<li>Idealiai tinka 4 asmenims<\/li>\n<\/ul><\/div>\n","protected":false},"excerpt":{"rendered":"<p>Lakas susigeria per kelias sekundes|Pagamintas i\u0161 patvaraus aliuminio lydinio|Sulankstoma konstrukcija, kad b\u016bt\u0173 patogu ne\u0161iotis|Atsparus vandeniui, kad b\u016bt\u0173 galima naudoti i\u0161tisus metus|Tinka naudoti viduje ir i\u0161or\u0117je|Med\u017eiaga: aliuminis|Pad\u0117to stalo matmenys: 120 x 60 cm|Reguliuojamas stalo auk\u0161tis: 55 cm, 62 cm, 70 cm|Sulankstyto stalo matmenys: 60 x 60 x 8 cm|Stalo keliamoji galia: 50 kg|K\u0117d\u0117s keliamoji galia: 100 kg|Gaminio svoris: 6,7 kg<\/p>\n","protected":false},"featured_media":31730,"template":"","meta":[],"product_cat":[1594,1600],"product_tag":[],"acf":[],"_links":{"self":[{"href":"https:\/\/smania.store\/lt\/wp-json\/wp\/v2\/product\/31742"}],"collection":[{"href":"https:\/\/smania.store\/lt\/wp-json\/wp\/v2\/product"}],"about":[{"href":"https:\/\/smania.store\/lt\/wp-json\/wp\/v2\/types\/product"}],"wp:featuredmedia":[{"embeddable":true,"href":"https:\/\/smania.store\/lt\/wp-json\/wp\/v2\/media\/31730"}],"wp:attachment":[{"href":"https:\/\/smania.store\/lt\/wp-json\/wp\/v2\/media?parent=31742"}],"wp:term":[{"taxonomy":"product_cat","embeddable":true,"href":"https:\/\/smania.store\/lt\/wp-json\/wp\/v2\/product_cat?post=31742"},{"taxonomy":"product_tag","embeddable":true,"href":"https:\/\/smania.store\/lt\/wp-json\/wp\/v2\/product_tag?post=31742"}],"curies":[{"name":"wp","href":"https:\/\/api.w.org\/{rel}","templated":true}]}}