{"id":31654,"date":"2025-06-19T10:45:39","date_gmt":"2025-06-19T08:45:39","guid":{"rendered":"https:\/\/smania.store\/lt\/prekes\/stickaway-lipduku-salinimo-purskiklis\/"},"modified":"2026-03-07T09:33:42","modified_gmt":"2026-03-07T08:33:42","slug":"stickaway-lipduku-salinimo-purskiklis","status":"publish","type":"product","link":"https:\/\/smania.store\/lt\/prekes\/stickaway-lipduku-salinimo-purskiklis\/","title":{"rendered":"StickAway lipduk\u0173 \u0161alinimo pur\u0161kiklis"},"content":{"rendered":"<div class=\"smania_landing_description_title\">NAUJIENA! Magi\u0161kas lipduk\u0173 liku\u010di\u0173 valiklis<\/div>\n<div class=\"smania_landing_description_txt\">Purk\u0161kite, nulupkite ir lipduko nebeliks!<\/div>\n<div class=\"smania_landing_description_subtitle\">\u0160is lipduk\u0173 \u0161alinimo pur\u0161kiklis &#8211; tai greitai veikiantis sprendimas, skirtas u\u017esispyrusiems lipdukams, etiket\u0117ms ir klij\u0173 liku\u010diams nuo \u012fvairi\u0173 pavir\u0161i\u0173, \u012fskaitant priekinius stiklus, buferius, prietaisus ir virtuv\u0117s reikmenis, pa\u0161alinti. Speciali formul\u0117 \u012fsiskverbia \u012f klij\u0173 jungtis, tod\u0117l lipdukus lengva pa\u0161alinti, o pavir\u0161iai lieka \u0161var\u016bs ir nepa\u017eeisti. Netoksi\u0161kas, be a\u0161tri\u0173 chemini\u0173 med\u017eiag\u0173, saugus da\u017eams, vinilui ir audiniams, idealiai tinka naudoti namuose ir k\u0117bulo remontui. Tiesiog purk\u0161kite, palaukite kelias minutes ir lengvai nulupkite &#8211; puikiai tinka nesud\u0117tingam lipduk\u0173 valymui.<\/div>\n<div class=\"smania_landing_description_list\">\n<ul>\n<li>Galingas tirpiklio veikimas: Neabrazyvini\u0173 tirpikli\u0173 mi\u0161inys greitai i\u0161tirpina klij\u0173 liku\u010dius, tod\u0117l idealiai tinka reaguojantiems klijams, pvz., epoksidams, uretanams ir silikonams, tirpinti<\/li>\n<li>Universalus ir paprastas naudoti: D\u0117l nuvalomos ir nuvalomos formul\u0117s jis yra paruo\u0161tas naudoti nemai\u0161ant<\/li>\n<li>Pramoninis valymas: Sukurtas naudoti intensyviai, klij\u0173 valiklis ne tik pa\u0161alina \u012fsisen\u0117jusius liku\u010dius, bet ir atnaujina pavir\u0161iaus i\u0161vaizd\u0105<\/li>\n<li>Saugus ir veiksmingas: Saugus \u012fvairiems pavir\u0161iams, saugus da\u017eytiems pavir\u0161iams, vinilui, audiniui ir kt<\/li>\n<li>Visi\u0161kas pavir\u0161i\u0173 suderinamumas: Klij\u0173 \u0161alinimo tirpalas &#8222;viskas viename&#8221; u\u017etikrina, kad neb\u016bt\u0173 pa\u017eeisti objekt\u0173 pavir\u0161iai<\/li>\n<li>Netoksi\u0161kas ir nekorozinis: Be chlorint\u0173 tirpikli\u0173 ir benzeno<\/li>\n<\/ul><\/div>\n","protected":false},"excerpt":{"rendered":"<p>Greitai ir lengvai i\u0161tirpina etiketes, lipdukus ir klij\u0173 liku\u010dius|Netoksi\u0161ka ir nekorozin\u0117 formul\u0117, saugi naudoti ant \u012fvairi\u0173 pavir\u0161i\u0173|Tvirtai \u012fveikia klij\u0173 liku\u010dius, bet \u0161velniai veikia da\u017eus, plastik\u0105, vinil\u0105 ir audinius|Lengva naudoti: purk\u0161kite, palikite kelioms minut\u0117ms ir nulupkite|T\u016bris: 450 ml|Galiojimo laikas: 3 metai<\/p>\n","protected":false},"featured_media":31644,"template":"","meta":[],"product_cat":[1594,2167],"product_tag":[],"acf":[],"_links":{"self":[{"href":"https:\/\/smania.store\/lt\/wp-json\/wp\/v2\/product\/31654"}],"collection":[{"href":"https:\/\/smania.store\/lt\/wp-json\/wp\/v2\/product"}],"about":[{"href":"https:\/\/smania.store\/lt\/wp-json\/wp\/v2\/types\/product"}],"wp:featuredmedia":[{"embeddable":true,"href":"https:\/\/smania.store\/lt\/wp-json\/wp\/v2\/media\/31644"}],"wp:attachment":[{"href":"https:\/\/smania.store\/lt\/wp-json\/wp\/v2\/media?parent=31654"}],"wp:term":[{"taxonomy":"product_cat","embeddable":true,"href":"https:\/\/smania.store\/lt\/wp-json\/wp\/v2\/product_cat?post=31654"},{"taxonomy":"product_tag","embeddable":true,"href":"https:\/\/smania.store\/lt\/wp-json\/wp\/v2\/product_tag?post=31654"}],"curies":[{"name":"wp","href":"https:\/\/api.w.org\/{rel}","templated":true}]}}