{"id":31604,"date":"2025-05-29T11:52:26","date_gmt":"2025-05-29T09:52:26","guid":{"rendered":"https:\/\/smania.store\/lt\/prekes\/granito-imitacijos-epoksidiniai-dazai-granitepox-1-kg\/"},"modified":"2026-04-15T11:49:16","modified_gmt":"2026-04-15T09:49:16","slug":"granito-imitacijos-epoksidiniai-dazai-granitepox-1-kg","status":"publish","type":"product","link":"https:\/\/smania.store\/lt\/prekes\/granito-imitacijos-epoksidiniai-dazai-granitepox-1-kg\/","title":{"rendered":"Granito imitacijos epoksidiniai da\u017eai GRANITEPOX\u2122 (1 kg)"},"content":{"rendered":"<div class=\"smania_landing_description_title\">NAUJIENA: Praturtinkite savo namus svajoni\u0173 granitin\u0117mis grindimis<\/div>\n<div class=\"smania_landing_description_txt\">Padarykite perversm\u0105 savo erdv\u0117se naudodami patvarias ir naujovi\u0161kas epoksidines grindis!<\/div>\n<div class=\"smania_landing_description_subtitle\">Atraskite GRANITEPOX\u2122 \u2013 epoksidinius da\u017eus, kurie bet kok\u012f pavir\u0161i\u0173 paver\u010dia meno k\u016briniu. Nuo betono iki med\u017eio \u2013 lengvai ir stilingai \u012fne\u0161kite \u012f savo namus granito prabang\u0105. Gra\u017eus, atsparus vandeniui, patvarus ir neslidus \u2013 jis patenkina visus j\u016bs\u0173 grind\u0173 poreikius. Kam tenkintis ma\u017eiau?<\/div>\n<div class=\"smania_landing_description_list\">\n<ul>\n<li>Imituoja tikro granito elegancij\u0105<\/li>\n<li>Atsparus \u012ftr\u016bkimams, \u012fbr\u0117\u017eimams, auk\u0161tai ir \u017eemai temperat\u016brai<\/li>\n<li>Blizgus, neslidus pavir\u0161ius<\/li>\n<li>Idealiai tinka naudoti viduje ir lauke<\/li>\n<li>Universalus: gali b\u016bti naudojamas \u012fvairioms med\u017eiagoms<\/li>\n<li>Lengvai tepamas ir greitai d\u017ei\u016bstantis<\/li>\n<\/ul><\/div>\n","protected":false},"excerpt":{"rendered":"<p>Prabangi i\u0161vaizda|Padidina estetin\u0119 patalp\u0173 vert\u0119|Lengva valyti ir pri\u017ei\u016br\u0117ti|Greitas ir paprastas pritaikymas|Patvarus ir prakti\u0161kai nesunaikinamas|Galima tepti ant betonini\u0173, plyteli\u0173, plastikini\u0173 ar net medini\u0173 pavir\u0161i\u0173|Atsparus ekstremalioms temperat\u016broms|Sud\u0117tis: 1 kg (su kietikliu)|Apr\u0117ptis: apytiksl. 1,3\u20131,5 kg \/ m2|1 kg produkto u\u017eima ma\u017edaug 0,65\u20130,75 m2|Spalvos: tamsiai ir \u0161viesiai pilka, \u0161viesi sm\u0117lio, juoda|Dviej\u0173 komponent\u0173 gaminys<\/p>\n","protected":false},"featured_media":32610,"template":"","meta":[],"product_cat":[1594,2167],"product_tag":[2170,1688,2168],"acf":[],"_links":{"self":[{"href":"https:\/\/smania.store\/lt\/wp-json\/wp\/v2\/product\/31604"}],"collection":[{"href":"https:\/\/smania.store\/lt\/wp-json\/wp\/v2\/product"}],"about":[{"href":"https:\/\/smania.store\/lt\/wp-json\/wp\/v2\/types\/product"}],"wp:featuredmedia":[{"embeddable":true,"href":"https:\/\/smania.store\/lt\/wp-json\/wp\/v2\/media\/32610"}],"wp:attachment":[{"href":"https:\/\/smania.store\/lt\/wp-json\/wp\/v2\/media?parent=31604"}],"wp:term":[{"taxonomy":"product_cat","embeddable":true,"href":"https:\/\/smania.store\/lt\/wp-json\/wp\/v2\/product_cat?post=31604"},{"taxonomy":"product_tag","embeddable":true,"href":"https:\/\/smania.store\/lt\/wp-json\/wp\/v2\/product_tag?post=31604"}],"curies":[{"name":"wp","href":"https:\/\/api.w.org\/{rel}","templated":true}]}}