{"id":31374,"date":"2025-04-15T08:43:45","date_gmt":"2025-04-15T06:43:45","guid":{"rendered":"https:\/\/smania.store\/lt\/prekes\/fitneso-lenta-pilatesprofit\/"},"modified":"2026-01-25T10:31:52","modified_gmt":"2026-01-25T09:31:52","slug":"fitneso-lenta-pilatesprofit","status":"publish","type":"product","link":"https:\/\/smania.store\/lt\/prekes\/fitneso-lenta-pilatesprofit\/","title":{"rendered":"Fitneso lenta PilatesProFit\u2122"},"content":{"rendered":"<div class=\"smania_landing_description_title\">NAUJIENA: bendras k\u016bno treniruo\u010di\u0173 sprendimas<\/div>\n<div class=\"smania_landing_description_txt\">Pasiekite savo svajoni\u0173 k\u016bn\u0105 namuose!<\/div>\n<div class=\"smania_landing_description_subtitle\">Ar svajojate apie nam\u0173 sporto sal\u0119? PilatesProFit\u2122 treniruokli\u0173 lenta yra atsakymas \u012f j\u016bs\u0173 norus! \u0160is kompakti\u0161kas \u012frenginys sujungia pilates\u0105 ir bendr\u0105 k\u016bno treniruot\u0119, tod\u0117l kiekviena treniruot\u0117 bus kitokia, \u012fdomi ir \u012ftraukianti. Su reguliuojamomis pasiprie\u0161inimo juostomis ir i\u0161maniuoju laikma\u010diu j\u016bs\u0173 svajoni\u0173 treniruot\u0117 taps realybe! \u012esigykite j\u012f dabar ir su\u017einokite, kaip galite i\u0161 esm\u0117s pakeisti savo nam\u0173 fitneso rutin\u0105.<\/div>\n<div class=\"smania_landing_description_list\">\n<ul>\n<li>Derina daugyb\u0119 pratim\u0173, kad b\u016bt\u0173 galima treniruoti vis\u0105 k\u016bn\u0105<\/li>\n<li>Reguliuojamos pasiprie\u0161inimo juostos kiekvienam fizinio pasirengimo lygiui<\/li>\n<li>Tikslinis pe\u010di\u0173, rank\u0173, koj\u0173 ir kr\u016btin\u0117s stiprinimas<\/li>\n<li>\u012emontuotas atgalinio skai\u010diavimo laikmatis, skirtas tiksliai steb\u0117ti<\/li>\n<li>Sulankstoma konstrukcija ir kompakti\u0161kas dydis, kad b\u016bt\u0173 lengva laikyti<\/li>\n<\/ul><\/div>\n","protected":false},"excerpt":{"rendered":"<p>Efektyvi viso k\u016bno treniruot\u0117 namuose|Pritaikomas treniruot\u0117s intensyvumas|Stiprina ir tonizuoja raumenis|Puikiai tinka pradedantiesiems ir pa\u017eengusiems treniruotis|Lengva naudoti ir kurti \u012fvairius pratimus|Kompakti\u0161kas ir sulankstomas: puikiai tinka net ma\u017eoms erdv\u0117ms|Neslystan\u010dios dugno pagalv\u0117l\u0117s ir 180\u00b0 kampu besisukan\u010dios rankenos|Patogus putplastis ant ranken\u0173 ir sustiprintos kl\u016bp\u0117jimo pagalv\u0117l\u0117s|Med\u017eiaga: auk\u0161tos kokyb\u0117s plastikas (ABS)|I\u0161matavimai: 106 x 41 cm|Did\u017eiausia apkrova: 140 kg|Lentos svoris: svoris: 9,7 kg<\/p>\n","protected":false},"featured_media":31362,"template":"","meta":[],"product_cat":[1598,1594,1600],"product_tag":[1677,2172],"acf":[],"_links":{"self":[{"href":"https:\/\/smania.store\/lt\/wp-json\/wp\/v2\/product\/31374"}],"collection":[{"href":"https:\/\/smania.store\/lt\/wp-json\/wp\/v2\/product"}],"about":[{"href":"https:\/\/smania.store\/lt\/wp-json\/wp\/v2\/types\/product"}],"wp:featuredmedia":[{"embeddable":true,"href":"https:\/\/smania.store\/lt\/wp-json\/wp\/v2\/media\/31362"}],"wp:attachment":[{"href":"https:\/\/smania.store\/lt\/wp-json\/wp\/v2\/media?parent=31374"}],"wp:term":[{"taxonomy":"product_cat","embeddable":true,"href":"https:\/\/smania.store\/lt\/wp-json\/wp\/v2\/product_cat?post=31374"},{"taxonomy":"product_tag","embeddable":true,"href":"https:\/\/smania.store\/lt\/wp-json\/wp\/v2\/product_tag?post=31374"}],"curies":[{"name":"wp","href":"https:\/\/api.w.org\/{rel}","templated":true}]}}