{"id":31333,"date":"2025-04-10T13:17:49","date_gmt":"2025-04-10T11:17:49","guid":{"rendered":"https:\/\/smania.store\/lt\/prekes\/viva-vex-saligatviu-valiklis\/"},"modified":"2026-04-14T09:09:41","modified_gmt":"2026-04-14T07:09:41","slug":"viva-vex-saligatviu-valiklis","status":"publish","type":"product","link":"https:\/\/smania.store\/lt\/prekes\/viva-vex-saligatviu-valiklis\/","title":{"rendered":"Viva Vex \u0161aligatvi\u0173 valiklis"},"content":{"rendered":"<div class=\"smania_landing_description_title\">NAUJIENA! Viva Vex &#8211; lengvas valymas, puik\u016bs rezultatai<\/div>\n<div class=\"smania_landing_description_txt\">Puikus \u012frankis nepriekai\u0161tingai \u0161variam kiemui<\/div>\n<div class=\"smania_landing_description_subtitle\">Norite, kad j\u016bs\u0173 terasa, sodo takeliai ar va\u017eiuojamoji dalis v\u0117l spind\u0117t\u0173 kaip nauji? Su Viva Vex greitai ir veiksmingai pa\u0161alinsite visas \u012fsisen\u0117jusias d\u0117mes, riebal\u0173 \u017eymes, dumblius, pel\u0117s\u012f ir mineralines nuos\u0117das. \u0160i itin galinga formul\u0117 specialiai sukurta \u012fvairiems pavir\u0161iams valyti, ta\u010diau yra pakankamai \u0161velni, kad nepa\u017eeist\u0173 j\u016bs\u0173 brangi\u0173 grindinio akmen\u0173.<\/div>\n<div class=\"smania_landing_description_list\">\n<ul>\n<li>Lengvas d\u0117mi\u0173 \u0161alinimas: atsisveikinkite su \u012fsisen\u0117jusiomis d\u0117m\u0117mis, riebal\u0173 nuos\u0117domis ir dumbliais, \u012fd\u0117dami minimalias pastangas<\/li>\n<li>Universalus: tinka granitui, marmurui, smiltainiui, keramikai ir kt<\/li>\n<li>Puik\u016bs rezultatai: Viva Vex u\u017etikrina, kad j\u016bs\u0173 terasa ar kiemas atrodys kaip nauji, nepriklausomai nuo trinkeli\u0173 am\u017eiaus<\/li>\n<li>Saugu naudoti: Nors jis stipriai apsaugo nuo ne\u0161varum\u0173, ta\u010diau tinkamai naudojamas yra saugus j\u016bs\u0173 pavir\u0161iams<\/li>\n<li>Taupo laik\u0105 ir pastangas: Greitas ir lengvas valymas, nereikia varginan\u010dio \u0161veitimo<\/li>\n<\/ul><\/div>\n","protected":false},"excerpt":{"rendered":"<p>I\u0161skirtin\u0117 valymo galia: Greitai pa\u0161alina net sunkiausias d\u0117mes ir nuos\u0117das|Tinka \u012fvairioms med\u017eiagoms: Naudokite granitui, marmurui, smiltainiui ir kitiems nat\u016braliems akmenims|Lengva naudoti: Tiesiog u\u017etepkite, palaukite ir nuplaukite, kad pasiektum\u0117te puiki\u0173 rezultat\u0173|\u0160velnus pavir\u0161iams: Stipriai apsaugo nuo ne\u0161varum\u0173, bet yra \u0161velnus grindinio akmenims|T\u016bris: 500 ml, pakankamas didesniems pavir\u0161iams|Greitas veikimas: Efektyvus valymas ilgai nelaukiant|Universalus: idealiai tinka terasoms, priva\u017eiavimams, sodo takams ir visiems lauko akmeniniams pavir\u0161iams|Tausoja aplink\u0105: Sukurta be kenksming\u0173 chemini\u0173 med\u017eiag\u0173, nekenksminga aplinkai ir j\u016bs\u0173 aplinkai<\/p>\n","protected":false},"featured_media":31314,"template":"","meta":[],"product_cat":[1594,2167],"product_tag":[1688,2169],"acf":[],"_links":{"self":[{"href":"https:\/\/smania.store\/lt\/wp-json\/wp\/v2\/product\/31333"}],"collection":[{"href":"https:\/\/smania.store\/lt\/wp-json\/wp\/v2\/product"}],"about":[{"href":"https:\/\/smania.store\/lt\/wp-json\/wp\/v2\/types\/product"}],"wp:featuredmedia":[{"embeddable":true,"href":"https:\/\/smania.store\/lt\/wp-json\/wp\/v2\/media\/31314"}],"wp:attachment":[{"href":"https:\/\/smania.store\/lt\/wp-json\/wp\/v2\/media?parent=31333"}],"wp:term":[{"taxonomy":"product_cat","embeddable":true,"href":"https:\/\/smania.store\/lt\/wp-json\/wp\/v2\/product_cat?post=31333"},{"taxonomy":"product_tag","embeddable":true,"href":"https:\/\/smania.store\/lt\/wp-json\/wp\/v2\/product_tag?post=31333"}],"curies":[{"name":"wp","href":"https:\/\/api.w.org\/{rel}","templated":true}]}}