{"id":31310,"date":"2025-04-10T13:15:56","date_gmt":"2025-04-10T11:15:56","guid":{"rendered":"https:\/\/smania.store\/lt\/prekes\/drenazo-ir-kriaukliu-valiklis-easyclean\/"},"modified":"2026-03-09T09:42:23","modified_gmt":"2026-03-09T08:42:23","slug":"drenazo-ir-kriaukliu-valiklis-easyclean","status":"publish","type":"product","link":"https:\/\/smania.store\/lt\/prekes\/drenazo-ir-kriaukliu-valiklis-easyclean\/","title":{"rendered":"Drena\u017eo ir kriaukli\u0173 valiklis EasyClean"},"content":{"rendered":"<div class=\"smania_landing_description_title\">NAUJIENA! EasyClean&#8221;- puikus sprendimas, kaip i\u0161valyti u\u017esikim\u0161usius nutekamuosius vamzd\u017eius<\/div>\n<div class=\"smania_landing_description_txt\">Greitai ir veiksmingai i\u0161valykite vandentiekio sistem\u0105.<\/div>\n<div class=\"smania_landing_description_subtitle\">Susiduriate su u\u017esikim\u0161usia kanalizacija, d\u0117l kurios jums skauda galv\u0105? EasyClean yra galingas valiklis, kuris greitai ir lengvai i\u0161spr\u0119s j\u016bs\u0173 kanalizacijos problemas. Speciali \u0161io valiklio formul\u0117 veiksmingai tirpdo organines med\u017eiagas, pavyzd\u017eiui, riebalus, plaukus, popieri\u0173, muilo liku\u010dius ir aliejus, kurie da\u017enai sukelia u\u017esikim\u0161imus. Nesvarbu, ar tai b\u016bt\u0173 virtuv\u0117s kanalizacija, tualetas, ar kriaukl\u0117, EasyClean u\u017etikrins nepriekai\u0161ting\u0105 j\u016bs\u0173 vandentiekio sistemos veikim\u0105.<\/div>\n<div class=\"smania_landing_description_list\">\n<ul>\n<li>Veiksmingai pa\u0161alina u\u017esikim\u0161imus: I\u0161tirpina u\u017esispyrusias organines med\u017eiagas ir greitai atstato kanalizacijos sraut\u0105<\/li>\n<li>Saugus j\u016bs\u0173 vamzd\u017eiams: Nepa\u017eeid\u017eia j\u016bs\u0173 vamzd\u017ei\u0173 ar septik\u0173<\/li>\n<li>Lengva naudoti: Papras\u010diausiai \u012fpilkite, palaukite kelias minutes ir nuplaukite vandeniu &#8211; greitai ir be vargo<\/li>\n<li>Draugi\u0161kas aplinkai: Formul\u0117, kuri nekenkia aplinkai ir neter\u0161ia po\u017eeminio vandens<\/li>\n<li>Taupo laik\u0105 ir pinigus: Venkite brangi\u0173 ir daug laiko reikalaujan\u010di\u0173 santechniko paslaug\u0173<\/li>\n<\/ul><\/div>\n","protected":false},"excerpt":{"rendered":"<p>Greita ir veiksminga: I\u0161tirpina riebalus, plaukus, popieri\u0173 ir kitus u\u017esikim\u0161imus vos per kelias minutes|Saugu naudoti: Nekenkia vamzd\u017eiams, kanalizacijai ir septikams|Patogi pakuot\u0117: Kompakti\u0161ka 100 g pakuot\u0117, kuri\u0105 galima lengvai laikyti|Ilgalaikis veiksmingumas: Reguliariai naudodami palaikykite puiki\u0105 vandentiekio sistemos b\u016bkl\u0119|Sud\u0117tis: Ner\u016bdijan\u010dios med\u017eiagos, saugios vis\u0173 tip\u0173 vamzd\u017eiams|Naudojimas: Tinka virtuv\u0117s kanalizacijai, kriaukl\u0117ms, vonioms, tualetams ir kitiems pagrindiniams kanalizacijos vamzd\u017eiams|Greitas veikimas: Efektyviai i\u0161tirpina u\u017esikim\u0161imus vos per kelias minutes|Draugi\u0161kas aplinkai: Ekologi\u0161ka formul\u0117, kuri nekenkia aplinkai ir saugo gamtos i\u0161teklius \u0161varius<\/p>\n","protected":false},"featured_media":31301,"template":"","meta":[],"product_cat":[1594,2167,1602],"product_tag":[1973,2169,1657],"acf":[],"_links":{"self":[{"href":"https:\/\/smania.store\/lt\/wp-json\/wp\/v2\/product\/31310"}],"collection":[{"href":"https:\/\/smania.store\/lt\/wp-json\/wp\/v2\/product"}],"about":[{"href":"https:\/\/smania.store\/lt\/wp-json\/wp\/v2\/types\/product"}],"wp:featuredmedia":[{"embeddable":true,"href":"https:\/\/smania.store\/lt\/wp-json\/wp\/v2\/media\/31301"}],"wp:attachment":[{"href":"https:\/\/smania.store\/lt\/wp-json\/wp\/v2\/media?parent=31310"}],"wp:term":[{"taxonomy":"product_cat","embeddable":true,"href":"https:\/\/smania.store\/lt\/wp-json\/wp\/v2\/product_cat?post=31310"},{"taxonomy":"product_tag","embeddable":true,"href":"https:\/\/smania.store\/lt\/wp-json\/wp\/v2\/product_tag?post=31310"}],"curies":[{"name":"wp","href":"https:\/\/api.w.org\/{rel}","templated":true}]}}