{"id":31299,"date":"2025-04-10T13:14:45","date_gmt":"2025-04-10T11:14:45","guid":{"rendered":"https:\/\/smania.store\/lt\/prekes\/grindu-emulsija-floor-max\/"},"modified":"2026-04-09T11:43:25","modified_gmt":"2026-04-09T09:43:25","slug":"grindu-emulsija-floor-max","status":"publish","type":"product","link":"https:\/\/smania.store\/lt\/prekes\/grindu-emulsija-floor-max\/","title":{"rendered":"Grind\u0173 emulsija Floor Max"},"content":{"rendered":"<div class=\"smania_landing_description_title\">NAUJIENA! Floor Max &#8211; tobula \u0161vara j\u016bs\u0173 grindims<\/div>\n<div class=\"smania_landing_description_txt\">Ilgalaik\u0117 vis\u0173 grind\u0173 pavir\u0161i\u0173 \u0161vara ir apsauga<\/div>\n<div class=\"smania_landing_description_subtitle\">Norite, kad j\u016bs\u0173 grindys spind\u0117t\u0173 geriausiai, nepriklausomai nuo pavir\u0161iaus tipo? Floor Max yra itin veiksmingas valiklis, skirtas giluminiam vis\u0173 tip\u0173 grind\u0173 pavir\u0161i\u0173 valymui ir restauravimui. Jis pa\u0161alina \u012fsisen\u0117jusias d\u0117mes, ne\u0161varumus ir riebalus, o j\u016bs\u0173 grindys i\u0161lieka spindin\u010dios ir gaivios. Floor Max yra idealus pasirinkimas namams ir komercin\u0117ms patalpoms, u\u017etikrinantis ilgalaik\u0119 \u0161var\u0105 ir apsaug\u0105.<\/div>\n<div class=\"smania_landing_description_list\">\n<ul>\n<li>Universalus naudojimas: Tinka daugumai grind\u0173 tip\u0173, pvz., medin\u0117ms, vinilin\u0117ms, sintetin\u0117ms, akmens ir kam\u0161tin\u0117ms grindims<\/li>\n<li>I\u0161skirtin\u0117 valymo galia: Greitai pa\u0161alina d\u0117mes ir ne\u0161varumus, nepa\u017eeisdamas pavir\u0161iaus<\/li>\n<li>Lengva naudoti: Tiesiog u\u017etepkite ir nuvalykite &#8211; j\u016bs\u0173 grindys atrodys kaip naujos<\/li>\n<li>Gaivus kvapas: Palieka malon\u0173 ir ilgai i\u0161liekant\u012f gaiv\u0173 kvap\u0105<\/li>\n<li>Ilgalaik\u0117 apsauga: Sukuria apsaugin\u012f sluoksn\u012f, kuris padeda i\u0161vengti pakartotinio purvo kaupimosi<\/li>\n<\/ul><\/div>\n","protected":false},"excerpt":{"rendered":"<p>Giluminis valymas: Efektyviai pa\u0161alina ne\u0161varumus ir d\u0117mes nuo grind\u0173 pavir\u0161i\u0173|Ilgalaikis gaivumas: Palieka ilgalaik\u012f gaiv\u0173 kvap\u0105 ir blizges\u012f|Idealiai tinka vis\u0173 tip\u0173 grind\u0173 pavir\u0161iams, \u012fskaitant \u0161velnias med\u017eiagas|Greitai ir lengvai naudojamas, jo nereikia skalauti|T\u016bris: 500 ml, pakankamai daugkartiniam naudojimui|Ekologi\u0161kas: Formul\u0117 be kenksming\u0173 chemini\u0173 med\u017eiag\u0173|Tinka daugumai grind\u0173 tip\u0173, pvz., medin\u0117ms, vinilin\u0117ms, sintetin\u0117ms, akmenin\u0117ms ir kam\u0161tin\u0117ms grindims|Greitai d\u017ei\u016bsta: Pavir\u0161iai po valymo greitai i\u0161d\u017ei\u016bsta ir yra saug\u016bs naudoti<\/p>\n","protected":false},"featured_media":31288,"template":"","meta":[],"product_cat":[1594,2167],"product_tag":[1973,2169],"acf":[],"_links":{"self":[{"href":"https:\/\/smania.store\/lt\/wp-json\/wp\/v2\/product\/31299"}],"collection":[{"href":"https:\/\/smania.store\/lt\/wp-json\/wp\/v2\/product"}],"about":[{"href":"https:\/\/smania.store\/lt\/wp-json\/wp\/v2\/types\/product"}],"wp:featuredmedia":[{"embeddable":true,"href":"https:\/\/smania.store\/lt\/wp-json\/wp\/v2\/media\/31288"}],"wp:attachment":[{"href":"https:\/\/smania.store\/lt\/wp-json\/wp\/v2\/media?parent=31299"}],"wp:term":[{"taxonomy":"product_cat","embeddable":true,"href":"https:\/\/smania.store\/lt\/wp-json\/wp\/v2\/product_cat?post=31299"},{"taxonomy":"product_tag","embeddable":true,"href":"https:\/\/smania.store\/lt\/wp-json\/wp\/v2\/product_tag?post=31299"}],"curies":[{"name":"wp","href":"https:\/\/api.w.org\/{rel}","templated":true}]}}