{"id":31274,"date":"2025-04-10T13:12:16","date_gmt":"2025-04-10T11:12:16","guid":{"rendered":"https:\/\/smania.store\/lt\/prekes\/purskiamas-sandariklis-leak-proof\/"},"modified":"2026-03-30T18:25:48","modified_gmt":"2026-03-30T16:25:48","slug":"purskiamas-sandariklis-leak-proof","status":"publish","type":"product","link":"https:\/\/smania.store\/lt\/prekes\/purskiamas-sandariklis-leak-proof\/","title":{"rendered":"Pur\u0161kiamas sandariklis Leak Proof"},"content":{"rendered":"<div class=\"smania_landing_description_title\">NAUJIENA! Leak Proof &#8211; puikus sprendimas visiems nuot\u0117kio atvejams<\/div>\n<div class=\"smania_landing_description_txt\">Akimirksniu efektyviai u\u017esandarinkite nuot\u0117kius ir \u012ftr\u016bkimus<\/div>\n<div class=\"smania_landing_description_subtitle\">Ar pavargote nuo nuolatini\u0173 nesandarum\u0173, \u012ftr\u016bkim\u0173 ir ply\u0161i\u0173 namuose ar transporto priemon\u0117je? \u0160is i\u0161skirtinis sandariklio pur\u0161kiklis u\u017etikrina auk\u0161\u010diausio lygio apsaug\u0105 ir universal\u0173 naudojim\u0105. Paprasta, greita ir veiksminga &#8211; sutvarkykite nesandarumus per kelias sekundes, nereikalaudami brangi\u0173 profesionali\u0173 paslaug\u0173.<\/div>\n<div class=\"smania_landing_description_list\">\n<ul>\n<li>I\u0161skirtinis atsparumas atmosferos poveikiui: Leak Proof sandariklio pur\u0161kalas sukurtas taip, kad atlaikyt\u0173 bet kokias oro s\u0105lygas, nuo kar\u0161t\u0173 vasar\u0173 iki \u0161alt\u0173 \u017eiem\u0173, nesutr\u016bkin\u0117damas ir nelupdamasis<\/li>\n<li>Visi\u0161kai atsparus vandeniui: Sukuria nepralaid\u0173 barjer\u0105, kuris visi\u0161kai atstumia vanden\u012f ir apsaugo nuo dr\u0117gm\u0117s prasiskverbimo<\/li>\n<li>Neprilygstamas universalumas: Naudokite j\u012f lang\u0173 tarpams, ply\u0161iams vonios plytel\u0117se ar transporto priemon\u0117s nesandarumui u\u017epildyti<\/li>\n<li>Lengva naudoti: Papras\u010diausiai u\u017epurk\u0161kite pur\u0161kikl\u012f, suformuokite sandarikl\u012f ir leiskite jam i\u0161d\u017ei\u016bti &#8211; jokio vargo, jokios netvarkos<\/li>\n<li>Ilgalaik\u0117 apsauga: Sukuriamas patvarus, lankstus sandariklis, kuris i\u0161silaiko net sud\u0117tingiausiomis s\u0105lygomis<\/li>\n<\/ul><\/div>\n","protected":false},"excerpt":{"rendered":"<p>Patvari apsauga: Perteklinis pur\u0161kiamas hermetikas u\u017etikrina ilgalaik\u0119 apsaug\u0105, nes per vasaros kar\u0161\u010dius jis nesumink\u0161t\u0117ja, o per \u017eiemos \u0161al\u010dius &#8211; nesutr\u016bkin\u0117ja ir nel\u016b\u017ein\u0117ja|Universalus naudojimas: Tinka medienai, metalui, plytel\u0117ms, audiniams, stiklui, plastikui, aliuminiui, porcelianui, gipskartoniui, cementui ir kt|Tikslus naudojimas: Tikslus antgalis leid\u017eia kontroliuoti tepim\u0105 be med\u017eiagos pertekliaus|Pramonin\u0117 kokyb\u0117: Patikimas tiek &#8222;pasidaryk pats&#8221; entuziast\u0173, tiek profesional\u0173, tod\u0117l tai yra pirmaujantis pasirinkimas pramon\u0117je|T\u016bris: 375 ml, pakankamas keliems projektams|Greitai d\u017ei\u016bsta: Efektyvus sandarinimas per kelias minutes, nereikia papildom\u0173 \u012franki\u0173|Nepralaidi apsauga: Atsparus oro s\u0105lygoms ir visi\u0161kai nepralaidus vandeniui, u\u017etikrina ilgalaik\u0119 apsaug\u0105|Naudojimas: Idealiai tinka namams, transporto priemon\u0117ms, laivams ir kitoms reikm\u0117ms, kai reikia patikimo sandarinimo<\/p>\n","protected":false},"featured_media":31265,"template":"","meta":[],"product_cat":[1594,2167],"product_tag":[1973,2168],"acf":[],"_links":{"self":[{"href":"https:\/\/smania.store\/lt\/wp-json\/wp\/v2\/product\/31274"}],"collection":[{"href":"https:\/\/smania.store\/lt\/wp-json\/wp\/v2\/product"}],"about":[{"href":"https:\/\/smania.store\/lt\/wp-json\/wp\/v2\/types\/product"}],"wp:featuredmedia":[{"embeddable":true,"href":"https:\/\/smania.store\/lt\/wp-json\/wp\/v2\/media\/31265"}],"wp:attachment":[{"href":"https:\/\/smania.store\/lt\/wp-json\/wp\/v2\/media?parent=31274"}],"wp:term":[{"taxonomy":"product_cat","embeddable":true,"href":"https:\/\/smania.store\/lt\/wp-json\/wp\/v2\/product_cat?post=31274"},{"taxonomy":"product_tag","embeddable":true,"href":"https:\/\/smania.store\/lt\/wp-json\/wp\/v2\/product_tag?post=31274"}],"curies":[{"name":"wp","href":"https:\/\/api.w.org\/{rel}","templated":true}]}}