{"id":31263,"date":"2025-04-10T13:10:08","date_gmt":"2025-04-10T11:10:08","guid":{"rendered":"https:\/\/smania.store\/lt\/prekes\/vandeniui-atsparus-sandariklis-leak-stop-clear-xl\/"},"modified":"2026-03-18T13:13:15","modified_gmt":"2026-03-18T12:13:15","slug":"vandeniui-atsparus-sandariklis-leak-stop-clear-xl","status":"publish","type":"product","link":"https:\/\/smania.store\/lt\/prekes\/vandeniui-atsparus-sandariklis-leak-stop-clear-xl\/","title":{"rendered":"Vandeniui atsparus sandariklis Leak Stop Clear XL"},"content":{"rendered":"<div class=\"smania_landing_description_title\">NAUJIENA! Puiki vandeniui atspari apsauga visiems pavir\u0161iams<\/div>\n<div class=\"smania_landing_description_txt\">\u012etr\u016bkim\u0173 taisymas vienu paprastu \u017eingsniu<\/div>\n<div class=\"smania_landing_description_subtitle\">\u0160is naujovi\u0161kas, skaidrus hermetikas leid\u017eia greitai u\u017etaisyti \u012ftr\u016bkimus ir skyles bei apsaugoti nuo dr\u0117gm\u0117s ir r\u016bd\u017ei\u0173 \u012fvairius svarbius pavir\u0161ius. Neleiskite, kad dr\u0117gm\u0117 ar korozija sugadint\u0173 j\u016bs\u0173 daiktus &#8211; u\u017etikrinkite ilgalaik\u0119 apsaug\u0105.<\/div>\n<div class=\"smania_landing_description_list\">\n<ul>\n<li>Ilgalaik\u0117 apsauga nuo dr\u0117gm\u0117s<\/li>\n<li>Greitai d\u017ei\u016bsta ir i\u0161lieka lankstus<\/li>\n<li>Nematomas ant daugelio pavir\u0161i\u0173<\/li>\n<li>Galima naudoti ant \u012fvairi\u0173 med\u017eiag\u0173<\/li>\n<li>Tinka naudoti kaip plon\u0105 dang\u0105 ir ma\u017eesniems ply\u0161iams u\u017epildyti<\/li>\n<\/ul><\/div>\n","protected":false},"excerpt":{"rendered":"<p>Ilgalaik\u0117 apsauga nuo dr\u0117gm\u0117s ir r\u016bd\u017ei\u0173|Nematomas padengimas, kad atrodyt\u0173 esteti\u0161kai|Greitai d\u017ei\u016bstanti ir lanksti formul\u0117|Naudojama vidaus ir i\u0161or\u0117s pavir\u0161iams|Permatoma spalva, kad b\u016bt\u0173 nematoma|Galima naudoti \u012fvairioms med\u017eiagoms, pavyzd\u017eiui, metalui, betonui, plastikui ir kt.|Lankstus naudojimas &#8211; galima tepti teptuku, voleliu arba tiesiogiai pilti|Atsparus ekstremalioms oro s\u0105lygoms ir UV spinduliams|T\u016bris: 300 ml, u\u017etenka iki 5 m\u00b2 pavir\u0161iaus|D\u0116MESIO: produktas atrodo baltas net po u\u017etepimo, bet i\u0161d\u017ei\u016bv\u0119s tampa skaidrus<\/p>\n","protected":false},"featured_media":31252,"template":"","meta":[],"product_cat":[1594,2167],"product_tag":[1688,2168],"acf":[],"_links":{"self":[{"href":"https:\/\/smania.store\/lt\/wp-json\/wp\/v2\/product\/31263"}],"collection":[{"href":"https:\/\/smania.store\/lt\/wp-json\/wp\/v2\/product"}],"about":[{"href":"https:\/\/smania.store\/lt\/wp-json\/wp\/v2\/types\/product"}],"wp:featuredmedia":[{"embeddable":true,"href":"https:\/\/smania.store\/lt\/wp-json\/wp\/v2\/media\/31252"}],"wp:attachment":[{"href":"https:\/\/smania.store\/lt\/wp-json\/wp\/v2\/media?parent=31263"}],"wp:term":[{"taxonomy":"product_cat","embeddable":true,"href":"https:\/\/smania.store\/lt\/wp-json\/wp\/v2\/product_cat?post=31263"},{"taxonomy":"product_tag","embeddable":true,"href":"https:\/\/smania.store\/lt\/wp-json\/wp\/v2\/product_tag?post=31263"}],"curies":[{"name":"wp","href":"https:\/\/api.w.org\/{rel}","templated":true}]}}