{"id":31250,"date":"2025-04-10T13:06:43","date_gmt":"2025-04-10T11:06:43","guid":{"rendered":"https:\/\/smania.store\/lt\/prekes\/keramikos-remonto-pasta-ultra-paste\/"},"modified":"2026-01-09T10:37:35","modified_gmt":"2026-01-09T09:37:35","slug":"keramikos-remonto-pasta-ultra-paste","status":"publish","type":"product","link":"https:\/\/smania.store\/lt\/prekes\/keramikos-remonto-pasta-ultra-paste\/","title":{"rendered":"Keramikos remonto pasta Ultra Paste"},"content":{"rendered":"<div class=\"smania_landing_description_title\">NAUJIENA! Ultra Paste &#8211; paprastas keramikos remonto sprendimas<\/div>\n<div class=\"smania_landing_description_txt\">Akimirksniu sutvarkykite pa\u017eeist\u0105 keramik\u0105!<\/div>\n<div class=\"smania_landing_description_subtitle\">Ar pavargote gyventi su \u012ftr\u016bkimais ir pa\u017eeidimais ant savo m\u0117gstam\u0173 keramikos dirbini\u0173? Su Ultra Paste j\u016bs\u0173 problema bus i\u0161spr\u0119sta grei\u010diau, nei manote. \u0160i itin veiksminga pasta skirta at\u0161okusioms plytel\u0117ms, suskilusiems kra\u0161tams ir \u012ftr\u016bkusiai keramikai taisyti, tod\u0117l vos vienu u\u017etepimu pasieksite puik\u0173 rezultat\u0105.<\/div>\n<div class=\"smania_landing_description_list\">\n<ul>\n<li>Greitas ir paprastas remontas: Atkurkite pa\u017eeist\u0105 keramik\u0105 vos per kelias minutes vienu paprastu u\u017etepimu<\/li>\n<li>Puikiai dera: Pasta puikiai dera su keramikos spalva ir tekst\u016bra, tod\u0117l remonto darbai tampa nepastebimi<\/li>\n<li>Universalus naudojimas: Puikiai tinka vis\u0173 tip\u0173 keraminiams pavir\u0161iams &#8211; nuo plyteli\u0173 iki puodeli\u0173 ir vaz\u0173<\/li>\n<li>Taupo laik\u0105 ir pinigus: I\u0161venkite brangi\u0173 pakeitim\u0173 ir ilg\u0173 remont\u0173 naudodami paprast\u0105 ir veiksming\u0105 &#8222;Ultra Paste<\/li>\n<li>Patvarus sprendimas: I\u0161d\u017ei\u016bv\u0119s remontas yra tvirtas ir atsparus kasdieniam naudojimui<\/li>\n<\/ul><\/div>\n","protected":false},"excerpt":{"rendered":"<p>Puikus \u012fdaras: Pasta efektyviai u\u017epildo visus \u012ftr\u016bkimus, suskilin\u0117jusius kra\u0161tus ir skyles|Greitai d\u017ei\u016bsta: Tvirti remonto darbai tampa tvirti vos per 10 minu\u010di\u0173|Atsparus vandeniui: Po remonto pavir\u0161ius bus atsparus vandeniui ir kitiems skys\u010diams|Nematomas remontas: Pasta puikiai susilieja su keramika ir nepalieka joki\u0173 matom\u0173 p\u0117dsak\u0173|T\u016bris: 100 g, pakankamas keliems remonto darbams|Auk\u0161tos kokyb\u0117s formul\u0117: Sukurta taip, kad b\u016bt\u0173 ilgaam\u017e\u0117 ir tvirta|Lengva naudoti: Tiesiog sumai\u0161ykite, u\u017etepkite ir i\u0161lyginkite|Universalus: Tinka plytel\u0117ms, porcelianui, stiklo gaminiams ir kt|PASTABA: gaminys tinka tik baltai keramikai<\/p>\n","protected":false},"featured_media":31228,"template":"","meta":[],"product_cat":[1594,2167],"product_tag":[1973,2168,1657],"acf":[],"_links":{"self":[{"href":"https:\/\/smania.store\/lt\/wp-json\/wp\/v2\/product\/31250"}],"collection":[{"href":"https:\/\/smania.store\/lt\/wp-json\/wp\/v2\/product"}],"about":[{"href":"https:\/\/smania.store\/lt\/wp-json\/wp\/v2\/types\/product"}],"wp:featuredmedia":[{"embeddable":true,"href":"https:\/\/smania.store\/lt\/wp-json\/wp\/v2\/media\/31228"}],"wp:attachment":[{"href":"https:\/\/smania.store\/lt\/wp-json\/wp\/v2\/media?parent=31250"}],"wp:term":[{"taxonomy":"product_cat","embeddable":true,"href":"https:\/\/smania.store\/lt\/wp-json\/wp\/v2\/product_cat?post=31250"},{"taxonomy":"product_tag","embeddable":true,"href":"https:\/\/smania.store\/lt\/wp-json\/wp\/v2\/product_tag?post=31250"}],"curies":[{"name":"wp","href":"https:\/\/api.w.org\/{rel}","templated":true}]}}