{"id":31226,"date":"2025-04-10T13:04:51","date_gmt":"2025-04-10T11:04:51","guid":{"rendered":"https:\/\/smania.store\/lt\/prekes\/biciu-vaskas-medienai-bee-wax\/"},"modified":"2025-04-10T13:04:51","modified_gmt":"2025-04-10T11:04:51","slug":"biciu-vaskas-medienai-bee-wax","status":"publish","type":"product","link":"https:\/\/smania.store\/lt\/prekes\/biciu-vaskas-medienai-bee-wax\/","title":{"rendered":"Bi\u010di\u0173 va\u0161kas medienai Bee Wax"},"content":{"rendered":"<div class=\"smania_landing_description_title\">NAUJIENA! Bee Wax &#8211; atkurkite medini\u0173 bald\u0173 blizges\u012f<\/div>\n<div class=\"smania_landing_description_txt\">Atgaivinkite savo medinius baldus!<\/div>\n<div class=\"smania_landing_description_subtitle\">Pavargote nuo nuobod\u017eios ir susid\u0117v\u0117jusios sen\u0173 medini\u0173 bald\u0173 i\u0161vaizdos? Bi\u010di\u0173 va\u0161kas yra puiki poliravimo priemon\u0117, kuri sugr\u0105\u017eins j\u016bs\u0173 baldams blizges\u012f ir nat\u016bral\u0173 gro\u017e\u012f. Nereikia atsikratyti sen\u0173 bald\u0173 &#8211; su \u0161iuo va\u0161ku jie atrodys kaip nauji. 150 ml talpos pakanka iki 8 m\u00b2 medini\u0173 pavir\u0161i\u0173, tod\u0117l puikiai tinka atgaivinti m\u0117gstamiausius daiktus.<\/div>\n<div class=\"smania_landing_description_list\">\n<ul>\n<li>Atkuria blizges\u012f: atgaivina medinius pavir\u0161ius ir gr\u0105\u017eina jiems nat\u016bral\u0173 blizges\u012f, tod\u0117l baldai atrodo kaip nauji<\/li>\n<li>Lengva naudoti: greitas ir paprastas naudojimas, suteikiantis baldams ilgalaik\u012f blizges\u012f ir apsaug\u0105<\/li>\n<li>Apsauga nuo \u012fbr\u0117\u017eim\u0173: apsaugo medien\u0105 nuo pa\u017eeidim\u0173 ir neleid\u017eia atsirasti \u012fbr\u0117\u017eimams<\/li>\n<li>Vandeniui atspari apsauga: sukuria vandeniui atspar\u0173 barjer\u0105, kuris apsaugo baldus nuo dr\u0117gm\u0117s<\/li>\n<li>Netoksi\u0161ka ir saugu: sud\u0117tyje yra bi\u010di\u0173 va\u0161ko, kuris yra saugus naudoti, netoksi\u0161kas ir \u0161velnus odai<\/li>\n<\/ul><\/div>\n","protected":false},"excerpt":{"rendered":"<p>Medienos restauravimas: Mediniams baldams sugr\u0105\u017einamas nat\u016bralus blizgesys ir apsauga|Ilgalaik\u0117 apsauga: Apsaugo medinius pavir\u0161ius nuo pa\u017eeidim\u0173 ir apsaugo nuo dr\u0117gm\u0117s bei \u012fbr\u0117\u017eim\u0173|Universalus naudojimas: Puikiai tinka medin\u0117ms grindims, stalams, k\u0117d\u0117ms, durims ir kitiems mediniams baldams|Saugu naudoti: Netoksi\u0161ka formul\u0117 su bi\u010di\u0173 va\u0161ku, tinka namams su vaikais ir naminiais gyv\u016bnais|T\u016bris: 150 ml, u\u017etenka iki 8 m\u00b2 medini\u0173 pavir\u0161i\u0173|Bi\u010di\u0173 va\u0161ko formul\u0117: nat\u016brali sud\u0117tis, maitinanti ir sauganti medien\u0105|Lengva naudoti: tiesiog u\u017etepkite mink\u0161ta \u0161luoste ir m\u0117gaukit\u0117s atnaujintu blizgesiu|Netoksi\u0161kas: va\u0161kas saugus naudoti patalpose, be kenksming\u0173 chemini\u0173 med\u017eiag\u0173<\/p>\n","protected":false},"featured_media":31216,"template":"","meta":[],"product_cat":[1594,2167],"product_tag":[1973],"acf":[],"_links":{"self":[{"href":"https:\/\/smania.store\/lt\/wp-json\/wp\/v2\/product\/31226"}],"collection":[{"href":"https:\/\/smania.store\/lt\/wp-json\/wp\/v2\/product"}],"about":[{"href":"https:\/\/smania.store\/lt\/wp-json\/wp\/v2\/types\/product"}],"wp:featuredmedia":[{"embeddable":true,"href":"https:\/\/smania.store\/lt\/wp-json\/wp\/v2\/media\/31216"}],"wp:attachment":[{"href":"https:\/\/smania.store\/lt\/wp-json\/wp\/v2\/media?parent=31226"}],"wp:term":[{"taxonomy":"product_cat","embeddable":true,"href":"https:\/\/smania.store\/lt\/wp-json\/wp\/v2\/product_cat?post=31226"},{"taxonomy":"product_tag","embeddable":true,"href":"https:\/\/smania.store\/lt\/wp-json\/wp\/v2\/product_tag?post=31226"}],"curies":[{"name":"wp","href":"https:\/\/api.w.org\/{rel}","templated":true}]}}