{"id":31194,"date":"2025-04-10T13:02:18","date_gmt":"2025-04-10T11:02:18","guid":{"rendered":"https:\/\/smania.store\/lt\/prekes\/stiklo-valiklis-ir-hidrofobine-apsauga-visiglass\/"},"modified":"2025-08-26T12:30:54","modified_gmt":"2025-08-26T10:30:54","slug":"stiklo-valiklis-ir-hidrofobine-apsauga-visiglass","status":"publish","type":"product","link":"https:\/\/smania.store\/lt\/prekes\/stiklo-valiklis-ir-hidrofobine-apsauga-visiglass\/","title":{"rendered":"Stiklo valiklis ir hidrofobin\u0117 apsauga Visiglass"},"content":{"rendered":"<div class=\"smania_landing_description_title\">NAUJIENA! Visiglass &#8211; puikus stiklo skaidrumas ir apsauga<\/div>\n<div class=\"smania_landing_description_txt\">Geresnis matomumas ir saugumas kelyje<\/div>\n<div class=\"smania_landing_description_subtitle\">Ar susiduriate su riebi\u0173 d\u0117mi\u0173 ir erzinan\u010diais valytuv\u0173 garsais ant lang\u0173? Visiglass yra naujovi\u0161kas valiklis, skirtas stiklo skaidrumui didinti, veiksmingai \u0161alinantis riebias d\u0117mes ir valytuv\u0173 \u017eymes, taip pat sukuriantis apsaugin\u012f sluoksn\u012f, kuris atstumia vanden\u012f, liet\u0173 ir dr\u0117gm\u0119. Naudodami Visiglass geriau matysite, va\u017eiuosite saugiau ir i\u0161laikysite nepriekai\u0161ting\u0105 automobilio stiklo b\u016bkl\u0119.<\/div>\n<div class=\"smania_landing_description_list\">\n<ul>\n<li>I\u0161skirtin\u0117 valymo galia: veiksmingai pa\u0161alina riebias d\u0117mes, lipdukus ir kitus ter\u0161alus nuo stiklo<\/li>\n<li>Apsauginis sluoksnis: Sukuriamas hidrofobinis pavir\u0161ius, kuris atstumia vandens la\u0161elius ir neleid\u017eia kauptis dr\u0117gmei<\/li>\n<li>Lengva naudoti: Tiesiog u\u017etepkite tiesiai ant stiklo arba \u012fpilkite \u012f valytuv\u0173 skyst\u012f<\/li>\n<li>Ilgalaik\u0117 apsauga: Neleid\u017eia d\u0117m\u0117ms atsinaujinti ir ilgiau i\u0161laiko stikl\u0105 \u0161varesn\u012f<\/li>\n<li>Saugus stiklui: Nepa\u017eeid\u017eia stiklo, u\u017etikrina nepriekai\u0161ting\u0105 valym\u0105 be \u012fbr\u0117\u017eim\u0173<\/li>\n<\/ul><\/div>\n","protected":false},"excerpt":{"rendered":"<p>Geresnis matomumas: Geras matomumas pro stikl\u0105, net ir lyjant lietui|Ilgalaik\u0117 apsauga: Hidrofobinis sluoksnis atstumia vanden\u012f, tod\u0117l nereikia da\u017enai valyti|Universalus naudojimas: Tinka visiems stikliniams pavir\u0161iams, \u012fskaitant automobili\u0173 langus|Greitai veikia: Akimirksniu pa\u0161alina \u012fsisen\u0117jusias d\u0117mes ir atkuria stiklo blizges\u012f|T\u016bris: 300 ml, pakankamas daugkartiniam naudojimui|Lengva naudoti: Naudokite tiesiogiai arba praskieskite valytuv\u0173 skys\u010diu|Hidrofobin\u0117 apsauga: Atstumia vanden\u012f ir dr\u0117gm\u0119, tod\u0117l stiklas i\u0161lieka sausas ir \u0161varus|Saugus stiklui: Sud\u0117tyje n\u0117ra kenksming\u0173 chemini\u0173 med\u017eiag\u0173, galin\u010di\u0173 pa\u017eeisti stiklo pavir\u0161i\u0173<\/p>\n","protected":false},"featured_media":31186,"template":"","meta":[],"product_cat":[1596,2167],"product_tag":[2171,1703,2169],"acf":[],"_links":{"self":[{"href":"https:\/\/smania.store\/lt\/wp-json\/wp\/v2\/product\/31194"}],"collection":[{"href":"https:\/\/smania.store\/lt\/wp-json\/wp\/v2\/product"}],"about":[{"href":"https:\/\/smania.store\/lt\/wp-json\/wp\/v2\/types\/product"}],"wp:featuredmedia":[{"embeddable":true,"href":"https:\/\/smania.store\/lt\/wp-json\/wp\/v2\/media\/31186"}],"wp:attachment":[{"href":"https:\/\/smania.store\/lt\/wp-json\/wp\/v2\/media?parent=31194"}],"wp:term":[{"taxonomy":"product_cat","embeddable":true,"href":"https:\/\/smania.store\/lt\/wp-json\/wp\/v2\/product_cat?post=31194"},{"taxonomy":"product_tag","embeddable":true,"href":"https:\/\/smania.store\/lt\/wp-json\/wp\/v2\/product_tag?post=31194"}],"curies":[{"name":"wp","href":"https:\/\/api.w.org\/{rel}","templated":true}]}}