{"id":31172,"date":"2025-04-10T12:59:00","date_gmt":"2025-04-10T10:59:00","guid":{"rendered":"https:\/\/smania.store\/lt\/prekes\/ibrezimu-salinimo-priemone-nano-polish\/"},"modified":"2026-04-30T07:24:53","modified_gmt":"2026-04-30T05:24:53","slug":"ibrezimu-salinimo-priemone-nano-polish","status":"publish","type":"product","link":"https:\/\/smania.store\/lt\/prekes\/ibrezimu-salinimo-priemone-nano-polish\/","title":{"rendered":"\u012ebr\u0117\u017eim\u0173 \u0161alinimo priemon\u0117 Nano Polish"},"content":{"rendered":"<div class=\"smania_landing_description_title\">NAUJIENA! Nano Polish &#8211; kad j\u016bs\u0173 automobilis v\u0117l atrodyt\u0173 kaip naujas<\/div>\n<div class=\"smania_landing_description_txt\">Be vargo pa\u0161alinkite \u012fbr\u0117\u017eimus naudodami stebukling\u0105 formul\u0119<\/div>\n<div class=\"smania_landing_description_subtitle\">Ar pasteb\u0117jote \u012fbr\u0117\u017eim\u0173 ant savo automobilio, kurie gadina jo i\u0161vaizd\u0105? Nano Polish yra \u010dia, kad pad\u0117t\u0173! \u0160is revoliucinis produktas leid\u017eia patiems pa\u0161alinti \u012fbr\u0117\u017eimus ir atkurti automobilio blizges\u012f. Nebereikia brangiai kainuojan\u010di\u0173 vizit\u0173 \u012f k\u0117bul\u0173 remonto dirbtuves &#8211; tiesiog u\u017etepkite Nano Polish ir steb\u0117kite, kaip \u012fbr\u0117\u017eimai i\u0161nyksta per kelias sekundes.<\/div>\n<div class=\"smania_landing_description_list\">\n<ul>\n<li>Greitas \u012fbr\u0117\u017eim\u0173 pa\u0161alinimas: Su Nano Polish per kelias sekundes pa\u0161alinkite \u012fbr\u0117\u017eimus ir atkurkite automobilio blizges\u012f<\/li>\n<li>Lengva naudoti: Joki\u0173 sud\u0117ting\u0173 proced\u016br\u0173 &#8211; tiesiog u\u017etepkite ir nuvalykite<\/li>\n<li>Ilgalaik\u0117 apsauga: Pa\u0161alinus \u012fbr\u0117\u017eimus, jis apsaugo j\u016bs\u0173 automobil\u012f nuo tolesni\u0173 pa\u017eeidim\u0173<\/li>\n<li>Taupo laik\u0105 ir pinigus: Pamir\u0161kite apie brang\u0173 remont\u0105 &#8211; Nano Polish yra greitas ir nebrangus sprendimas<\/li>\n<li>Saugus j\u016bs\u0173 automobiliui: Be kenksming\u0173 chemini\u0173 med\u017eiag\u0173, galin\u010di\u0173 pakenkti j\u016bs\u0173 automobilio k\u0117bului<\/li>\n<\/ul><\/div>\n","protected":false},"excerpt":{"rendered":"<p>Greitas veiksmas: \u012ebr\u0117\u017eimai pa\u0161alinami per kelias sekundes, o j\u016bs\u0173 automobilis v\u0117l blizga kaip naujas|Patogu ir veiksminga: Idealus sprendimas, kai neturite laiko ar l\u0117\u0161\u0173 kelionei \u012f k\u0117bul\u0173 remonto dirbtuves|Ilgalaik\u0117 apsauga: Ne tik atkuria j\u016bs\u0173 automobil\u012f, bet ir apsaugo j\u012f nuo pa\u017eeidim\u0173 ateityje|Lengva naudoti: Sukurta naudoti namuose, nereikia speciali\u0173 \u012franki\u0173|T\u016bris: 30 ml, pakankamai daugkartiniam naudojimui|Universalumas: Tinka vis\u0173 tip\u0173 automobili\u0173 pavir\u0161iams|Draugi\u0161kas aplinkai: Be a\u0161tri\u0173 chemini\u0173 med\u017eiag\u0173, saugu naudoti namuose|Didelis veiksmingumas: Garantuoti rezultatai, kurie j\u016bs\u0173 nenuvils<\/p>\n","protected":false},"featured_media":31162,"template":"","meta":[],"product_cat":[1596,2167],"product_tag":[2171,1703],"acf":[],"_links":{"self":[{"href":"https:\/\/smania.store\/lt\/wp-json\/wp\/v2\/product\/31172"}],"collection":[{"href":"https:\/\/smania.store\/lt\/wp-json\/wp\/v2\/product"}],"about":[{"href":"https:\/\/smania.store\/lt\/wp-json\/wp\/v2\/types\/product"}],"wp:featuredmedia":[{"embeddable":true,"href":"https:\/\/smania.store\/lt\/wp-json\/wp\/v2\/media\/31162"}],"wp:attachment":[{"href":"https:\/\/smania.store\/lt\/wp-json\/wp\/v2\/media?parent=31172"}],"wp:term":[{"taxonomy":"product_cat","embeddable":true,"href":"https:\/\/smania.store\/lt\/wp-json\/wp\/v2\/product_cat?post=31172"},{"taxonomy":"product_tag","embeddable":true,"href":"https:\/\/smania.store\/lt\/wp-json\/wp\/v2\/product_tag?post=31172"}],"curies":[{"name":"wp","href":"https:\/\/api.w.org\/{rel}","templated":true}]}}