{"id":31111,"date":"2025-04-10T12:44:22","date_gmt":"2025-04-10T10:44:22","guid":{"rendered":"https:\/\/smania.store\/lt\/prekes\/didelio-blizgesio-remonto-ir-apdailos-tirpalas-autogloss\/"},"modified":"2026-04-01T16:10:20","modified_gmt":"2026-04-01T14:10:20","slug":"didelio-blizgesio-remonto-ir-apdailos-tirpalas-autogloss","status":"publish","type":"product","link":"https:\/\/smania.store\/lt\/prekes\/didelio-blizgesio-remonto-ir-apdailos-tirpalas-autogloss\/","title":{"rendered":"Didelio blizgesio remonto ir apdailos tirpalas AutoGloss"},"content":{"rendered":"<div class=\"smania_landing_description_title\">NAUJIENA! AutoGloss &#8211; didelio blizgesio remonto ir apdailos priemon\u0117<\/div>\n<div class=\"smania_landing_description_txt\">Naujovi\u0161ka formul\u0117 &#8222;3 viename&#8221; u\u017epildo \u012fbr\u0117\u017eimus ir netobulumus!<\/div>\n<div class=\"smania_landing_description_subtitle\">AutoGloss yra puikus &#8222;3 viename&#8221; sprendimas j\u016bs\u0173 transporto priemonei! \u0160i auk\u0161tos kokyb\u0117s savaime i\u0161silyginanti apsaugin\u0117 danga ne tik i\u0161taiso pavir\u0161iaus tr\u016bkumus, bet ir suteikia blizges\u012f bei ilgalaik\u0119 apsaug\u0105!\ud83d\ude97\u2728<\/div>\n<div class=\"smania_landing_description_list\">\n<ul>\n<li>Lengvai i\u0161lygina ir u\u017epildo pavir\u0161iaus netobulumus<\/li>\n<li>I\u0161ry\u0161kina spalv\u0173 gyl\u012f ir sodrum\u0105<\/li>\n<li>U\u017etikrina apsaug\u0105 nuo UV spinduli\u0173 ir apsaugo nuo r\u016bd\u017ei\u0173<\/li>\n<li>Greitas ir veiksmingas sprendimas nepriekai\u0161tingai automobilio i\u0161vaizdai atkurti<\/li>\n<li>Nereikia profesionali\u0173 paslaug\u0173<\/li>\n<\/ul><\/div>\n","protected":false},"excerpt":{"rendered":"<p>Patvari danga, apsauganti automobil\u012f nuo UV spinduli\u0173 ir r\u016bd\u017ei\u0173|Atkuria j\u016bs\u0173 automobilio spalvos blizges\u012f ir sodrum\u0105|I\u0161lygina ir u\u017epildo pavir\u0161iaus \u012fbr\u0117\u017eimus ir nelygumus|Ilgalaikis poveikis|Lengva naudoti: tepkite ant transporto priemon\u0117s pavir\u0161iaus kempine|T\u016bris: 150 ml|Galiojimo laikas: 3 metai<\/p>\n","protected":false},"featured_media":31620,"template":"","meta":[],"product_cat":[1596,2167],"product_tag":[2171,1703,2169],"acf":[],"_links":{"self":[{"href":"https:\/\/smania.store\/lt\/wp-json\/wp\/v2\/product\/31111"}],"collection":[{"href":"https:\/\/smania.store\/lt\/wp-json\/wp\/v2\/product"}],"about":[{"href":"https:\/\/smania.store\/lt\/wp-json\/wp\/v2\/types\/product"}],"wp:featuredmedia":[{"embeddable":true,"href":"https:\/\/smania.store\/lt\/wp-json\/wp\/v2\/media\/31620"}],"wp:attachment":[{"href":"https:\/\/smania.store\/lt\/wp-json\/wp\/v2\/media?parent=31111"}],"wp:term":[{"taxonomy":"product_cat","embeddable":true,"href":"https:\/\/smania.store\/lt\/wp-json\/wp\/v2\/product_cat?post=31111"},{"taxonomy":"product_tag","embeddable":true,"href":"https:\/\/smania.store\/lt\/wp-json\/wp\/v2\/product_tag?post=31111"}],"curies":[{"name":"wp","href":"https:\/\/api.w.org\/{rel}","templated":true}]}}