{"id":31099,"date":"2025-04-10T12:43:03","date_gmt":"2025-04-10T10:43:03","guid":{"rendered":"https:\/\/smania.store\/lt\/prekes\/lankstus-polikarbamido-glaistymo-sandariklis-groutpro-1-kg\/"},"modified":"2026-03-09T13:50:29","modified_gmt":"2026-03-09T12:50:29","slug":"lankstus-polikarbamido-glaistymo-sandariklis-groutpro-1-kg","status":"publish","type":"product","link":"https:\/\/smania.store\/lt\/prekes\/lankstus-polikarbamido-glaistymo-sandariklis-groutpro-1-kg\/","title":{"rendered":"Lankstus polikarbamido glaistymo sandariklis GroutPro\u2122 (1 kg)"},"content":{"rendered":"<div class=\"smania_landing_description_title\">Nuostabi naujov\u0117! Puikus sandariklis sienoms ir si\u016bl\u0117ms!<\/div>\n<div class=\"smania_landing_description_txt\">Lengvai u\u017esandarinkite \u012ftr\u016bkimus patvariu ir lanks\u010diu sandarikliu per kelias minutes!<\/div>\n<div class=\"smania_landing_description_subtitle\">Pamir\u0161kite apie nuot\u0117kius ir \u012ftr\u016bkimus! Su m\u016bs\u0173 GroutPro\u2122 sandarikliu greitai i\u0161spr\u0119site visas su \u012ftr\u016bkusiomis sienomis, jungtimis ir nuot\u0117kiais susijusias problemas. \u0160is revoliucinis polikarbamido polimerinis sandariklis suteikia vandeniui atspari\u0105 apsaug\u0105 ir patikimum\u0105 daugel\u012f met\u0173. Nelaukite, padarykite savo namus sandar\u0173!<\/div>\n<div class=\"smania_landing_description_list\">\n<ul>\n<li>Naudojamas \u012ftr\u016bkim\u0173 ir i\u0161sipl\u0117timo si\u016bli\u0173 sandarinimui<\/li>\n<li>Greitas ir ilgalaikis sandarinimas<\/li>\n<li>Atsparus vandeniui ir oro s\u0105lygoms<\/li>\n<li>Lengva pritaikyti, nereikia specialisto<\/li>\n<li>Tinka naudoti viduje ir lauke<\/li>\n<li>Itin elastingi ir patvar\u016bs<\/li>\n<\/ul><\/div>\n","protected":false},"excerpt":{"rendered":"<p>Atsparus ekstremalioms temperat\u016broms|Atsparus sl\u0117giui, nesideformuoja ir netr\u016bkin\u0117ja|Atsparus vandeniui ir atsparus oro s\u0105lygoms|Saugus naudoti ant vis\u0173 pavir\u0161i\u0173|Apsauga nuo dr\u0117gm\u0117s ir pel\u0117sio|Anti-sen\u0117jimo ir labai elastinga formul\u0117|Netoksi\u0161kas, bekvapis ir saugus tiek \u017emon\u0117ms, tiek naminiams gyv\u016bn\u0117liams|Didelis efektyvumas ir patikimumas ilgalaikiam remontui|Puikiai tinka profesionaliam ir nam\u0173 naudojimui|Idealiai tinka remontui ir renovacijai|Greitas stingimas, nesusitraukimo|Tinka sausam naudojimui|Saugus ir nekenksmingas|Kiekis: 1 kg (pakanka 1\u20132 m2, priklausomai nuo sluoksnio storio, plo\u010dio ir ply\u0161i\u0173 gylio)<\/p>\n","protected":false},"featured_media":31087,"template":"","meta":[],"product_cat":[1594,2167],"product_tag":[1688,2168],"acf":[],"_links":{"self":[{"href":"https:\/\/smania.store\/lt\/wp-json\/wp\/v2\/product\/31099"}],"collection":[{"href":"https:\/\/smania.store\/lt\/wp-json\/wp\/v2\/product"}],"about":[{"href":"https:\/\/smania.store\/lt\/wp-json\/wp\/v2\/types\/product"}],"wp:featuredmedia":[{"embeddable":true,"href":"https:\/\/smania.store\/lt\/wp-json\/wp\/v2\/media\/31087"}],"wp:attachment":[{"href":"https:\/\/smania.store\/lt\/wp-json\/wp\/v2\/media?parent=31099"}],"wp:term":[{"taxonomy":"product_cat","embeddable":true,"href":"https:\/\/smania.store\/lt\/wp-json\/wp\/v2\/product_cat?post=31099"},{"taxonomy":"product_tag","embeddable":true,"href":"https:\/\/smania.store\/lt\/wp-json\/wp\/v2\/product_tag?post=31099"}],"curies":[{"name":"wp","href":"https:\/\/api.w.org\/{rel}","templated":true}]}}