{"id":31070,"date":"2025-04-10T12:35:36","date_gmt":"2025-04-10T10:35:36","guid":{"rendered":"https:\/\/smania.store\/lt\/prekes\/hidrofobinis-priekinio-stiklo-skystis-visionguard\/"},"modified":"2025-12-07T22:33:09","modified_gmt":"2025-12-07T21:33:09","slug":"hidrofobinis-priekinio-stiklo-skystis-visionguard","status":"publish","type":"product","link":"https:\/\/smania.store\/lt\/prekes\/hidrofobinis-priekinio-stiklo-skystis-visionguard\/","title":{"rendered":"Hidrofobinis priekinio stiklo skystis VisionGuard\u2122"},"content":{"rendered":"<div class=\"smania_landing_description_title\">NAUJIENA! Visapusi\u0161ka apsauga j\u016bs\u0173 stiklui<\/div>\n<div class=\"smania_landing_description_txt\">Puikus matomumas net lietaus ir r\u016bko metu!<\/div>\n<div class=\"smania_landing_description_subtitle\">U\u017etikrinkite puik\u0173 matomum\u0105 kelyje! VisionGuard\u2122 sukuria apsaugin\u012f sluoksn\u012f ant stiklo, kuris atstumia liet\u0173, ne\u0161varumus, dulkes, r\u016bk\u0105 ir skys\u010dius. Lengva tepti, i\u0161silaiko kelias savaites ir yra atspari -25\u00b0C temperat\u016brai. U\u017etikrinkite savo vairavimo saugum\u0105 \u0161iandien!<\/div>\n<div class=\"smania_landing_description_list\">\n<ul>\n<li>Suteikia ai\u0161k\u0173 vaizd\u0105 per stikl\u0105<\/li>\n<li>Sukuria ilgai i\u0161liekant\u012f apsaugin\u012f sluoksn\u012f<\/li>\n<li>Efektyviai atstumia vanden\u012f (liet\u0173, r\u016bk\u0105) ir ne\u0161varumus<\/li>\n<li>Puikiai tinka k\u0117bului ir stiklui<\/li>\n<li>Atspari temperat\u016brai iki -25\u00b0C<\/li>\n<li>Saugus ir paprastas naudoti, n\u0117ra kenksming\u0173 chemini\u0173 med\u017eiag\u0173<\/li>\n<\/ul><\/div>\n","protected":false},"excerpt":{"rendered":"<p>Optimalus matomumas visomis s\u0105lygomis|Padidintas saugumas vairuojant|Lengva naudoti: tepkite tiesiai arba praskieskite valytuv\u0173 skys\u010diu|Atsparus \u017eemai temperat\u016brai|Savaites trunkanti lang\u0173 ir k\u0117bulo apsauga|Pa\u0161alina sunkiai \u012fveikiamas d\u0117mes ir atkuria stiklo blizges\u012f|Nedirgina odos|Jis atstumia liet\u0173, dulkes ir ne\u0161varumus|Idealiai tinka visiems sezonams|T\u016bris: 1 L \u2013 u\u017etenka daugkartiniam naudojimui<\/p>\n","protected":false},"featured_media":31062,"template":"","meta":[],"product_cat":[1596,2167],"product_tag":[2171,1703,2169],"acf":[],"_links":{"self":[{"href":"https:\/\/smania.store\/lt\/wp-json\/wp\/v2\/product\/31070"}],"collection":[{"href":"https:\/\/smania.store\/lt\/wp-json\/wp\/v2\/product"}],"about":[{"href":"https:\/\/smania.store\/lt\/wp-json\/wp\/v2\/types\/product"}],"wp:featuredmedia":[{"embeddable":true,"href":"https:\/\/smania.store\/lt\/wp-json\/wp\/v2\/media\/31062"}],"wp:attachment":[{"href":"https:\/\/smania.store\/lt\/wp-json\/wp\/v2\/media?parent=31070"}],"wp:term":[{"taxonomy":"product_cat","embeddable":true,"href":"https:\/\/smania.store\/lt\/wp-json\/wp\/v2\/product_cat?post=31070"},{"taxonomy":"product_tag","embeddable":true,"href":"https:\/\/smania.store\/lt\/wp-json\/wp\/v2\/product_tag?post=31070"}],"curies":[{"name":"wp","href":"https:\/\/api.w.org\/{rel}","templated":true}]}}