{"id":31016,"date":"2025-04-10T12:32:07","date_gmt":"2025-04-10T10:32:07","guid":{"rendered":"https:\/\/smania.store\/lt\/prekes\/medienos-restauravimo-ir-valymo-priemone-vividwood-300-ml\/"},"modified":"2025-11-04T07:34:49","modified_gmt":"2025-11-04T06:34:49","slug":"medienos-restauravimo-ir-valymo-priemone-vividwood-300-ml","status":"publish","type":"product","link":"https:\/\/smania.store\/lt\/prekes\/medienos-restauravimo-ir-valymo-priemone-vividwood-300-ml\/","title":{"rendered":"Medienos restauravimo ir valymo priemon\u0117 VividWood\u2122 (300 ml)"},"content":{"rendered":"<div class=\"smania_landing_description_title\">NAUJIENA: VividWood\u2122 &#8211; atgaivinkite nuobod\u017ei\u0105 medien\u0105!<\/div>\n<div class=\"smania_landing_description_txt\">Atkurkite nat\u016bral\u0173 senos medienos gro\u017e\u012f!<\/div>\n<div class=\"smania_landing_description_subtitle\">Skirtingai nuo kit\u0173 medienos restauravimo produkt\u0173, VividWood\u2122 ne tik paslepia pa\u017eeidimus! Jis \u012fsiskverbia \u012f pavir\u0161i\u0173, neutralizuoja pilk\u0117jim\u0105 ir atgaivina medien\u0105, pailgindamas jos tarnavimo laik\u0105 ir sutaupydamas medienos keitimo i\u0161laidas.<\/div>\n<div class=\"smania_landing_description_list\">\n<ul>\n<li>Akimirksniu atgaivina sen\u0105, pilk\u0105 medien\u0105<\/li>\n<li>Sudau\u017eo purv\u0105, pel\u0117s\u012f ir oksidacij\u0105, d\u0117l kuri\u0173 kei\u010diasi medienos spalva<\/li>\n<li>Suteikia medienai gaivi\u0105, atnaujint\u0105 i\u0161vaizd\u0105<\/li>\n<li>I\u0161saugo nat\u016bral\u0173 medienos patrauklum\u0105<\/li>\n<li>Universaliai tinka visiems i\u0161oriniams mediniams pavir\u0161iams<\/li>\n<li>Saugi, giliai valanti formul\u0117<\/li>\n<\/ul><\/div>\n","protected":false},"excerpt":{"rendered":"<p>\u012esiskverbia \u012f pavir\u0161i\u0173, neutralizuoja pilk\u0117jim\u0105 ir atgaivina medien\u0105|Prailgina tarnavimo laik\u0105 ir padeda sutaupyti medienos keitimo i\u0161laid\u0173|Pa\u0161alina \u012fsisen\u0117jusius spalvos pakitimus ir atkuria pirmin\u0119 medienos \u0161ilum\u0105 bei charakter\u012f|Atkuria ir pagerina vis\u0173 i\u0161orini\u0173 medini\u0173 pavir\u0161i\u0173 i\u0161vaizd\u0105|Galima naudoti grindims, tvoroms, lauko baldams, medin\u0117ms pa\u0161i\u016br\u0117ms ir kt|Pagaminta i\u0161 saugi\u0173, \u0161velni\u0173 ingredient\u0173, be a\u0161tri\u0173 chemini\u0173 med\u017eiag\u0173|Netoksi\u0161kas, saugus \u017emon\u0117ms, naminiams gyv\u016bnams ir augalams|Sud\u0117tis: 300 ml<\/p>\n","protected":false},"featured_media":31017,"template":"","meta":[],"product_cat":[1594,2167],"product_tag":[1973,1688,2169],"acf":[],"_links":{"self":[{"href":"https:\/\/smania.store\/lt\/wp-json\/wp\/v2\/product\/31016"}],"collection":[{"href":"https:\/\/smania.store\/lt\/wp-json\/wp\/v2\/product"}],"about":[{"href":"https:\/\/smania.store\/lt\/wp-json\/wp\/v2\/types\/product"}],"wp:featuredmedia":[{"embeddable":true,"href":"https:\/\/smania.store\/lt\/wp-json\/wp\/v2\/media\/31017"}],"wp:attachment":[{"href":"https:\/\/smania.store\/lt\/wp-json\/wp\/v2\/media?parent=31016"}],"wp:term":[{"taxonomy":"product_cat","embeddable":true,"href":"https:\/\/smania.store\/lt\/wp-json\/wp\/v2\/product_cat?post=31016"},{"taxonomy":"product_tag","embeddable":true,"href":"https:\/\/smania.store\/lt\/wp-json\/wp\/v2\/product_tag?post=31016"}],"curies":[{"name":"wp","href":"https:\/\/api.w.org\/{rel}","templated":true}]}}