{"id":30996,"date":"2025-04-10T12:29:36","date_gmt":"2025-04-10T10:29:36","guid":{"rendered":"https:\/\/smania.store\/lt\/prekes\/universalus-nuriebalintojas-greaseoff-500-ml\/"},"modified":"2026-04-15T16:40:19","modified_gmt":"2026-04-15T14:40:19","slug":"universalus-nuriebalintojas-greaseoff-500-ml","status":"publish","type":"product","link":"https:\/\/smania.store\/lt\/prekes\/universalus-nuriebalintojas-greaseoff-500-ml\/","title":{"rendered":"Universalus nuriebalintojas GreaseOFF\u2122 (500 ml)"},"content":{"rendered":"<div class=\"smania_landing_description_title\">NAUJA FORMUL\u0116: GreaseOFF\u2122 &#8211; suskaido riebalus molekuliniu lygmeniu<\/div>\n<div class=\"smania_landing_description_txt\">Atsisveikinkite su \u012fsisen\u0117jusiais riebalais ir ne\u0161varumais!<\/div>\n<div class=\"smania_landing_description_subtitle\">Atsisveikinkite su \u012fsisen\u0117jusiais riebalais ir ne\u0161varumais! Pa\u017eangi GreaseOFF\u2122 formul\u0117 giliai \u012fsiskverbia \u012f riebalus, suskaidydama juos molekuliniu lygmeniu ir u\u017etikrindama nepriekai\u0161ting\u0105 bet kokio pavir\u0161iaus apdail\u0105 be liku\u010di\u0173.<\/div>\n<div class=\"smania_landing_description_list\">\n<ul>\n<li>\u012eveikia susikaupusi\u0173 riebal\u0173 sluoksnius<\/li>\n<li>U\u017etikrina nepriekai\u0161ting\u0105 bet kokio pavir\u0161iaus apdail\u0105 be liku\u010di\u0173<\/li>\n<li>Saugus, greitas ir nesud\u0117tingas naudojimas<\/li>\n<li>Tinka virykl\u0117ms, orkait\u0117ms, BBQ kepsnin\u0117ms, automobili\u0173 varikliams, dvira\u010di\u0173 grandin\u0117ms ir kt<\/li>\n<li>Puikiai tinka naudoti tiek namuose, tiek profesionaliai<\/li>\n<\/ul><\/div>\n","protected":false},"excerpt":{"rendered":"<p>Sukurtas sunkiems virtuv\u0117s riebalams, ne\u0161varumams ir prikepusiam maistui pa\u0161alinti|Didel\u0117 skvarbioji galia, pasiekianti sunkiai prieinamas plunksn\u0173 vietas|Lengvai tepamas ir paskirstomas, tod\u0117l kruop\u0161\u010diai i\u0161valomas kiekvienas kampelis|Lengva naudoti: purk\u0161kite tiesiai ant pa\u017eeistos vietos, palaukite kelias akimirkas ir nuvalykite|Naudokite ant virykli\u0173, orkai\u010di\u0173, mikrobang\u0173, plyteli\u0173, stalvir\u0161i\u0173, BBQ grili\u0173, automobili\u0173 varikli\u0173, dvira\u010di\u0173 grandini\u0173 ir net pramonini\u0173 ma\u0161in\u0173|Sud\u0117tis: 500 ml<\/p>\n","protected":false},"featured_media":30987,"template":"","meta":[],"product_cat":[1594,2167],"product_tag":[1973,2169,1657],"acf":[],"_links":{"self":[{"href":"https:\/\/smania.store\/lt\/wp-json\/wp\/v2\/product\/30996"}],"collection":[{"href":"https:\/\/smania.store\/lt\/wp-json\/wp\/v2\/product"}],"about":[{"href":"https:\/\/smania.store\/lt\/wp-json\/wp\/v2\/types\/product"}],"wp:featuredmedia":[{"embeddable":true,"href":"https:\/\/smania.store\/lt\/wp-json\/wp\/v2\/media\/30987"}],"wp:attachment":[{"href":"https:\/\/smania.store\/lt\/wp-json\/wp\/v2\/media?parent=30996"}],"wp:term":[{"taxonomy":"product_cat","embeddable":true,"href":"https:\/\/smania.store\/lt\/wp-json\/wp\/v2\/product_cat?post=30996"},{"taxonomy":"product_tag","embeddable":true,"href":"https:\/\/smania.store\/lt\/wp-json\/wp\/v2\/product_tag?post=30996"}],"curies":[{"name":"wp","href":"https:\/\/api.w.org\/{rel}","templated":true}]}}