{"id":30953,"date":"2025-04-10T11:47:29","date_gmt":"2025-04-10T09:47:29","guid":{"rendered":"https:\/\/smania.store\/lt\/prekes\/akriline-poliuretanine-vandeniui-atspari-danga-aquacoatz-1-kg\/"},"modified":"2026-04-12T22:27:30","modified_gmt":"2026-04-12T20:27:30","slug":"akriline-poliuretanine-vandeniui-atspari-danga-aquacoatz-1-kg","status":"publish","type":"product","link":"https:\/\/smania.store\/lt\/prekes\/akriline-poliuretanine-vandeniui-atspari-danga-aquacoatz-1-kg\/","title":{"rendered":"Akrilin\u0117 poliuretanin\u0117 vandeniui atspari danga AquaCoatz\u2122 (1 kg)"},"content":{"rendered":"<div class=\"smania_landing_description_title\">NAUJIENA! Sandarina ir apsaugo<\/div>\n<div class=\"smania_landing_description_txt\">Apsaugokite stogus, sienas ir grindis nuo vandens prasiskverbimo de\u0161imtme\u010dius!<\/div>\n<div class=\"smania_landing_description_subtitle\">AquaCoatz\u2122 &#8211; skysta poliuretano vandeniui atspari danga &#8211; u\u017etikrina stogo saugum\u0105 visais met\u0173 laikais, esant \u012fvairioms oro s\u0105lygoms ir ekstremalioms temperat\u016broms. Pamir\u0161kite apie vandens pratek\u0117jim\u0105 ir m\u0117gaukit\u0117s ramia ramybe, kuri\u0105 suteikia vandeniui atspari apsauga.<\/div>\n<div class=\"smania_landing_description_list\">\n<ul>\n<li>Sertifikuota vandeniui atspari apsauga stogams, grindims ir sienoms<\/li>\n<li>Galima tepti teptuku, da\u017e\u0173 voleliu arba purk\u0161tuvu<\/li>\n<li>Puikus lankstumas, tinka bet kokiai temperat\u016brai<\/li>\n<li>Nuo sen\u0117jimo apsauganti formul\u0117 u\u017etikrina i\u0161skirtin\u012f patvarum\u0105<\/li>\n<li>Suderinamas su metalo, betono ir asfalto pavir\u0161iais<\/li>\n<li>Saugi ir aplinkai nekenksminga formul\u0117<\/li>\n<li>1 kg padengia iki 2 m2<\/li>\n<\/ul><\/div>\n","protected":false},"excerpt":{"rendered":"<p>Ilgalaikis atsparumas vandeniui|Lengvai tepama savaime i\u0161silyginanti vandeniui atspari danga|Atsparumas ekstremalioms temperat\u016broms nuo -40 iki +80 \u00b0C|Puikus atsparumas UV spinduliams ir atmosferos poveikiui|Patvarus ir stiprus sukibimas su kietais pavir\u0161iais|Didelis elastingumas, nesutr\u016bkin\u0117ja ir nesideformuoja|Dengiamasis plotas: 2 m2 1 kg produkto|Naudojimo b\u016bdas: teptuku, da\u017e\u0173 voleliu, purk\u0161tuvu|Naudojamos med\u017eiagos: metalas, betonas, asfaltas|Spalva: pilka|Sud\u0117tis: 1 kg|Galiojimo laikas: 12 m\u0117nesi\u0173<\/p>\n","protected":false},"featured_media":30976,"template":"","meta":[],"product_cat":[1594,2167],"product_tag":[1973,1688,2168],"acf":[],"_links":{"self":[{"href":"https:\/\/smania.store\/lt\/wp-json\/wp\/v2\/product\/30953"}],"collection":[{"href":"https:\/\/smania.store\/lt\/wp-json\/wp\/v2\/product"}],"about":[{"href":"https:\/\/smania.store\/lt\/wp-json\/wp\/v2\/types\/product"}],"wp:featuredmedia":[{"embeddable":true,"href":"https:\/\/smania.store\/lt\/wp-json\/wp\/v2\/media\/30976"}],"wp:attachment":[{"href":"https:\/\/smania.store\/lt\/wp-json\/wp\/v2\/media?parent=30953"}],"wp:term":[{"taxonomy":"product_cat","embeddable":true,"href":"https:\/\/smania.store\/lt\/wp-json\/wp\/v2\/product_cat?post=30953"},{"taxonomy":"product_tag","embeddable":true,"href":"https:\/\/smania.store\/lt\/wp-json\/wp\/v2\/product_tag?post=30953"}],"curies":[{"name":"wp","href":"https:\/\/api.w.org\/{rel}","templated":true}]}}