{"id":30923,"date":"2025-04-10T11:34:46","date_gmt":"2025-04-10T09:34:46","guid":{"rendered":"https:\/\/smania.store\/lt\/prekes\/smelio-tvirtinimo-priemone-sandbind-1-l\/"},"modified":"2026-03-30T18:33:45","modified_gmt":"2026-03-30T16:33:45","slug":"smelio-tvirtinimo-priemone-sandbind-1-l","status":"publish","type":"product","link":"https:\/\/smania.store\/lt\/prekes\/smelio-tvirtinimo-priemone-sandbind-1-l\/","title":{"rendered":"Sm\u0117lio tvirtinimo priemon\u0117 SANDBIND\u2122 (1 L)"},"content":{"rendered":"<div class=\"smania_landing_description_title\">NAUJIENA! Akimirksniu sutvarkykite pavojingas kelio duobes<\/div>\n<div class=\"smania_landing_description_txt\">Galinga grind\u0173 ir sien\u0173 klijavimo priemon\u0117 ir ilgalaikis remontas!<\/div>\n<div class=\"smania_landing_description_subtitle\">Atraskite ilgalaikio sandarinimo sprendimo paslapt\u012f! Atsisveikinkite su pavojingomis duob\u0117mis ir trupan\u010diomis sienomis naudodami SANDBIND\u2122 skaidrius sm\u0117lio pagrindo klijus, skirtus keli\u0173 ir sien\u0173 remontui. Greitas ir paprastas sprendimas, kuris pa\u0161alina brangiai kainuojan\u010dio remonto rizik\u0105. Ar esate pasireng\u0119 paprastai, greitai ir veiksmingai apsaugoti savo namus ir kiem\u0105? Nuo pat pirm\u0173j\u0173 klij\u0173 panaudojimo kart\u0173 pasteb\u0117site SANDBIND\u2122 gali\u0105!<\/div>\n<div class=\"smania_landing_description_list\">\n<ul>\n<li>Ypatinga sukibimo galia ilgalaikiam remontui<\/li>\n<li>Lengvas ir ekonomi\u0161kas duobi\u0173 taisymo sprendimas<\/li>\n<li>Prailgina sien\u0173 ir keli\u0173 tarnavimo laik\u0105<\/li>\n<li>Atsparus vandeniui ir dr\u0117gmei<\/li>\n<li>Atsparus UV spinduliams ir ekstremalioms temperat\u016broms<\/li>\n<li>Saugi naudoti, aplinkai nekenksminga formul\u0117<\/li>\n<\/ul><\/div>\n","protected":false},"excerpt":{"rendered":"<p>Greitas, paprastas ir nebrangus keli\u0173 ir sien\u0173 remontas|Lengva naudoti net pradedantiesiems|Itin stiprus sukibimas u\u017etikrina patvar\u0173 \u012ftr\u016bkim\u0173 remont\u0105|Atsparus vandeniui ir dr\u0117gmei|Atsparus UV spinduliams ir ekstremalioms temperat\u016broms|Greitas ir veiksmingas sm\u0117lio \u012fsiskverbimas|Sukuria polimerin\u012f sluoksn\u012f, kuris sandarina \u012ftr\u016bkimus|Grynasis: 1 L|Dengiamas plotas: iki 4 kvadratini\u0173 metr\u0173|Naudojimo sritys: grindys, sienos|Tinkamos med\u017eiagos: sm\u0117lis, akmenys|Aplinkai nekenksminga vandens pagrindo formul\u0117|Galima laikyti kambario temperat\u016broje (5-35 \u00b0C)|Galiojimo laikas: 12 m\u0117nesi\u0173<\/p>\n","protected":false},"featured_media":30967,"template":"","meta":[],"product_cat":[1594,2167],"product_tag":[1688,2168],"acf":[],"_links":{"self":[{"href":"https:\/\/smania.store\/lt\/wp-json\/wp\/v2\/product\/30923"}],"collection":[{"href":"https:\/\/smania.store\/lt\/wp-json\/wp\/v2\/product"}],"about":[{"href":"https:\/\/smania.store\/lt\/wp-json\/wp\/v2\/types\/product"}],"wp:featuredmedia":[{"embeddable":true,"href":"https:\/\/smania.store\/lt\/wp-json\/wp\/v2\/media\/30967"}],"wp:attachment":[{"href":"https:\/\/smania.store\/lt\/wp-json\/wp\/v2\/media?parent=30923"}],"wp:term":[{"taxonomy":"product_cat","embeddable":true,"href":"https:\/\/smania.store\/lt\/wp-json\/wp\/v2\/product_cat?post=30923"},{"taxonomy":"product_tag","embeddable":true,"href":"https:\/\/smania.store\/lt\/wp-json\/wp\/v2\/product_tag?post=30923"}],"curies":[{"name":"wp","href":"https:\/\/api.w.org\/{rel}","templated":true}]}}