{"id":30815,"date":"2025-03-24T13:43:45","date_gmt":"2025-03-24T12:43:45","guid":{"rendered":"https:\/\/smania.store\/lt\/prekes\/istraukiama-virtuves-lentyna-magicrack\/"},"modified":"2025-10-29T15:38:45","modified_gmt":"2025-10-29T14:38:45","slug":"istraukiama-virtuves-lentyna-magicrack","status":"publish","type":"product","link":"https:\/\/smania.store\/lt\/prekes\/istraukiama-virtuves-lentyna-magicrack\/","title":{"rendered":"I\u0161traukiama virtuv\u0117s lentyna MagicRack\u2122"},"content":{"rendered":"<div class=\"smania_landing_description_title\">NAUJIENA! Maksimaliai padidinkite savo virtuv\u0117s saugojimo viet\u0105<\/div>\n<div class=\"smania_landing_description_txt\">U\u017e sutvarkyt\u0105 ir tvarking\u0105 virtuv\u0119!<\/div>\n<div class=\"smania_landing_description_subtitle\">Atraskite MagicRack\u2122 \u2013 i\u0161traukiam\u0105 lentyn\u0105 mikrobang\u0173 krosnelei ir virtuv\u0117s reikmenims, d\u0117l kuri\u0173 j\u016bs\u0173 virtuv\u0117 bus tvarkinga, tvarkinga ir erdvesn\u0117. Puikiai tinka ma\u017eoms erdv\u0117ms, MagicRack\u2122 laikymo lentyna padeda sutvarkyti ir maksimaliai padidinti saugojimo viet\u0105. U\u017esisakykite dabar ir virtuv\u0117s chaos\u0105 paverskite tvarka!<\/div>\n<div class=\"smania_landing_description_list\">\n<ul>\n<li>Papildoma sand\u0117liavimo vieta j\u016bs\u0173 virtuv\u0117je<\/li>\n<li>Reguliuojamas plotis 40-60 cm<\/li>\n<li>Stabilus ir tvirtas, atlaiko iki 30 kg<\/li>\n<li>Paprastas surinkimas be \u012franki\u0173<\/li>\n<li>Komplekte 6 prakti\u0161ki pakabinimo kabliukai<\/li>\n<li>Puikiai tinka organizuoti ma\u017eas virtuves<\/li>\n<\/ul><\/div>\n","protected":false},"excerpt":{"rendered":"<p>Padeda organizuoti ir maksimaliai padidinti saugojimo viet\u0105|Galima vienu metu laikyti kelis daiktus|Si\u016blo daugiau saugojimo vietos ma\u017eose virtuv\u0117se ar bet kurioje kitoje patalpoje|Lengva valyti|Reguliuojamas lentynos auk\u0161tis ir prailginamas plotis|Tvirta gele\u017ein\u0117 konstrukcija|Pakuot\u0117je yra 6 pakabinimo kabliukai|Matmenys: 46 cm (auk\u0161tis) x 40\u201360 cm (plotis) x 36 cm (gylis)|Guoli\u0173 apkrova: max 30 kg|Med\u017eiaga: gele\u017eis, polipropilenas<\/p>\n","protected":false},"featured_media":30830,"template":"","meta":[],"product_cat":[1594,1602],"product_tag":[],"acf":[],"_links":{"self":[{"href":"https:\/\/smania.store\/lt\/wp-json\/wp\/v2\/product\/30815"}],"collection":[{"href":"https:\/\/smania.store\/lt\/wp-json\/wp\/v2\/product"}],"about":[{"href":"https:\/\/smania.store\/lt\/wp-json\/wp\/v2\/types\/product"}],"wp:featuredmedia":[{"embeddable":true,"href":"https:\/\/smania.store\/lt\/wp-json\/wp\/v2\/media\/30830"}],"wp:attachment":[{"href":"https:\/\/smania.store\/lt\/wp-json\/wp\/v2\/media?parent=30815"}],"wp:term":[{"taxonomy":"product_cat","embeddable":true,"href":"https:\/\/smania.store\/lt\/wp-json\/wp\/v2\/product_cat?post=30815"},{"taxonomy":"product_tag","embeddable":true,"href":"https:\/\/smania.store\/lt\/wp-json\/wp\/v2\/product_tag?post=30815"}],"curies":[{"name":"wp","href":"https:\/\/api.w.org\/{rel}","templated":true}]}}