{"id":30794,"date":"2025-03-17T05:48:06","date_gmt":"2025-03-17T04:48:06","guid":{"rendered":"https:\/\/smania.store\/lt\/prekes\/akvariumo-valiklis-algacure\/"},"modified":"2026-04-22T15:24:24","modified_gmt":"2026-04-22T13:24:24","slug":"akvariumo-valiklis-algacure","status":"publish","type":"product","link":"https:\/\/smania.store\/lt\/prekes\/akvariumo-valiklis-algacure\/","title":{"rendered":"Akvariumo valiklis AlgaCure (70 g)"},"content":{"rendered":"<div class=\"smania_landing_description_title\">Nauja! &#8222;AlgaCure&#8221; &#8211; veiksmingas sprendimas nuo dumbli\u0173 ir ne\u0161varum\u0173<\/div>\n<div class=\"smania_landing_description_txt\">I\u0161laikykite savo akvarium\u0105 blizg\u0173, gaiv\u0173 ir bekvap\u012f!<\/div>\n<div class=\"smania_landing_description_subtitle\">Pavargote nuo drumsto vandens, \u012fsisen\u0117jusi\u0173 dumbli\u0173 ir nemaloni\u0173 kvap\u0173 savo akvariume? Naudodami AlgaCure gal\u0117site m\u0117gautis \u0161varia, sveika ir subalansuota akvariumo aplinka &#8211; be begalinio \u0161veitimo ar vandens keitimo.<\/div>\n<div class=\"smania_landing_description_list\">\n<ul>\n<li>Pa\u0161alina dumblius ir organines sankaupas &#8211; nat\u016braliai suskaido perteklinius dumblius, negyvus augalus ir \u0161iuk\u0161les<\/li>\n<li>Neutralizuoja blogus kvapus &#8211; akvariumas tampa gaivus, \u0161varus ir kri\u0161tolo skaidrumo<\/li>\n<li>Palaiko sveik\u0105 pusiausvyr\u0105 &#8211; palaiko nat\u016brali\u0105 mikrob\u0173 harmonij\u0105, kad akvariumas b\u016bt\u0173 stabilus ir nereikalaut\u0173 daug prie\u017ei\u016bros<\/li>\n<li>Daugiau nereikia valyti rankiniu b\u016bdu &#8211; tiesiog \u012fpilkite \u012f vanden\u012f ir leiskite formulei atlikti savo darb\u0105<\/li>\n<li>Gerina \u017euv\u0173 sveikat\u0105 &#8211; \u0161varesnis vanduo rei\u0161kia laimingesnes ir aktyvesnes \u017euvis<\/li>\n<\/ul><\/div>\n","protected":false},"excerpt":{"rendered":"<p>Nereikia valyti rankiniu b\u016bdu|Palaiko stabil\u0173 akvariumo sveikatos balans\u0105|Pa\u017eangi biologin\u0117 formul\u0117|Pagamintas i\u0161 saugi\u0173 ir netoksi\u0161k\u0173 jungini\u0173|Saugus vandens organizmams ir augalams|Sud\u0117tis: 70 g<\/p>\n","protected":false},"featured_media":32792,"template":"","meta":[],"product_cat":[1597,1594],"product_tag":[],"acf":[],"_links":{"self":[{"href":"https:\/\/smania.store\/lt\/wp-json\/wp\/v2\/product\/30794"}],"collection":[{"href":"https:\/\/smania.store\/lt\/wp-json\/wp\/v2\/product"}],"about":[{"href":"https:\/\/smania.store\/lt\/wp-json\/wp\/v2\/types\/product"}],"wp:featuredmedia":[{"embeddable":true,"href":"https:\/\/smania.store\/lt\/wp-json\/wp\/v2\/media\/32792"}],"wp:attachment":[{"href":"https:\/\/smania.store\/lt\/wp-json\/wp\/v2\/media?parent=30794"}],"wp:term":[{"taxonomy":"product_cat","embeddable":true,"href":"https:\/\/smania.store\/lt\/wp-json\/wp\/v2\/product_cat?post=30794"},{"taxonomy":"product_tag","embeddable":true,"href":"https:\/\/smania.store\/lt\/wp-json\/wp\/v2\/product_tag?post=30794"}],"curies":[{"name":"wp","href":"https:\/\/api.w.org\/{rel}","templated":true}]}}