{"id":30770,"date":"2025-03-06T10:26:12","date_gmt":"2025-03-06T09:26:12","guid":{"rendered":"https:\/\/smania.store\/lt\/prekes\/sulankstoma-vonios-kambario-lentyna-bathlux\/"},"modified":"2025-12-09T12:59:43","modified_gmt":"2025-12-09T11:59:43","slug":"sulankstoma-vonios-kambario-lentyna-bathlux","status":"publish","type":"product","link":"https:\/\/smania.store\/lt\/prekes\/sulankstoma-vonios-kambario-lentyna-bathlux\/","title":{"rendered":"Sulankstoma vonios kambario lentyna BathLux\u2122"},"content":{"rendered":"<div class=\"smania_landing_description_title\">NAUJIENA: taupykite viet\u0105, padidinkite komfort\u0105<\/div>\n<div class=\"smania_landing_description_txt\">\u012eveskite tvark\u0105 savo vonios kambaryje neu\u017eimdami vietos!<\/div>\n<div class=\"smania_landing_description_subtitle\">Elegancijos ir tvarkos suteiks m\u016bs\u0173 sieninis sulankstomas vonios kambario stovas BathLux\u2122. I\u0161 patvaraus aliuminio pagamintas sieninis laikiklis yra privalomas j\u016bs\u0173 vonios kambario, miegamojo ar virtuv\u0117s aksesuaras! Jis yra tvirtas, bet lengvas ir pasi\u017eymi ne\u012ftik\u0117tinai didele laikom\u0105ja galia. Be to, jis subtiliai atlenkiamas prie sienos, tod\u0117l prireikus atlaisvina verting\u0105 grind\u0173 plot\u0105. Idealiai tinka ma\u017eiems ir dideliems namams.<\/div>\n<div class=\"smania_landing_description_list\">\n<ul>\n<li>Nepriekai\u0161tingai organizuokite savo erdv\u0119<\/li>\n<li>Pagaminta i\u0161 lengvo, bet tvirto aliuminio<\/li>\n<li>Greitas ir paprastas montavimas su siurbtukais<\/li>\n<li>Minimalistinis dizainas, tinkantis bet kokiems namams<\/li>\n<li>Idealiai tinka vonios kambariui, virtuvei ir kt<\/li>\n<\/ul><\/div>\n","protected":false},"excerpt":{"rendered":"<p>Puikiai tinka ma\u017eesniems butams ir erdv\u0117ms|Akimirksniu suteikia namams elegancijos|Patvarus ir ilgaam\u017eis|Eleganti\u0161kas, minimalistinis dizainas|Didel\u0117 laikomoji galia|Lengvai sulankstomas, taupo brangi\u0105 viet\u0105|Greitas montavimas naudojant pridedamus siurbtukus|Sulankstyti matmenys: 47 x 15 x 21,8 cm|Nesulankstyti matmenys: 47 x 21,8 x 21,2 cm|\u012erengimo b\u016bdas: montuojamas ant sienos|Med\u017eiaga: aliuminis<\/p>\n","protected":false},"featured_media":31556,"template":"","meta":[],"product_cat":[1594],"product_tag":[1657],"acf":[],"_links":{"self":[{"href":"https:\/\/smania.store\/lt\/wp-json\/wp\/v2\/product\/30770"}],"collection":[{"href":"https:\/\/smania.store\/lt\/wp-json\/wp\/v2\/product"}],"about":[{"href":"https:\/\/smania.store\/lt\/wp-json\/wp\/v2\/types\/product"}],"wp:featuredmedia":[{"embeddable":true,"href":"https:\/\/smania.store\/lt\/wp-json\/wp\/v2\/media\/31556"}],"wp:attachment":[{"href":"https:\/\/smania.store\/lt\/wp-json\/wp\/v2\/media?parent=30770"}],"wp:term":[{"taxonomy":"product_cat","embeddable":true,"href":"https:\/\/smania.store\/lt\/wp-json\/wp\/v2\/product_cat?post=30770"},{"taxonomy":"product_tag","embeddable":true,"href":"https:\/\/smania.store\/lt\/wp-json\/wp\/v2\/product_tag?post=30770"}],"curies":[{"name":"wp","href":"https:\/\/api.w.org\/{rel}","templated":true}]}}