{"id":29155,"date":"2023-10-09T07:57:44","date_gmt":"2023-10-09T05:57:44","guid":{"rendered":"https:\/\/smania.store\/lt\/prekes\/vaikiska-vilnone-antklode-su-rankovemis-snughug\/"},"modified":"2024-01-11T12:59:13","modified_gmt":"2024-01-11T11:59:13","slug":"vaikiska-vilnone-antklode-su-rankovemis-snughug","status":"publish","type":"product","link":"https:\/\/smania.store\/lt\/prekes\/vaikiska-vilnone-antklode-su-rankovemis-snughug\/","title":{"rendered":"Vaiki\u0161ka vilnon\u0117 antklod\u0117 su rankov\u0117mis SnugHug"},"content":{"rendered":"<div class=\"smania_landing_description_title\">Naujiena! Vaiki\u0161ka vilnon\u0117 antklod\u0117 su rankov\u0117mis SnugHug<\/div>\n<div class=\"smania_landing_description_txt\">SnugHug jau \u010dia: smagus ir jaukus komfortas vaikams!<\/div>\n<div class=\"smania_landing_description_subtitle\">Pristatome SnugHug vaiki\u0161k\u0105 vilnon\u0119 antklod\u0119 su rankov\u0117mis \u2013 tobul\u0105 \u0161ilumos ir \u017eaismingumo derin\u012f. Pagaminta i\u0161 auk\u0161tos kokyb\u0117s vilnos su i\u0161skirtinai \u0161iltu ir mink\u0161tu pamu\u0161alu, \u0161i antklod\u0117 sukurta taip, kad j\u016bs\u0173 ma\u017eyliai jaust\u0173si jaukiai ir laimingi, nesvarbu, ar jie ilsisi patalpoje, ar leid\u017eia nuotykius lauke.<\/div>\n<div class=\"smania_landing_description_list\">\n<ul>\n<li>Pagaminta i\u0161 auk\u0161\u010diausios kokyb\u0117s \u0161iltos vilnos med\u017eiagos<\/li>\n<li>I\u0161skirtinai \u0161iltas ir mink\u0161tas pamu\u0161alas<\/li>\n<li>Gobtuvas ir rankov\u0117s viso k\u016bno \u0161ilumai<\/li>\n<li>Galimi 5 skirtingi modeliai<\/li>\n<li>Galima ne\u0161ioti tiek viduje, tiek lauke<\/li>\n<\/ul><\/div>\n","protected":false},"excerpt":{"rendered":"<p>\u017daismingas dizainas|Ne\u012ftik\u0117tinai \u0161ilta|Kokybi\u0161kas gaminimas|I\u0161skirtinis komfortas|Tam tikri variantai \u0161vie\u010dia tamsoje|Med\u017eiaga: 100 % poliesterio pluo\u0161tas|Unisex|Vienas dydis, tinka vaikams iki 12 met\u0173 (\u016bgis iki 155 cm)|Tobula dovana<\/p>\n","protected":false},"featured_media":29305,"template":"","meta":[],"product_cat":[1963,1791,1600],"product_tag":[1972,1666],"acf":[],"_links":{"self":[{"href":"https:\/\/smania.store\/lt\/wp-json\/wp\/v2\/product\/29155"}],"collection":[{"href":"https:\/\/smania.store\/lt\/wp-json\/wp\/v2\/product"}],"about":[{"href":"https:\/\/smania.store\/lt\/wp-json\/wp\/v2\/types\/product"}],"wp:featuredmedia":[{"embeddable":true,"href":"https:\/\/smania.store\/lt\/wp-json\/wp\/v2\/media\/29305"}],"wp:attachment":[{"href":"https:\/\/smania.store\/lt\/wp-json\/wp\/v2\/media?parent=29155"}],"wp:term":[{"taxonomy":"product_cat","embeddable":true,"href":"https:\/\/smania.store\/lt\/wp-json\/wp\/v2\/product_cat?post=29155"},{"taxonomy":"product_tag","embeddable":true,"href":"https:\/\/smania.store\/lt\/wp-json\/wp\/v2\/product_tag?post=29155"}],"curies":[{"name":"wp","href":"https:\/\/api.w.org\/{rel}","templated":true}]}}