{"id":28738,"date":"2023-08-31T09:16:17","date_gmt":"2023-08-31T07:16:17","guid":{"rendered":"https:\/\/smania.store\/lt\/prekes\/piesimo-pirstais-rinkinys-kidart\/"},"modified":"2025-11-19T10:27:35","modified_gmt":"2025-11-19T09:27:35","slug":"piesimo-pirstais-rinkinys-kidart","status":"publish","type":"product","link":"https:\/\/smania.store\/lt\/prekes\/piesimo-pirstais-rinkinys-kidart\/","title":{"rendered":"Pie\u0161imo pir\u0161tais rinkinys KidArt"},"content":{"rendered":"<div class=\"smania_landing_description_title\">\ufe0fNaujiena! Pie\u0161imo pir\u0161tais rinkinys KidArt<\/div>\n<div class=\"smania_landing_description_txt\">I\u0161bandykite savo vaiko k\u016brybi\u0161kum\u0105!<\/div>\n<div class=\"smania_landing_description_subtitle\">Nesvarbu, ar mokote savo vaik\u0105 meno, ar tiesiog ie\u0161kote b\u016bdo turiningai praleisti lieting\u0105 dien\u0105, pie\u0161imas pir\u0161tais yra tikras b\u016bdas pralinksminti jus ir j\u016bs\u0173 ma\u017e\u0105j\u012f Picasso. K\u016brybinis \u017eaidimas pad\u0117s j\u016bs\u0173 vaikui lavinti svarbius jutimo ir smulkiosios motorikos \u012fg\u016bd\u017eius, tuo pa\u010diu u\u017etikrinant kokybi\u0161k\u0105 ry\u0161\u012f.<\/div>\n<div class=\"smania_landing_description_list\">\n<ul>\n<li>Skatina k\u016brybi\u0161kum\u0105 ir kognityvin\u012f vystym\u0105si<\/li>\n<li>Smagus ir paprastas b\u016bdas pie\u0161ti<\/li>\n<li>Saugus ir netoksi\u0161kas naudoti<\/li>\n<li>Lengva nuplauti nuo pir\u0161t\u0173<\/li>\n<li>Puikiai tinka gimtadienio ar Kal\u0117d\u0173 dovanai<\/li>\n<\/ul><\/div>\n","protected":false},"excerpt":{"rendered":"<p>Kurkite men\u0105 naudodami tik pir\u0161tus|Lengva nuplauti|Saug\u016bs ir netoksi\u0161ki da\u017eai|Pramoga visai \u0161eimai|Nuspalviinkite knygel\u0119 \u017eavingais motyvais|Vandens pagrindo da\u017eai|Rinkinyje yra 12 spalv\u0173 da\u017eymo pagalv\u0117l\u0117 ir da\u017eymo knygel\u0117|Puiki dovanos id\u0117ja<\/p>\n","protected":false},"featured_media":28730,"template":"","meta":[],"product_cat":[1595,1791,1600],"product_tag":[1640,1613],"acf":[],"_links":{"self":[{"href":"https:\/\/smania.store\/lt\/wp-json\/wp\/v2\/product\/28738"}],"collection":[{"href":"https:\/\/smania.store\/lt\/wp-json\/wp\/v2\/product"}],"about":[{"href":"https:\/\/smania.store\/lt\/wp-json\/wp\/v2\/types\/product"}],"wp:featuredmedia":[{"embeddable":true,"href":"https:\/\/smania.store\/lt\/wp-json\/wp\/v2\/media\/28730"}],"wp:attachment":[{"href":"https:\/\/smania.store\/lt\/wp-json\/wp\/v2\/media?parent=28738"}],"wp:term":[{"taxonomy":"product_cat","embeddable":true,"href":"https:\/\/smania.store\/lt\/wp-json\/wp\/v2\/product_cat?post=28738"},{"taxonomy":"product_tag","embeddable":true,"href":"https:\/\/smania.store\/lt\/wp-json\/wp\/v2\/product_tag?post=28738"}],"curies":[{"name":"wp","href":"https:\/\/api.w.org\/{rel}","templated":true}]}}