{"id":28331,"date":"2023-07-19T11:34:03","date_gmt":"2023-07-19T09:34:03","guid":{"rendered":"https:\/\/smania.store\/lt\/prekes\/spintos-organizatoriaus-rinkinys-tidix\/"},"modified":"2024-01-15T07:18:29","modified_gmt":"2024-01-15T06:18:29","slug":"spintos-organizatoriaus-rinkinys-tidix","status":"publish","type":"product","link":"https:\/\/smania.store\/lt\/prekes\/spintos-organizatoriaus-rinkinys-tidix\/","title":{"rendered":"Spintos organizatoriaus rinkinys TidiX"},"content":{"rendered":"<div class=\"smania_landing_description_title\">NAUJIENA! Spintos talpa TidiX<\/div>\n<div class=\"smania_landing_description_txt\">I\u0161naudokite visas savo spintos galimybes!<\/div>\n<div class=\"smania_landing_description_subtitle\">Sutvarkykite savo m\u0117gstamas kelnaites, kojines, liemen\u0117les ar aksesuarus naudodami universali\u0105 TidiX spintos talp\u0105. \u0160i eleganti\u0161ka ir tvirta laikymo d\u0117\u017eut\u0117 su reguliuojamais skyriais, kompakti\u0161ku dyd\u017eiu ir montuojama be skyli\u0173 puikiai tinka norint maksimaliai padidinti vertikali\u0105 erdv\u0119 spintoje, komodoje ar sienoje.<\/div>\n<div class=\"smania_landing_description_list\">\n<ul>\n<li>Eleganti\u0161kas, skaidrus dizainas<\/li>\n<li>6 reguliuojami daiktad\u0117\u017e\u0117s skyriai<\/li>\n<li>Laiko kelios kelnait\u0117s, kojin\u0117s arba liemen\u0117l\u0117s<\/li>\n<li>\u012ediegimas be skyli\u0173 universaliam naudojimui<\/li>\n<li>Galima \u012fsigyti 3 spalv\u0173 kaip 4 dali\u0173 rinkin\u012f<\/li>\n<\/ul><\/div>\n","protected":false},"excerpt":{"rendered":"<p>6 skyriai|Nuimamos pertvaros|Lygus i\u0161traukiamas dizainas|Erdv\u0119 taupantis naudojimas|Tinka laidams, papuo\u0161alams, prieskoniams ir kitiems smulkiems daiktams d\u0117ti|Montavimas be gr\u0119\u017eimo|Atsparus dulk\u0117ms ir vandeniui|Med\u017eiaga: HIPS, PET|Dydis: 36 \u00d7 8,3 \u00d7 10,7 cm|Svoris: 400 g\/vnt.<\/p>\n","protected":false},"featured_media":28322,"template":"","meta":[],"product_cat":[1594],"product_tag":[1973],"acf":[],"_links":{"self":[{"href":"https:\/\/smania.store\/lt\/wp-json\/wp\/v2\/product\/28331"}],"collection":[{"href":"https:\/\/smania.store\/lt\/wp-json\/wp\/v2\/product"}],"about":[{"href":"https:\/\/smania.store\/lt\/wp-json\/wp\/v2\/types\/product"}],"wp:featuredmedia":[{"embeddable":true,"href":"https:\/\/smania.store\/lt\/wp-json\/wp\/v2\/media\/28322"}],"wp:attachment":[{"href":"https:\/\/smania.store\/lt\/wp-json\/wp\/v2\/media?parent=28331"}],"wp:term":[{"taxonomy":"product_cat","embeddable":true,"href":"https:\/\/smania.store\/lt\/wp-json\/wp\/v2\/product_cat?post=28331"},{"taxonomy":"product_tag","embeddable":true,"href":"https:\/\/smania.store\/lt\/wp-json\/wp\/v2\/product_tag?post=28331"}],"curies":[{"name":"wp","href":"https:\/\/api.w.org\/{rel}","templated":true}]}}