{"id":27121,"date":"2023-05-10T10:09:17","date_gmt":"2023-05-10T08:09:17","guid":{"rendered":"https:\/\/smania.store\/lt\/prekes\/bbq-firminis-anstpaudas-sizzler\/"},"modified":"2023-05-10T10:09:17","modified_gmt":"2023-05-10T08:09:17","slug":"bbq-firminis-anstpaudas-sizzler","status":"publish","type":"product","link":"https:\/\/smania.store\/lt\/prekes\/bbq-firminis-anstpaudas-sizzler\/","title":{"rendered":"BBQ firminis anstpaudas Sizzler"},"content":{"rendered":"<div class=\"smania_landing_description_title\">NAUJIENA! BBQ firminis anstpaudas Sizzler<\/div>\n<div class=\"smania_landing_description_txt\">Nustebinkite savo sve\u010dius pa\u017eym\u0117tais kepsniais!<\/div>\n<div class=\"smania_landing_description_subtitle\">Pagardinkite kit\u0105 kepsni\u0173 vakar\u0117l\u012f m\u016bs\u0173 auk\u0161tos kokyb\u0117s Sizzler antspaudu. Su 55 raid\u0117mis ir 8 tarpais lengva prid\u0117ti unikali\u0173 pavadinim\u0173 ar juokeli\u0173 prie kepsni\u0173, m\u0117saini\u0173, vi\u0161tienos ir net dar\u017eovi\u0173. \u012esigykite prek\u0117s \u017eenklo Sizzler antspaud\u0105 dabar ir tapkite tikru grilio meistru!<\/div>\n<div class=\"smania_landing_description_list\">\n<ul>\n<li>Unikal\u016bs prane\u0161imai, vardai ir anekdotai<\/li>\n<li>Lengva pakeisti raides<\/li>\n<li>Suteiks linksmumo j\u016bs\u0173 kepsni\u0173 vakar\u0117liui<\/li>\n<li>Idealiai tinka kepsniams, m\u0117sainiams, vi\u0161tienai ir net dar\u017eov\u0117ms<\/li>\n<li>Pagaminta i\u0161 auk\u0161tos kokyb\u0117s, patvari\u0173 med\u017eiag\u0173<\/li>\n<\/ul><\/div>\n","protected":false},"excerpt":{"rendered":"<p>Kar\u0161\u010diui atspari medin\u0117 rankena|Lengvas ir ne\u0161iojamas|Puiki dovana kepsni\u0173 m\u0117g\u0117jams ir kep\u0117jams|Yra 55 raid\u0117s ir 8 tarpai|Lengva naudoti ir valyti|Tvarus ir ilgaam\u017eis|Med\u017eiaga: aliuminio lydinys, mediena|Antspaudo dydis: 43,5 \u00d7 8,7 cm<\/p>\n","protected":false},"featured_media":27111,"template":"","meta":[],"product_cat":[1791,1602],"product_tag":[1654],"acf":[],"_links":{"self":[{"href":"https:\/\/smania.store\/lt\/wp-json\/wp\/v2\/product\/27121"}],"collection":[{"href":"https:\/\/smania.store\/lt\/wp-json\/wp\/v2\/product"}],"about":[{"href":"https:\/\/smania.store\/lt\/wp-json\/wp\/v2\/types\/product"}],"wp:featuredmedia":[{"embeddable":true,"href":"https:\/\/smania.store\/lt\/wp-json\/wp\/v2\/media\/27111"}],"wp:attachment":[{"href":"https:\/\/smania.store\/lt\/wp-json\/wp\/v2\/media?parent=27121"}],"wp:term":[{"taxonomy":"product_cat","embeddable":true,"href":"https:\/\/smania.store\/lt\/wp-json\/wp\/v2\/product_cat?post=27121"},{"taxonomy":"product_tag","embeddable":true,"href":"https:\/\/smania.store\/lt\/wp-json\/wp\/v2\/product_tag?post=27121"}],"curies":[{"name":"wp","href":"https:\/\/api.w.org\/{rel}","templated":true}]}}