{"id":24549,"date":"2022-11-24T09:27:35","date_gmt":"2022-11-24T08:27:35","guid":{"rendered":"https:\/\/smania.store\/lt\/prekes\/dokumentu-krepsys-docsafe\/"},"modified":"2025-11-05T10:47:01","modified_gmt":"2025-11-05T09:47:01","slug":"dokumentu-krepsys-docsafe","status":"publish","type":"product","link":"https:\/\/smania.store\/lt\/prekes\/dokumentu-krepsys-docsafe\/","title":{"rendered":"Dokument\u0173 krep\u0161ys DocSafe"},"content":{"rendered":"<div class=\"smania_landing_description_title\">NAUJIENA! Dokument\u0173 krep\u0161ys DocSafe<\/div>\n<div class=\"smania_landing_description_txt\">Apsaugokite svarbiausius popierinius dokumentus!<\/div>\n<div class=\"smania_landing_description_subtitle\">Kai kurie popieriniai dokumentai vis dar atlieka svarb\u0173 vaidmen\u012f j\u016bs\u0173 versle ir asmeniniame gyvenime. DocSafe apsauginis laikymo krep\u0161ys leis laikyti j\u016bs\u0173 dokumentus tvarkingai ir suteiks jiems reikiam\u0105 apsaug\u0105.<\/div>\n<div class=\"smania_landing_description_list\">\n<ul>\n<li>Keli nenuimami sluoksniai<\/li>\n<li>Skirtinguose skyriuose galima laikyti visus dokumentus<\/li>\n<li>Auk\u0161tos kokyb\u0117s, patvari ir vandeniui atspari med\u017eiaga<\/li>\n<li>3 skaitmen\u0173 saugos u\u017eraktas papildomai apsaugai<\/li>\n<li>Idealiai tinka kortel\u0117ms, pasams, A4 formato popieriaus lapams, nuotraukoms ir kt.<\/li>\n<li>D\u0117mesio: suri\u0161imo viela ne\u012feina, o sluoksniai yra nenuimami!<\/li>\n<\/ul><\/div>\n","protected":false},"excerpt":{"rendered":"<p>3 skaitmen\u0173 saugos u\u017eraktas|Patogi rankena|Prakti\u0161ka ne\u0161ioti|Lengvai slenkantis u\u017etrauktukas|4 nenuimami sluoksniai|Pasirinkite i\u0161 skirting\u0173 spalv\u0173|Matmenys: 37 \u00d7 27 \u00d7 20 cm|Med\u017eiaga: Oksfordo audinys<\/p>\n","protected":false},"featured_media":30860,"template":"","meta":[],"product_cat":[1594],"product_tag":[1696],"acf":[],"_links":{"self":[{"href":"https:\/\/smania.store\/lt\/wp-json\/wp\/v2\/product\/24549"}],"collection":[{"href":"https:\/\/smania.store\/lt\/wp-json\/wp\/v2\/product"}],"about":[{"href":"https:\/\/smania.store\/lt\/wp-json\/wp\/v2\/types\/product"}],"wp:featuredmedia":[{"embeddable":true,"href":"https:\/\/smania.store\/lt\/wp-json\/wp\/v2\/media\/30860"}],"wp:attachment":[{"href":"https:\/\/smania.store\/lt\/wp-json\/wp\/v2\/media?parent=24549"}],"wp:term":[{"taxonomy":"product_cat","embeddable":true,"href":"https:\/\/smania.store\/lt\/wp-json\/wp\/v2\/product_cat?post=24549"},{"taxonomy":"product_tag","embeddable":true,"href":"https:\/\/smania.store\/lt\/wp-json\/wp\/v2\/product_tag?post=24549"}],"curies":[{"name":"wp","href":"https:\/\/api.w.org\/{rel}","templated":true}]}}