{"id":22965,"date":"2022-08-23T09:03:56","date_gmt":"2022-08-23T07:03:56","guid":{"rendered":"https:\/\/smania.store\/lt\/prekes\/nesiojamas-iskylos-kilimelis-relaxnow\/"},"modified":"2023-08-30T14:39:38","modified_gmt":"2023-08-30T12:39:38","slug":"nesiojamas-iskylos-kilimelis-relaxnow","status":"publish","type":"product","link":"https:\/\/smania.store\/lt\/prekes\/nesiojamas-iskylos-kilimelis-relaxnow\/","title":{"rendered":"Ne\u0161iojamas papl\u016bdimio kilim\u0117lis RelaxNow"},"content":{"rendered":"<div class=\"smania_landing_description_title\">NAUJIENA! Ne\u0161iojamas papl\u016bdimio kilim\u0117lis RelaxNow<\/div>\n<div class=\"smania_landing_description_txt\">Jauskit\u0117s patogiai gul\u0117dami papl\u016bdimyje!<\/div>\n<div class=\"smania_landing_description_subtitle\">M\u0117gaukit\u0117s visais papl\u016bdimio malonumais, nesijaudindami d\u0117l \u012fkyraus sm\u0117lio ar vandens. Pasirinkite i\u0161 m\u016bs\u0173 sm\u0117liui ir vandeniui atspari\u0173 modeli\u0173 ir prad\u0117kite savo nuotyki\u0173 kupin\u0105 vasaros pramog\u0105!<\/div>\n<div class=\"smania_landing_description_list\">\n<ul>\n<li>Ne\u0161iojamas ir kompakti\u0161kas dizainas, kad b\u016bt\u0173 lengviau laikyti <\/li>\n<li>Pagaminta i\u0161 itin patvaraus TPU ir poliesterio kasdieniniam naudojimui<\/li>\n<li>Yra 4 kai\u0161\u010diai kilim\u0117liui pritvirtinti <\/li>\n<li>Puikiai tinka stovyklavimui ir papl\u016bdimio nuotykiams arba kaip \u017eaidim\u0173 kilim\u0117lis <\/li>\n<li>Vienu nubraukimu pa\u0161alinkite bet kok\u012f ne\u0161var\u0173 sm\u0117l\u012f<\/li>\n<\/ul><\/div>\n","protected":false},"excerpt":{"rendered":"<p>Pakankamai didelis visai \u0161eimai|Vienu nubraukimu atsikratykite u\u017esilikus\u012f sm\u0117l\u012f|Vanden\u012f atstumianti danga|Lengvas ir patvarus|Tinkamas naudoti ir viduje ir lauke|Nesibrai\u017eantis audinys|Sulankstomas ir patogus ne\u0161iotis|Komplekte \u012ftraukti 4 kai\u0161\u010diai|Lengva valyti|Med\u017eiaga: poliesteris ir TPU<\/p>\n","protected":false},"featured_media":28650,"template":"","meta":[],"product_cat":[1791,1600],"product_tag":[1685],"acf":[],"_links":{"self":[{"href":"https:\/\/smania.store\/lt\/wp-json\/wp\/v2\/product\/22965"}],"collection":[{"href":"https:\/\/smania.store\/lt\/wp-json\/wp\/v2\/product"}],"about":[{"href":"https:\/\/smania.store\/lt\/wp-json\/wp\/v2\/types\/product"}],"wp:featuredmedia":[{"embeddable":true,"href":"https:\/\/smania.store\/lt\/wp-json\/wp\/v2\/media\/28650"}],"wp:attachment":[{"href":"https:\/\/smania.store\/lt\/wp-json\/wp\/v2\/media?parent=22965"}],"wp:term":[{"taxonomy":"product_cat","embeddable":true,"href":"https:\/\/smania.store\/lt\/wp-json\/wp\/v2\/product_cat?post=22965"},{"taxonomy":"product_tag","embeddable":true,"href":"https:\/\/smania.store\/lt\/wp-json\/wp\/v2\/product_tag?post=22965"}],"curies":[{"name":"wp","href":"https:\/\/api.w.org\/{rel}","templated":true}]}}