{"id":23970,"date":"2022-11-02T08:30:32","date_gmt":"2022-11-02T07:30:32","guid":{"rendered":"https:\/\/smania.store\/lt\/?page_id=23970"},"modified":"2024-05-21T10:16:52","modified_gmt":"2024-05-21T08:16:52","slug":"outlet","status":"publish","type":"page","link":"https:\/\/smania.store\/lt\/outlet\/","title":{"rendered":"I\u0161parduodama"},"content":{"rendered":"<div style=\"margin-top:-40px;\" class=\"term-description term-description_smania\">Smania Outlet si\u016blo did\u017eiul\u012f \u012fdomi\u0173 ir prakti\u0161k\u0173 produkt\u0173 pasirinkim\u0105 su <b style=\"color:#fff;background:#09c3b2;padding:2px 4px;border-radius:4px;\">15%<\/b> nuolaida! Pasinaudokite \u0161ia galimybe, kol atsargos nesibaig\u0117! Malonaus apsipirkimo!<\/div>\n\n\n<div class=\"wp-block-image smania_category_image_topper smania_category_image_topper-desktop\">\n<figure class=\"aligncenter size-large\" id=\"smania_category_page_img_main\"><img decoding=\"async\" src=\"https:\/\/s-mania.si\/wp-content\/uploads\/OUTLET-desktop-banner-1024x287.png\" alt=\"\" class=\"wp-image-35282\"\/><\/figure><\/div>\n\n<div class=\"wp-block-image smania_category_image_topper smania_category_image_topper-mobile\">\n<figure class=\"aligncenter size-full\" id=\"smania_category_page_img_main\"><img decoding=\"async\" src=\"https:\/\/s-mania.si\/wp-content\/uploads\/OUTLET-mobile-banner.png\" alt=\"\" class=\"wp-image-35291\"\/><\/figure><\/div>\n\n\n<br>\n<div class=\"smania_home_title\" style=\"text-align: left\">\n<span style=\"color:#C20114;font-weight:bold;font-size:42px\">Visos prek\u0117s<\/span>\n<\/div>\n","protected":false},"excerpt":{"rendered":"","protected":false},"author":1,"featured_media":0,"parent":0,"menu_order":0,"comment_status":"closed","ping_status":"closed","template":"","meta":[],"acf":[],"_links":{"self":[{"href":"https:\/\/smania.store\/lt\/wp-json\/wp\/v2\/pages\/23970"}],"collection":[{"href":"https:\/\/smania.store\/lt\/wp-json\/wp\/v2\/pages"}],"about":[{"href":"https:\/\/smania.store\/lt\/wp-json\/wp\/v2\/types\/page"}],"author":[{"embeddable":true,"href":"https:\/\/smania.store\/lt\/wp-json\/wp\/v2\/users\/1"}],"replies":[{"embeddable":true,"href":"https:\/\/smania.store\/lt\/wp-json\/wp\/v2\/comments?post=23970"}],"version-history":[{"count":2,"href":"https:\/\/smania.store\/lt\/wp-json\/wp\/v2\/pages\/23970\/revisions"}],"predecessor-version":[{"id":30606,"href":"https:\/\/smania.store\/lt\/wp-json\/wp\/v2\/pages\/23970\/revisions\/30606"}],"wp:attachment":[{"href":"https:\/\/smania.store\/lt\/wp-json\/wp\/v2\/media?parent=23970"}],"curies":[{"name":"wp","href":"https:\/\/api.w.org\/{rel}","templated":true}]}}