{"id":21401,"date":"2022-07-22T07:35:14","date_gmt":"2022-07-22T05:35:14","guid":{"rendered":"https:\/\/smania.store\/fr\/?page_id=21401"},"modified":"2022-07-22T07:35:14","modified_gmt":"2022-07-22T05:35:14","slug":"slapuku-politika","status":"publish","type":"page","link":"https:\/\/smania.store\/lt\/slapuku-politika\/","title":{"rendered":"Slapuk\u0173 politika"},"content":{"rendered":"<div class=\"cli_pg_page_contaner\">\n<h3>Apie \u0161i\u0105 slapuk\u0173 politik\u0105<\/h3>\n<div>\u0160ioje slapuk\u0173 politikoje paai\u0161kinama, kas yra slapukai ir kaip juos naudojame, kokius slapuk\u0173 tipus naudojame, t. y. koki\u0105 informacij\u0105 renkame naudodami slapukus ir kaip \u0161i informacija naudojama, taip pat kaip valdyti slapuk\u0173 nuostatas. Daugiau informacijos apie tai, kaip naudojame, saugome ir saugome j\u016bs\u0173 asmens duomenis, rasite m\u016bs\u0173 privatumo politikoje.Savo sutikim\u0105 d\u0117l slapuk\u0173 naudojimo m\u016bs\u0173 svetain\u0117je galite bet kada pakeisti arba at\u0161aukti.Daugiau informacijos apie tai, kas mes esame, kaip galite su mumis susisiekti ir kaip tvarkome asmens duomenis, rasite m\u016bs\u0173 privatumo politikoje.J\u016bs\u0173 sutikimas taikomas \u0161iems domenams:\u00a0smania.store<div class=\"cli_user_consent_state\">J\u016bs\u0173 dabartin\u0117 b\u016bsena: Sutikimas neduotas. <a class=\"cli_manage_current_consent\" style=\"cursor:pointer;text-decoration:underline;\">Valdyti sutikimo nustatymus.<\/a> <\/div><\/div>\n<\/div>\n<div><\/div>\n<div><\/div>\n<div class=\"cli_pg_page_contaner\">\n<h3>Kas yra slapukai?<\/h3>\n<div>Slapukai &#8211; tai ma\u017ei tekstiniai failai, kuriuose saugoma nedidel\u0117 informacija. Jie i\u0161saugomi j\u016bs\u0173 \u012frenginyje, kai svetain\u0117 \u012fkeliama \u012f nar\u0161ykl\u0119. \u0160ie slapukai padeda mums u\u017etikrinti tinkam\u0105 svetain\u0117s veikim\u0105, padidinti jos saugum\u0105, u\u017etikrinti geresn\u0119 naudotoj\u0173 patirt\u012f, suprasti, kaip svetain\u0117 veikia, ir analizuoti, kas joje veikia ir kur j\u0105 reikia tobulinti.<\/div>\n<\/div>\n<div><\/div>\n<div><\/div>\n<div class=\"cli_pg_page_contaner\">\n<h3>Kaip naudojame slapukus?<\/h3>\n<div>Kaip ir dauguma internetini\u0173 paslaug\u0173, m\u016bs\u0173 svetain\u0117je \u012fvairiais tikslais naudojami pirmosios ir tre\u010diosios \u0161alies slapukai. Pirmosios \u0161alies slapukai da\u017eniausiai reikalingi, kad svetain\u0117 tinkamai veikt\u0173, ir nerenka joki\u0173 asmenini\u0173 duomen\u0173 apie jus. .M\u016bs\u0173 svetain\u0117je naudojami tre\u010di\u0173j\u0173 \u0161ali\u0173 slapukai daugiausia skirti suprasti, kaip veikia svetain\u0117, kaip s\u0105veikaujate su m\u016bs\u0173 svetaine, u\u017etikrinti m\u016bs\u0173 paslaug\u0173 saugum\u0105, pateikti jums aktuali\u0105 reklam\u0105 ir apskritai suteikti jums geresn\u0119 ir geresn\u0119 naudotojo patirt\u012f bei pad\u0117ti grei\u010diau naudotis m\u016bs\u0173 svetaine ateityje.<\/div>\n<\/div>\n<div><\/div>\n<div><\/div>\n<div class=\"cli_pg_page_contaner\">\n<h3>Kokius slapukus naudojame?<\/h3>\n<div><strong>B\u016btina:<\/strong> kai kurie slapukai yra b\u016btini, kad gal\u0117tum\u0117te naudotis visomis m\u016bs\u0173 svetain\u0117s funkcijomis. Jie leid\u017eia mums palaikyti naudotoj\u0173 sesijas ir u\u017ekirsti keli\u0105 bet kokioms saugumo gr\u0117sm\u0117ms. Jie nerenka ir nesaugo jokios asmenin\u0117s informacijos. Pavyzd\u017eiui, \u0161ie slapukai leid\u017eia jums prisijungti prie paskyros, \u012ftraukti prekes \u012f krep\u0161el\u012f ir saugiai atsiskaityti.<\/div>\n<div><\/div>\n<div><strong>Statistika:<\/strong> \u0161iuose slapukuose saugoma tokia informacija kaip svetain\u0117s lankytoj\u0173 skai\u010dius, unikali\u0173 lankytoj\u0173 skai\u010dius, aplankyti svetain\u0117s puslapiai, apsilankymo \u0161altinis ir kt. \u0160ie duomenys padeda mums suprasti ir analizuoti, kaip gerai veikia svetain\u0117 ir kur j\u0105 reikia tobulinti.<\/div>\n<div><\/div>\n<div><strong>Rinkodara:<\/strong> savo svetain\u0117je rodome reklamas. \u0160ie slapukai naudojami siekiant suasmeninti jums rodomus skelbimus, kad jie b\u016bt\u0173 jums aktual\u016bs. \u0160ie slapukai taip pat padeda mums steb\u0117ti \u0161i\u0173 reklamos kampanij\u0173 veiksmingum\u0105. \u0160iuose slapukuose saugom\u0105 informacij\u0105 taip pat gali naudoti tre\u010di\u0173j\u0173 \u0161ali\u0173 reklamos teik\u0117jai, kad j\u016bs\u0173 nar\u0161ykl\u0117je rodyt\u0173 skelbimus kitose svetain\u0117se.<\/div>\n<div><\/div>\n<div><strong>Funkciniai:<\/strong> tai slapukai, kurie padeda u\u017etikrinti tam tikras neesmines m\u016bs\u0173 svetain\u0117s funkcijas. \u0160ios funkcijos apima turinio, pvz., vaizdo \u012fra\u0161\u0173, \u012fterpim\u0105 arba dalijim\u0105si svetain\u0117s turiniu socialin\u0117s \u017einiasklaidos platformose.<\/div>\n<div><\/div>\n<div><strong>Nustatymai:<\/strong> \u0161ie slapukai padeda mums i\u0161saugoti j\u016bs\u0173 nustatymus ir nar\u0161ymo parinktis, pavyzd\u017eiui, kalbos parinktis, kad ateityje lankydamiesi svetain\u0117je gal\u0117tum\u0117te geriau ir efektyviau naudotis svetaine.Preferences: These cookies help us store your settings and browsing preferences like language preferences so that you have a better and efficient experience on future visits to the website.<\/div>\n<\/div>\n<div><\/div>\n<div><\/div>\n<div class=\"cli_pg_page_contaner\">\n<h3>Kaip valdyti slapuk\u0173 nuostatas?<\/h3>\n<div>Jei v\u0117liau nar\u0161ymo sesijos metu nuspr\u0119site pakeisti nuostatas, galite spustel\u0117ti &#8222;Privatumo ir slapuk\u0173 politika&#8221; skirtuk\u0105 ekrane. V\u0117l bus rodomas sutikimo prane\u0161imas, kuriame gal\u0117site pakeisti savo nuostatas arba visi\u0161kai at\u0161aukti sutikim\u0105.Be to, skirtingose nar\u0161ykl\u0117se pateikiami skirtingi b\u016bdai, kaip blokuoti ir i\u0161trinti svetaini\u0173 naudojamus slapukus. Galite pakeisti savo nar\u0161ykl\u0117s nustatymus, kad blokuotum\u0117te ir (arba) i\u0161trintum\u0117te slapukus. Daugiau informacijos, kaip valdyti ir i\u0161trinti slapukus, rasite svetain\u0117je wikipedia.org, www.allaboutcookies.org.<\/div>\n<\/div>\n","protected":false},"excerpt":{"rendered":"<p>Apie \u0161i\u0105 slapuk\u0173 politik\u0105 \u0160ioje slapuk\u0173 politikoje paai\u0161kinama, kas yra slapukai ir kaip juos naudojame, kokius slapuk\u0173 tipus naudojame, t. y. koki\u0105 informacij\u0105 renkame naudodami slapukus ir kaip \u0161i informacija naudojama, taip pat kaip valdyti slapuk\u0173 nuostatas. Daugiau informacijos apie tai, kaip naudojame, saugome ir saugome j\u016bs\u0173 asmens duomenis, rasite m\u016bs\u0173 privatumo politikoje.Savo sutikim\u0105 d\u0117l [&hellip;]<\/p>\n","protected":false},"author":1,"featured_media":0,"parent":0,"menu_order":0,"comment_status":"closed","ping_status":"closed","template":"","meta":[],"acf":[],"_links":{"self":[{"href":"https:\/\/smania.store\/lt\/wp-json\/wp\/v2\/pages\/21401"}],"collection":[{"href":"https:\/\/smania.store\/lt\/wp-json\/wp\/v2\/pages"}],"about":[{"href":"https:\/\/smania.store\/lt\/wp-json\/wp\/v2\/types\/page"}],"author":[{"embeddable":true,"href":"https:\/\/smania.store\/lt\/wp-json\/wp\/v2\/users\/1"}],"replies":[{"embeddable":true,"href":"https:\/\/smania.store\/lt\/wp-json\/wp\/v2\/comments?post=21401"}],"version-history":[{"count":2,"href":"https:\/\/smania.store\/lt\/wp-json\/wp\/v2\/pages\/21401\/revisions"}],"predecessor-version":[{"id":22396,"href":"https:\/\/smania.store\/lt\/wp-json\/wp\/v2\/pages\/21401\/revisions\/22396"}],"wp:attachment":[{"href":"https:\/\/smania.store\/lt\/wp-json\/wp\/v2\/media?parent=21401"}],"curies":[{"name":"wp","href":"https:\/\/api.w.org\/{rel}","templated":true}]}}